{"id":2776,"date":"2013-06-16T13:25:33","date_gmt":"2013-06-16T11:25:33","guid":{"rendered":"http:\/\/www.u2086112.fsdata.se\/?page_id=2776"},"modified":"2013-06-16T13:25:33","modified_gmt":"2013-06-16T11:25:33","slug":"klipparkivet-x","status":"publish","type":"page","link":"https:\/\/www.genealogi.net\/nova\/a-o\/klipparkivets-namnregister\/klipparkivet-x\/","title":{"rendered":"Klipparkivet X"},"content":{"rendered":"<p>H\u00e4r listas samtliga namn. F\u00f6r att se familjenotiserna beh\u00f6vs inloggning p\u00e5 medlemssidorna.<br \/>\n\t\u00a0<\/p>\n<p>Xanthopoylos<br \/>\n\tXenos&nbsp;&nbsp;(2) <br \/>\n\tXintaris<br \/>\n\tXuerep<\/p>\n","protected":false},"excerpt":{"rendered":"<p>H\u00e4r listas samtliga namn. F\u00f6r att se familjenotiserna beh\u00f6vs inloggning p\u00e5 medlemssidorna. \u00a0 Xanthopoylos Xenos&nbsp;&nbsp;(2) Xintaris Xuerep<\/p>\n","protected":false},"author":2,"featured_media":0,"parent":1856,"menu_order":0,"comment_status":"closed","ping_status":"closed","template":"","meta":{"footnotes":""},"class_list":["post-2776","page","type-page","status-publish"],"_links":{"self":[{"href":"https:\/\/www.genealogi.net\/nova\/wp-json\/wp\/v2\/pages\/2776","targetHints":{"allow":["GET"]}}],"collection":[{"href":"https:\/\/www.genealogi.net\/nova\/wp-json\/wp\/v2\/pages"}],"about":[{"href":"https:\/\/www.genealogi.net\/nova\/wp-json\/wp\/v2\/types\/page"}],"author":[{"embeddable":true,"href":"https:\/\/www.genealogi.net\/nova\/wp-json\/wp\/v2\/users\/2"}],"replies":[{"embeddable":true,"href":"https:\/\/www.genealogi.net\/nova\/wp-json\/wp\/v2\/comments?post=2776"}],"version-history":[{"count":0,"href":"https:\/\/www.genealogi.net\/nova\/wp-json\/wp\/v2\/pages\/2776\/revisions"}],"up":[{"embeddable":true,"href":"https:\/\/www.genealogi.net\/nova\/wp-json\/wp\/v2\/pages\/1856"}],"wp:attachment":[{"href":"https:\/\/www.genealogi.net\/nova\/wp-json\/wp\/v2\/media?parent=2776"}],"curies":[{"name":"wp","href":"https:\/\/api.w.org\/{rel}","templated":true}]}}