{"id":2778,"date":"2013-06-16T13:26:38","date_gmt":"2013-06-16T11:26:38","guid":{"rendered":"http:\/\/www.u2086112.fsdata.se\/?page_id=2778"},"modified":"2013-06-16T13:26:38","modified_gmt":"2013-06-16T11:26:38","slug":"klipparkivet-y","status":"publish","type":"page","link":"https:\/\/www.genealogi.net\/nova\/a-o\/klipparkivets-namnregister\/klipparkivet-y\/","title":{"rendered":"Klipparkivet Y"},"content":{"rendered":"<p>H\u00e4r listas samtliga namn. F\u00f6r att se familjenotiserna beh\u00f6vs inloggning p\u00e5 medlemssidorna.<\/p>\n<p>\tTIPS! Anv\u00e4nd din webbl\u00e4sare f\u00f6r att s\u00f6ka inom denna sida: S\u00f6krutan dyker i regel upp vid klick p\u00e5 knapparna ctrl + F.<\/p>\n<p>Yachnin<br \/>\n\tYachok<br \/>\n\tYacoubi<br \/>\n\tYaczi<br \/>\n\tYaetes<br \/>\n\tYakhlef<br \/>\n\tYakusi<br \/>\n\tYale<br \/>\n\tYamashita<br \/>\n\tYamazaki<br \/>\n\tYamba<br \/>\n\tYamdagni<br \/>\n\tYams<br \/>\n\tYan<br \/>\n\tYanacopoulos&nbsp;&nbsp;(2) <br \/>\n\tYanagizawa<br \/>\n\tYancey<br \/>\n\tYanes<br \/>\n\tYang<br \/>\n\tYanku<br \/>\n\tYannourakis<br \/>\n\tYantch<br \/>\n\tYao<br \/>\n\tYapicioglu<br \/>\n\tYard<br \/>\n\tYarden<br \/>\n\tYaregal<br \/>\n\tYarhi<br \/>\n\tYates<br \/>\n\tYau<br \/>\n\tYawis<br \/>\n\tYazar<br \/>\n\tYazdani<br \/>\n\tYazicioglu<br \/>\n\tYazid<br \/>\n\tYberg&nbsp;&nbsp;(2) <br \/>\n\tYbing<br \/>\n\tYbring&nbsp;&nbsp;(2) <br \/>\n\tYckenberg-von Yhlen<br \/>\n\tYckenberg-Yhlen<br \/>\n\tYckenberg-Ytterman<br \/>\n\tYckert&nbsp;&nbsp;(2) <br \/>\n\tYdefelt&nbsp;&nbsp;(2) <br \/>\n\tYdefjord<br \/>\n\tYdehag<br \/>\n\tYdeklew<br \/>\n\tYdell&nbsp;&nbsp;(2) <br \/>\n\tYdemar<br \/>\n\tYdemark<br \/>\n\tYden&nbsp;&nbsp;(5) <br \/>\n\tYderberg&nbsp;&nbsp;(2) <br \/>\n\tYderbo<br \/>\n\tYderborg<br \/>\n\tYderland<br \/>\n\tYderman<br \/>\n\tYderstam<br \/>\n\tYderstedt<br \/>\n\tYderstr\u00f6m&nbsp;&nbsp;(2) <br \/>\n\tYdeskog<br \/>\n\tYdestr\u00f6m<br \/>\n\tYdev\u00e5ng<br \/>\n\tYdfeldt<br \/>\n\tYdfors&nbsp;&nbsp;(2) <br \/>\n\tYdhage<br \/>\n\tYdling<br \/>\n\tYdman&nbsp;&nbsp;(2) <br \/>\n\tYdmark<br \/>\n\tYdner<br \/>\n\tYdrauw<br \/>\n\tYdre<br \/>\n\tYdreborg<br \/>\n\tYdrefors&nbsp;&nbsp;(2) <br \/>\n\tYdreg\u00e5rd&nbsp;&nbsp;(2) <br \/>\n\tYdrehed<br \/>\n\tYdremark&nbsp;&nbsp;(2) <br \/>\n\tYdren&nbsp;&nbsp;(2) <br \/>\n\tYdrestrand<br \/>\n\tYdrest\u00e5l<br \/>\n\tYdrevall<br \/>\n\tYdring&nbsp;&nbsp;(2) <br \/>\n\tYdringer&nbsp;&nbsp;(2) <br \/>\n\tYdstie<br \/>\n\tYdstr\u00f6m&nbsp;&nbsp;(4) <br \/>\n\tYeaman<br \/>\n\tYebes<br \/>\n\tYebio<br \/>\n\tYeh<br \/>\n\tYell<br \/>\n\tYeman<br \/>\n\tYeo<br \/>\n\tYeomans<br \/>\n\tYeow<br \/>\n\tYesberg<br \/>\n\tYesil<br \/>\n\tYetis<br \/>\n\tYetkin<br \/>\n\tYffsj\u00f6<br \/>\n\tYfver<br \/>\n\tYgberg&nbsp;&nbsp;(4) <br \/>\n\tYgb\u00e4ck<br \/>\n\tYgeman<br \/>\n\tYger<br \/>\n\tYgfors&nbsp;&nbsp;(2) <br \/>\n\tYgge&nbsp;&nbsp;(2) <br \/>\n\tYgger<br \/>\n\tYggeseth<br \/>\n\tYggesson&nbsp;&nbsp;(2) <br \/>\n\tYggmark&nbsp;&nbsp;(2) <br \/>\n\tYggstr\u00f6m&nbsp;&nbsp;(2) <br \/>\n\tYgland<br \/>\n\tYgman<br \/>\n\tYgstedt<br \/>\n\tYg\u00e5rd&nbsp;&nbsp;(2) <br \/>\n\tYhde<br \/>\n\tYhland&nbsp;&nbsp;(2) <br \/>\n\tYhlen&nbsp;&nbsp;(2) <br \/>\n\tYhlen-Ytterberg<br \/>\n\tYhlen-Ytterbom<br \/>\n\t\u00dchl\u00fc<br \/>\n\tYhnell&nbsp;&nbsp;(2) <br \/>\n\tYhr<br \/>\n\tYhrefors<br \/>\n\tYhrstr\u00f6m<br \/>\n\tYhrvall<br \/>\n\tYildirim<br \/>\n\tYildiz<br \/>\n\tYildizhan<br \/>\n\tYilma<br \/>\n\tYilmarz<br \/>\n\tYilmaz<br \/>\n\tYin<br \/>\n\tYing<br \/>\n\tYing Pong<br \/>\n\tYistinjoki<br \/>\n\t\u00dcksi<br \/>\n\tYlander&nbsp;&nbsp;(3) <br \/>\n\tYl\u00e9n<br \/>\n\tYli-Hy\u00f6v\u00e4lti<br \/>\n\tYli-L\u00e4ntt\u00e4<br \/>\n\tYli-S\u00e4ntti<br \/>\n\tYli-Tokola<br \/>\n\tYliaho<br \/>\n\tYliheikkil\u00e4<br \/>\n\tYlijoki<br \/>\n\tYlikelloniemi<br \/>\n\tYlikunnari<br \/>\n\tYliluoma<br \/>\n\tYlinen&nbsp;&nbsp;(2) <br \/>\n\tYlinenj\u00e4rvi<br \/>\n\tYliopolous<br \/>\n\tYlipertula<br \/>\n\tYlipukki<br \/>\n\tYlip\u00e4\u00e4&nbsp;&nbsp;(2) <br \/>\n\tYlisirkka<br \/>\n\tYlisuvanto<br \/>\n\tYlitalo<br \/>\n\tYlivaineo<br \/>\n\tYlivaino<br \/>\n\tYllander&nbsp;&nbsp;(2) <br \/>\n\tYll\u00e9n<br \/>\n\tYllert<br \/>\n\tYllfors&nbsp;&nbsp;(2) <br \/>\n\tYlling<br \/>\n\tYllman<br \/>\n\tYllmark<br \/>\n\tYllner&nbsp;&nbsp;(3) <br \/>\n\tYll\u00f6&nbsp;&nbsp;(2) <br \/>\n\tYlme&nbsp;&nbsp;(2) <br \/>\n\tYlve<br \/>\n\tYlv\u00e9n<br \/>\n\tYlvenius<br \/>\n\tYl\u00e4lahti<br \/>\n\tYl\u00e4nen&nbsp;&nbsp;(2) <br \/>\n\tYl\u00e4rakkola<br \/>\n\tYl\u00f6nen<br \/>\n\tYman&nbsp;&nbsp;(2) <br \/>\n\tYmell<br \/>\n\tYm\u00e9n<br \/>\n\tYmer&nbsp;&nbsp;(2) <br \/>\n\tYmerson<br \/>\n\tYmling<br \/>\n\tYmse<br \/>\n\tYmsj\u00f6<br \/>\n\tYndall<br \/>\n\tYndestad&nbsp;&nbsp;(2) <br \/>\n\tYng&nbsp;&nbsp;(2) <br \/>\n\tYngborn<br \/>\n\tYngb\u00e4ck<br \/>\n\tYngen<br \/>\n\tYngerskog<br \/>\n\tYngersten&nbsp;&nbsp;(2) <br \/>\n\tYngesj\u00f6<br \/>\n\tYngfalk&nbsp;&nbsp;(2) <br \/>\n\tYngfeldt<br \/>\n\tYngman<br \/>\n\tYngmark<br \/>\n\tYngmarsson<br \/>\n\tYngren<br \/>\n\tYngrot<br \/>\n\tYngstam<br \/>\n\tYngstedt&nbsp;&nbsp;(2) <br \/>\n\tYngstr\u00f6m&nbsp;&nbsp;(5) <br \/>\n\tYngvarson<br \/>\n\tYngve&nbsp;&nbsp;(5) <br \/>\n\tYngver<br \/>\n\tYngvesson&nbsp;&nbsp;(3) <br \/>\n\tYnner<br \/>\n\t\u00dcnsal<br \/>\n\tYockey<br \/>\n\tYoda<br \/>\n\tYogev<br \/>\n\tYogstam<br \/>\n\tYokomura<br \/>\n\tYokota<br \/>\n\tYommaganonth<br \/>\n\tYomsan<br \/>\n\tYondt<br \/>\n\tYonemura<br \/>\n\tYong-Bae<br \/>\n\tYongberg<br \/>\n\tYongqvist<br \/>\n\tYongvanichargorn<br \/>\n\tYonssef<br \/>\n\tYontune<br \/>\n\tYoo<br \/>\n\tYork<br \/>\n\tYorstone<br \/>\n\tYosefi&nbsp;&nbsp;(2) <br \/>\n\tYoshida<br \/>\n\tYoss<br \/>\n\tYoun<br \/>\n\tYoun\u00e9s<br \/>\n\tYoung&nbsp;&nbsp;(3) <br \/>\n\tYoungdahl<br \/>\n\tYourstone&nbsp;&nbsp;(3) <br \/>\n\tYous<br \/>\n\tYousef<br \/>\n\tYran<br \/>\n\tYrdahl<br \/>\n\tYreg\u00e5rd<br \/>\n\tYrg\u00e5rd&nbsp;&nbsp;(2) <br \/>\n\tYri<br \/>\n\tYrigoyen<br \/>\n\tYrj\u00f6l\u00e4<br \/>\n\tYrlid&nbsp;&nbsp;(2) <br \/>\n\tYrmark<br \/>\n\tYron<br \/>\n\tYrvefjord<br \/>\n\tYrvelid<br \/>\n\tYrwing&nbsp;&nbsp;(2) <br \/>\n\tYsander&nbsp;&nbsp;(3) <br \/>\n\tYsberg&nbsp;&nbsp;(2) <br \/>\n\tYsenius<br \/>\n\tYseus<br \/>\n\tYsner<br \/>\n\tYstad<br \/>\n\tYstr\u00f6m&nbsp;&nbsp;(2) <br \/>\n\tYtander&nbsp;&nbsp;(2) <br \/>\n\tYtreberg<br \/>\n\t\u00dctt<br \/>\n\tYtter&nbsp;&nbsp;(2) <br \/>\n\tYtterberg&nbsp;&nbsp;(9) <br \/>\n\tYtterberg-Yvon<br \/>\n\tYtterbom<br \/>\n\tYtterbom-Zaar<br \/>\n\tYtterbom-Zelander<br \/>\n\tYtterborg<br \/>\n\tYtterborn&nbsp;&nbsp;(3) <br \/>\n\tYtterbring&nbsp;&nbsp;(2) <br \/>\n\tYtterbrink&nbsp;&nbsp;(2) <br \/>\n\tYtterdahl<br \/>\n\tYtterdahl-Yxkull<br \/>\n\tytterell&nbsp;&nbsp;(2) <br \/>\n\tYtterfelt<br \/>\n\tYtterfors<br \/>\n\tYttergren&nbsp;&nbsp;(2) <br \/>\n\tYtterg\u00e5rd<br \/>\n\tYtterhag<br \/>\n\tYtterholm&nbsp;&nbsp;(3) <br \/>\n\tYtterlind<br \/>\n\tYttermalm&nbsp;&nbsp;(2) <br \/>\n\tYtterman&nbsp;&nbsp;(2) <br \/>\n\tYtterman-Zandelin<br \/>\n\tYttermark<br \/>\n\tYttermo&nbsp;&nbsp;(2) <br \/>\n\tYttermyr&nbsp;&nbsp;(2) <br \/>\n\tYttersj\u00f6<br \/>\n\tYtterskog<br \/>\n\tYtterstedt<br \/>\n\tYtterstrand&nbsp;&nbsp;(2) <br \/>\n\tYtterstr\u00f6m&nbsp;&nbsp;(2) <br \/>\n\tYttring<br \/>\n\tYu<br \/>\n\tYudego<br \/>\n\tYuder<br \/>\n\tYukawa<br \/>\n\tYung<br \/>\n\tYurek&nbsp;&nbsp;(2) <br \/>\n\tYuste<br \/>\n\tYvall<br \/>\n\tYvdal<br \/>\n\tYve&nbsp;&nbsp;(2) <br \/>\n\tYveborg&nbsp;&nbsp;(2) <br \/>\n\tYvedal<br \/>\n\tYver\u00e5s<br \/>\n\tYvesand<br \/>\n\tYving&nbsp;&nbsp;(2) <br \/>\n\tYvling<br \/>\n\tYw\u00e9n<br \/>\n\tYxberg<br \/>\n\tYxe<br \/>\n\tYx\u00e9rius<br \/>\n\tYxfeldt&nbsp;&nbsp;(3) <br \/>\n\tYxhammar<br \/>\n\tYxkull<br \/>\n\tYxne&nbsp;&nbsp;(2) <br \/>\n\tYxner<br \/>\n\tYxvall<br \/>\n\tY\u00fccel<br \/>\n\tY\u00fcksel<br \/>\n\t\u00dc\u00fcrike&nbsp;&nbsp;(2)<\/p>\n","protected":false},"excerpt":{"rendered":"<p>H\u00e4r listas samtliga namn. F\u00f6r att se familjenotiserna beh\u00f6vs inloggning p\u00e5 medlemssidorna. TIPS! Anv\u00e4nd din webbl\u00e4sare f\u00f6r att s\u00f6ka inom denna sida: S\u00f6krutan dyker i regel upp vid klick p\u00e5 knapparna ctrl + F. Yachnin Yachok Yacoubi Yaczi Yaetes Yakhlef Yakusi Yale Yamashita Yamazaki Yamba Yamdagni Yams Yan Yanacopoulos&nbsp;&nbsp;(2) Yanagizawa Yancey Yanes Yang Yanku Yannourakis &#8230; <a title=\"Klipparkivet Y\" class=\"read-more\" href=\"https:\/\/www.genealogi.net\/nova\/a-o\/klipparkivets-namnregister\/klipparkivet-y\/\" aria-label=\"L\u00e4s mer om Klipparkivet Y\">L\u00e4s mer<\/a><\/p>\n","protected":false},"author":2,"featured_media":0,"parent":1856,"menu_order":0,"comment_status":"closed","ping_status":"closed","template":"","meta":{"footnotes":""},"class_list":["post-2778","page","type-page","status-publish"],"_links":{"self":[{"href":"https:\/\/www.genealogi.net\/nova\/wp-json\/wp\/v2\/pages\/2778","targetHints":{"allow":["GET"]}}],"collection":[{"href":"https:\/\/www.genealogi.net\/nova\/wp-json\/wp\/v2\/pages"}],"about":[{"href":"https:\/\/www.genealogi.net\/nova\/wp-json\/wp\/v2\/types\/page"}],"author":[{"embeddable":true,"href":"https:\/\/www.genealogi.net\/nova\/wp-json\/wp\/v2\/users\/2"}],"replies":[{"embeddable":true,"href":"https:\/\/www.genealogi.net\/nova\/wp-json\/wp\/v2\/comments?post=2778"}],"version-history":[{"count":0,"href":"https:\/\/www.genealogi.net\/nova\/wp-json\/wp\/v2\/pages\/2778\/revisions"}],"up":[{"embeddable":true,"href":"https:\/\/www.genealogi.net\/nova\/wp-json\/wp\/v2\/pages\/1856"}],"wp:attachment":[{"href":"https:\/\/www.genealogi.net\/nova\/wp-json\/wp\/v2\/media?parent=2778"}],"curies":[{"name":"wp","href":"https:\/\/api.w.org\/{rel}","templated":true}]}}