{"id":2781,"date":"2013-06-16T13:27:48","date_gmt":"2013-06-16T11:27:48","guid":{"rendered":"http:\/\/www.u2086112.fsdata.se\/?page_id=2781"},"modified":"2013-06-16T13:27:48","modified_gmt":"2013-06-16T11:27:48","slug":"klipparkivet-z","status":"publish","type":"page","link":"https:\/\/www.genealogi.net\/nova\/a-o\/klipparkivets-namnregister\/klipparkivet-z\/","title":{"rendered":"Klipparkivet Z"},"content":{"rendered":"<p>H\u00e4r listas samtliga namn. F\u00f6r att se familjenotiserna beh\u00f6vs inloggning p\u00e5 medlemssidorna.<\/p>\n<p>\tTIPS! Anv\u00e4nd din webbl\u00e4sare f\u00f6r att s\u00f6ka inom denna sida: S\u00f6krutan dyker i regel upp vid klick p\u00e5 knapparna ctrl + F.<\/p>\n<p>Z, diverse&nbsp;&nbsp;(3) <br \/>\n\tZaabi<br \/>\n\tZaar&nbsp;&nbsp;(7) <br \/>\n\tZaar-Zachrisson<br \/>\n\tZaar-Zakrisson<br \/>\n\tZaar-Zetterberg<br \/>\n\tZabala<br \/>\n\tZabel<br \/>\n\tZabell<br \/>\n\tZablocki<br \/>\n\tZabrodsky<br \/>\n\tZacc<br \/>\n\tZaccheo<br \/>\n\tZacco&nbsp;&nbsp;(4) <br \/>\n\tZacconi<br \/>\n\tZacharek<br \/>\n\tZachari<br \/>\n\tZacharias&nbsp;&nbsp;(4) <br \/>\n\tZachariason<br \/>\n\tZachariassen&nbsp;&nbsp;(2) <br \/>\n\tZacharioudakis<br \/>\n\tZacharoff&nbsp;&nbsp;(2) <br \/>\n\tZacharski<br \/>\n\tZachau&nbsp;&nbsp;(4) <br \/>\n\tZachen&nbsp;&nbsp;(2) <br \/>\n\tZacheuson&nbsp;&nbsp;(2) <br \/>\n\tZacho&nbsp;&nbsp;(2) <br \/>\n\tZachriassen<br \/>\n\tZachris<br \/>\n\tZachrisson&nbsp;&nbsp;(39) <br \/>\n\tZachrisson-Zander<br \/>\n\tZachritz<br \/>\n\tZackari&nbsp;&nbsp;(2) <br \/>\n\tZackariassen<br \/>\n\tZackariasson<br \/>\n\tZackau&nbsp;&nbsp;(2) <br \/>\n\tZacke&nbsp;&nbsp;(2) <br \/>\n\tZacken<br \/>\n\tZacker<br \/>\n\tZackhed<br \/>\n\tZackow<br \/>\n\tZackrisson&nbsp;&nbsp;(2) <br \/>\n\tZade&nbsp;&nbsp;(2) <br \/>\n\tZadhe<br \/>\n\tZadig&nbsp;&nbsp;(4) <br \/>\n\tZadik<br \/>\n\tZadler&nbsp;&nbsp;(2) <br \/>\n\tZador<br \/>\n\tZadruzny<br \/>\n\tZaepfel<br \/>\n\tZafe<br \/>\n\tZaff<br \/>\n\tZaffner<br \/>\n\tZafiroglu<br \/>\n\tZagadou<br \/>\n\tZagerholm<br \/>\n\tZaghloul<br \/>\n\tZagler<br \/>\n\tZagon<br \/>\n\tZagorski<br \/>\n\tZaharah<br \/>\n\tZahariadis<br \/>\n\tZahedi, Zawadzki, Zapata, Zban, Zeid al Hussein, Zlatin, Zoghbi<br \/>\n\tZahl<br \/>\n\tZahl-Berg<br \/>\n\tZahlander<br \/>\n\tZahle<br \/>\n\tZahlen&nbsp;&nbsp;(2) <br \/>\n\tZahn&nbsp;&nbsp;(2) <br \/>\n\tZahorska<br \/>\n\tZahr&nbsp;&nbsp;(2) <br \/>\n\tZahradnik<br \/>\n\tZahran<br \/>\n\tZai<br \/>\n\tZaidel<br \/>\n\tZaidi<br \/>\n\tZaika<br \/>\n\tZaine&nbsp;&nbsp;(2) <br \/>\n\tZaino<br \/>\n\tZaitoon<br \/>\n\tZaitoun<br \/>\n\tZaitzewsky<br \/>\n\tZajaczkowski<br \/>\n\tZajadinov<br \/>\n\tZajd<br \/>\n\tZajicek&nbsp;&nbsp;(2) <br \/>\n\tZak&nbsp;&nbsp;(2) <br \/>\n\tZakardissnehf<br \/>\n\tZakariasen<br \/>\n\tZakerov<br \/>\n\tZakeusson&nbsp;&nbsp;(2) <br \/>\n\tZakhour<br \/>\n\tZakolski<br \/>\n\tZakrisson&nbsp;&nbsp;(2) <br \/>\n\tZalamans<br \/>\n\tZalatis<br \/>\n\tZalbo<br \/>\n\tZalcmanis<br \/>\n\tZale<br \/>\n\tZalenski<br \/>\n\tZaleska<br \/>\n\tZalic<br \/>\n\tZalila<br \/>\n\tZalinski<br \/>\n\tZalitis<br \/>\n\tZall&nbsp;&nbsp;(2) <br \/>\n\tZallhagen<br \/>\n\tZallin<br \/>\n\tZaluha<br \/>\n\tZaluska<br \/>\n\tZaman<br \/>\n\tZamani<br \/>\n\tZamantha<br \/>\n\tZambon<br \/>\n\tZamel<br \/>\n\tZamelius-Zandt<br \/>\n\tZammert<br \/>\n\tZamora<br \/>\n\tZamore&nbsp;&nbsp;(2) <br \/>\n\tZampoukos<br \/>\n\tZamuhl<br \/>\n\tZan&nbsp;&nbsp;(2) <br \/>\n\tZanasi<br \/>\n\tZancow&nbsp;&nbsp;(2) <br \/>\n\tZandberg<br \/>\n\tZandbergs<br \/>\n\tZande&nbsp;&nbsp;(2) <br \/>\n\tZandelin&nbsp;&nbsp;(2) <br \/>\n\tZandell&nbsp;&nbsp;(2) <br \/>\n\tZandels<br \/>\n\tZanden&nbsp;&nbsp;(5) <br \/>\n\tZander&nbsp;&nbsp;(19) <br \/>\n\tZander-Zedritz<br \/>\n\tZander-Zegolstr\u00f6m<br \/>\n\tZanderholm&nbsp;&nbsp;(2) <br \/>\n\tZanders&nbsp;&nbsp;(2) <br \/>\n\tZandes<br \/>\n\tZandieh<br \/>\n\tZandier<br \/>\n\tZandin&nbsp;&nbsp;(2) <br \/>\n\tZandler&nbsp;&nbsp;(2) <br \/>\n\tZandren&nbsp;&nbsp;(4) <br \/>\n\tZandstr\u00f6m<br \/>\n\tZandt-Zegollstr\u00f6m<br \/>\n\tZandvliet<br \/>\n\tZanetta<br \/>\n\tZangelin<br \/>\n\tZangerl<br \/>\n\tZani<br \/>\n\tZanichelli<br \/>\n\tZanini<br \/>\n\tZanni<br \/>\n\tZanoni&nbsp;&nbsp;(3) <br \/>\n\tZanteson<br \/>\n\tZanton&nbsp;&nbsp;(2) <br \/>\n\tZantouli<br \/>\n\tZapala<br \/>\n\tZapaua<br \/>\n\tZaphf<br \/>\n\tZapp<br \/>\n\tZaralis<br \/>\n\tZaramella<br \/>\n\tZarb<br \/>\n\tZardini<br \/>\n\tZarelius&nbsp;&nbsp;(2) <br \/>\n\tZaremba<br \/>\n\tZaren<br \/>\n\tZargar<br \/>\n\tZaric<br \/>\n\tZarifi<br \/>\n\tZaring&nbsp;&nbsp;(2) <br \/>\n\tZarins<br \/>\n\tZarmen&nbsp;&nbsp;(2) <br \/>\n\tZarouki<br \/>\n\tZarowiecka<br \/>\n\tZars<br \/>\n\tZartman<br \/>\n\tZasada<br \/>\n\tZastavnikovich<br \/>\n\tZastrov<br \/>\n\tZaucha<br \/>\n\tZaudy&nbsp;&nbsp;(2) <br \/>\n\tZaugg<br \/>\n\tZaunders&nbsp;&nbsp;(2) <br \/>\n\tZauners<br \/>\n\tZaunschirm<br \/>\n\tZavalis<br \/>\n\tZavodni<br \/>\n\tZawada<br \/>\n\tZawadzki<br \/>\n\tZawierta<br \/>\n\tZayane<br \/>\n\tZayed<br \/>\n\tZazzi&nbsp;&nbsp;(2) <br \/>\n\tZazzo se p\u00e4rm Dennel-Di\u00f6s<br \/>\n\tZbacnik<br \/>\n\tZbikowski<br \/>\n\tZbinden<br \/>\n\tZbyszek<br \/>\n\tZdansky&nbsp;&nbsp;(2) <br \/>\n\tZdebel<br \/>\n\tZdolsek&nbsp;&nbsp;(2) <br \/>\n\tZdravkovic<br \/>\n\tZdrojewski<br \/>\n\tZdrzalka<br \/>\n\tZeal&nbsp;&nbsp;(2) <br \/>\n\tZeberg&nbsp;&nbsp;(2) <br \/>\n\tZebergs<br \/>\n\tZeberio<br \/>\n\tZebrowski<br \/>\n\tZeb\u00fchr<br \/>\n\tZeccagno<br \/>\n\tZecevic<br \/>\n\tZech<br \/>\n\tZechner<br \/>\n\tZechow<br \/>\n\tZedeler<br \/>\n\tZedell<br \/>\n\tZedendahl&nbsp;&nbsp;(2) <br \/>\n\tZedenius&nbsp;&nbsp;(2) <br \/>\n\tZeder<br \/>\n\tZederfeldt&nbsp;&nbsp;(2) <br \/>\n\tZederin<br \/>\n\tZederman&nbsp;&nbsp;(2) <br \/>\n\tZederroth&nbsp;&nbsp;(2) <br \/>\n\tZedig&nbsp;&nbsp;(3) <br \/>\n\tZedner&nbsp;&nbsp;(2) <br \/>\n\tZednicek<br \/>\n\tZedolin<br \/>\n\tZedolins<br \/>\n\tZedren&nbsp;&nbsp;(2) <br \/>\n\tZedritz<br \/>\n\tZeegers&nbsp;&nbsp;(2) <br \/>\n\tZeeh<br \/>\n\tZeelau<br \/>\n\tZeeman&nbsp;&nbsp;(2) <br \/>\n\tZeeuw<br \/>\n\tZeffer&nbsp;&nbsp;(2) <br \/>\n\tZefferin<br \/>\n\tZeghachou<br \/>\n\tZegolestr\u00f6m-Zellroth<br \/>\n\tZegolstr\u00f6m-Zelling<br \/>\n\tZegstedt-Zellinger<br \/>\n\tZehden<br \/>\n\tZehlen<br \/>\n\tZehlin<br \/>\n\tZeid al Hussein<br \/>\n\tZeidan<br \/>\n\tZeider<br \/>\n\tZeidler&nbsp;&nbsp;(2) <br \/>\n\tZeidlitz&nbsp;&nbsp;(3) <br \/>\n\tZeijlitz<br \/>\n\tZeijlon<br \/>\n\tZeile<br \/>\n\tZeilich-Jensen<br \/>\n\tZeilon&nbsp;&nbsp;(2) <br \/>\n\tZeiloth<br \/>\n\tZeime&nbsp;&nbsp;(2) <br \/>\n\tZeiner&nbsp;&nbsp;(2) <br \/>\n\tZeinetz<br \/>\n\tZeininger<br \/>\n\tZeinitzer<br \/>\n\tZeinoff<br \/>\n\tZeinow&nbsp;&nbsp;(2) <br \/>\n\tZeinwoldt&nbsp;&nbsp;(2) <br \/>\n\tZeipel&nbsp;&nbsp;(3) <br \/>\n\tZeisig&nbsp;&nbsp;(2) <br \/>\n\tZeising<br \/>\n\tZeisler<br \/>\n\tZeitler<br \/>\n\tZeitlin<br \/>\n\tZeitz&nbsp;&nbsp;(2) <br \/>\n\tZekeli&nbsp;&nbsp;(2) <br \/>\n\tZekovic<br \/>\n\tZelahn<br \/>\n\tZel\u00e1n<br \/>\n\tZeland&nbsp;&nbsp;(2) <br \/>\n\tZelander&nbsp;&nbsp;(2) <br \/>\n\tZelander-Zethraeus<br \/>\n\tZelano<br \/>\n\tZelassi<br \/>\n\tZelazny<br \/>\n\tZelechowska<br \/>\n\tZelei<br \/>\n\tZel\u00e9n<br \/>\n\tZelen se Zellen<br \/>\n\tZel\u00e9n-Zettergren<br \/>\n\tZelenskij<br \/>\n\tZeleznik<br \/>\n\tZelezny&nbsp;&nbsp;(2) <br \/>\n\tZeliath<br \/>\n\tZelicki<br \/>\n\tZelig<br \/>\n\tZelin<br \/>\n\tZell&nbsp;&nbsp;(4) <br \/>\n\tZellander<br \/>\n\tZellen&nbsp;&nbsp;(4) <br \/>\n\tZeller&nbsp;&nbsp;(2) <br \/>\n\tZelleroth&nbsp;&nbsp;(2) <br \/>\n\tZellhann<br \/>\n\tZellin<br \/>\n\tZelling<br \/>\n\tZellinger<br \/>\n\tZellinger-Zethrin<br \/>\n\tZellinger-Zethr\u00e4us<br \/>\n\tZellman&nbsp;&nbsp;(2) <br \/>\n\tZellmani&nbsp;&nbsp;(2) <br \/>\n\tZellner<br \/>\n\tZelm-Zethelius<br \/>\n\tZelmerl\u00f6w&nbsp;&nbsp;(2) <br \/>\n\tZelmin<br \/>\n\tZels<br \/>\n\tZeltzer<br \/>\n\tZeman<br \/>\n\tZemella<br \/>\n\tZemgals<br \/>\n\tZemitis<br \/>\n\tZempliner<br \/>\n\tZemzemi<br \/>\n\tZen<br \/>\n\tZengals<br \/>\n\tZenk&nbsp;&nbsp;(2) <br \/>\n\tZenker&nbsp;&nbsp;(2) <br \/>\n\tZenkert<br \/>\n\tZennstr\u00f6m&nbsp;&nbsp;(3) <br \/>\n\tZenowiez<br \/>\n\tZentai<br \/>\n\tZentar<br \/>\n\tZentio&nbsp;&nbsp;(2) <br \/>\n\tZenz<br \/>\n\tZenzen&nbsp;&nbsp;(2) <br \/>\n\tZepeda<br \/>\n\tZepht&nbsp;&nbsp;(2) <br \/>\n\tZeplichal<br \/>\n\tZeplien<br \/>\n\tZeppezauer<br \/>\n\tZerabruk<br \/>\n\tZerahn<br \/>\n\tZere<br \/>\n\tZereba<br \/>\n\tZerge<br \/>\n\tZerling&nbsp;&nbsp;(2) <br \/>\n\tZerman<br \/>\n\tZermerl\u00f6v<br \/>\n\tZern<br \/>\n\tZerne<br \/>\n\tZernell&nbsp;&nbsp;(2) <br \/>\n\tZernisson<br \/>\n\tZernjawsky<br \/>\n\tZernotsky<br \/>\n\tZerpe&nbsp;&nbsp;(2) <br \/>\n\tZerrander<br \/>\n\tZervens<br \/>\n\tZervos<br \/>\n\tZerykier<br \/>\n\tZesch<br \/>\n\tZester<br \/>\n\tZethelius&nbsp;&nbsp;(7) <br \/>\n\tZethelius-Zetherstr\u00f6m<br \/>\n\tZetherlund&nbsp;&nbsp;(2) <br \/>\n\tZetherstr\u00f6m&nbsp;&nbsp;(2) <br \/>\n\tZetherstr\u00f6m-Zethrin<br \/>\n\tZethner<br \/>\n\tZethnon<br \/>\n\tZethraeus&nbsp;&nbsp;(5) <br \/>\n\tZethraeus-Zetterlund<br \/>\n\tZethrelius<br \/>\n\tZethrin&nbsp;&nbsp;(3) <br \/>\n\tZethrin-Zetterberg<br \/>\n\tZethr\u00e4us&nbsp;&nbsp;(4) <br \/>\n\tZethson&nbsp;&nbsp;(3) <br \/>\n\tZetreus<br \/>\n\tZetterbaum-Zetterberg<br \/>\n\tZetterbeck<br \/>\n\tZetterberg&nbsp;&nbsp;(44) <br \/>\n\tZetterberg-Zetterblom<br \/>\n\tZetterberg-Zettergren<br \/>\n\tZetterberg-Zetterman<br \/>\n\tZetterblad&nbsp;&nbsp;(2) <br \/>\n\tZetterblom&nbsp;&nbsp;(2) <br \/>\n\tZetterblom-Zetterin<br \/>\n\tZetterbom<br \/>\n\tZetterdahl&nbsp;&nbsp;(2) <br \/>\n\tZetterfeldt&nbsp;&nbsp;(2) <br \/>\n\tZettergard<br \/>\n\tZettergren&nbsp;&nbsp;(13) <br \/>\n\tZettergren-Zimmerman<br \/>\n\tZetterholm&nbsp;&nbsp;(6) <br \/>\n\tZetterholm-Zetterman<br \/>\n\tZetterin-Zetterman<br \/>\n\tZetterkvist<br \/>\n\tZetterlind&nbsp;&nbsp;(2) <br \/>\n\tZetterling&nbsp;&nbsp;(3) <br \/>\n\tZetterlund&nbsp;&nbsp;(26) <br \/>\n\tZetterl\u00f6f<br \/>\n\tZetterman&nbsp;&nbsp;(10) <br \/>\n\tZetterman-Zettersten&nbsp;&nbsp;(2) <br \/>\n\tZetterman-Zetterwall<br \/>\n\tZetterman-Zickerman<br \/>\n\tZetterman-\u00c5berg<br \/>\n\tZettermarck&nbsp;&nbsp;(2) <br \/>\n\tZetterqvist&nbsp;&nbsp;(21) <br \/>\n\tZetterstad<br \/>\n\tZetterstam<br \/>\n\tZetterstedt&nbsp;&nbsp;(4) <br \/>\n\tZettersten&nbsp;&nbsp;(4) <br \/>\n\tZettersten-Zetterstr\u00f6m&nbsp;&nbsp;(2) <br \/>\n\tZetterstrand&nbsp;&nbsp;(5) <br \/>\n\tZetterstr\u00f6m&nbsp;&nbsp;(30) <br \/>\n\tZetterstr\u00f6m-Zetzell<br \/>\n\tZetterstr\u00f6m-Ziebeth<br \/>\n\tZettervall&nbsp;&nbsp;(7) <br \/>\n\tZettervall-Ziegler<br \/>\n\tZettl<br \/>\n\tZettmar<br \/>\n\tZettqvist<br \/>\n\tZetzell-Ziegler<br \/>\n\tZeuchner<br \/>\n\tZeule<br \/>\n\tZeuthen&nbsp;&nbsp;(2) <br \/>\n\tZevenhek<br \/>\n\tZevgren<br \/>\n\tZewede<br \/>\n\tZewoldi<br \/>\n\tZeybrandt&nbsp;&nbsp;(2) <br \/>\n\tZeylon<br \/>\n\tZe\u00fcloth<br \/>\n\tZezula<br \/>\n\tZezzler<br \/>\n\tZgaia<br \/>\n\tZhanal<br \/>\n\tZhirkovich<br \/>\n\tZiakris&nbsp;&nbsp;(2) <br \/>\n\tZibb<br \/>\n\tZibell&nbsp;&nbsp;(2) <br \/>\n\tZibet<br \/>\n\tZibet-Sandberg<br \/>\n\tZibung<br \/>\n\tZick<br \/>\n\tZickerman&nbsp;&nbsp;(3) <br \/>\n\tZickerman-\u00c5berg<br \/>\n\tZickert<br \/>\n\tZiden&nbsp;&nbsp;(2) <br \/>\n\tZiebeck<br \/>\n\tZiebeth-Zimmerman<br \/>\n\tZiebler<br \/>\n\tZieden&nbsp;&nbsp;(2) <br \/>\n\tZiedner<br \/>\n\tZiedorn<br \/>\n\tZiefvert&nbsp;&nbsp;(2) <br \/>\n\tZiegel<br \/>\n\tZieger&nbsp;&nbsp;(2) <br \/>\n\tZiegher<br \/>\n\tZiegler&nbsp;&nbsp;(3) <br \/>\n\tZiegler-Ziervogel<br \/>\n\tZiegler-Zimmerman<br \/>\n\tZiegner<br \/>\n\tZiehtl<br \/>\n\tZielewiez<br \/>\n\tZielfeldt<br \/>\n\tZielfelt&nbsp;&nbsp;(3) <br \/>\n\tZielinska<br \/>\n\tZielke<br \/>\n\tZielony<br \/>\n\tZielsdorff<br \/>\n\tZiemann&nbsp;&nbsp;(2) <br \/>\n\tZiemelis<br \/>\n\tZienkiewicz<br \/>\n\tZier<br \/>\n\tZierer<br \/>\n\tZiervogel-Zimmerman<br \/>\n\tZiesemer<br \/>\n\tZiesnitz&nbsp;&nbsp;(2) <br \/>\n\tZietyemann<br \/>\n\tZignell<br \/>\n\tZigonikis<br \/>\n\tZiheri<br \/>\n\tZijlmans<br \/>\n\tZika&nbsp;&nbsp;(2) <br \/>\n\tZike\u00e9n<br \/>\n\tZilen<br \/>\n\tZilg&nbsp;&nbsp;(2) <br \/>\n\tZiliaskoudis<br \/>\n\tZilinska<br \/>\n\tZill\u00e9n<br \/>\n\tZillental<br \/>\n\tZilliacus&nbsp;&nbsp;(2) <br \/>\n\tZilling<br \/>\n\tZilmanis<br \/>\n\tZilo<br \/>\n\tZilverstein<br \/>\n\tZilves<br \/>\n\tZilvestris<br \/>\n\tZilzer<br \/>\n\tZima<br \/>\n\tZimander<br \/>\n\tZimdahl<br \/>\n\tZimdal<br \/>\n\tZiment<br \/>\n\tZimerson<br \/>\n\tZimkas<br \/>\n\tZimmer&nbsp;&nbsp;(2) <br \/>\n\tZimmerdahl&nbsp;&nbsp;(2) <br \/>\n\tZimmergren<br \/>\n\tZimmerling<br \/>\n\tZimmerlund&nbsp;&nbsp;(2) <br \/>\n\tZimmerman&nbsp;&nbsp;(10) <br \/>\n\tZimmerman-von Zweibergh<br \/>\n\tZimmerman-Zimmerman<br \/>\n\tZimmerman-Zinert<br \/>\n\tZimmerstedt-Z\u00e4ther<br \/>\n\tZims<br \/>\n\tZinderland<br \/>\n\tZinders<br \/>\n\tZinelli<br \/>\n\tZingaretti<br \/>\n\tZingerman<br \/>\n\tZingerman-Zweigbergk<br \/>\n\tZingmark&nbsp;&nbsp;(4) <br \/>\n\tZini<br \/>\n\tZink&nbsp;&nbsp;(2) <br \/>\n\tZinn&nbsp;&nbsp;(2) <br \/>\n\tZinner<br \/>\n\tZinnerstr\u00f6m&nbsp;&nbsp;(2) <br \/>\n\tZino<br \/>\n\tZinovieff<br \/>\n\tZins<br \/>\n\tZinterhof&nbsp;&nbsp;(2) <br \/>\n\tZinthauer<br \/>\n\tZiobro<br \/>\n\tZiouton<br \/>\n\tZipfel<br \/>\n\tZiplies<br \/>\n\tZippari<br \/>\n\tZippert<br \/>\n\tZirath<br \/>\n\tZirdzins<br \/>\n\tZir\u00e9n<br \/>\n\tZirk<br \/>\n\tZirkenbach&nbsp;&nbsp;(2) <br \/>\n\tZirnis<br \/>\n\tZita&nbsp;&nbsp;(2) <br \/>\n\tZitek<br \/>\n\tZitins<br \/>\n\tZitman<br \/>\n\tZitting<br \/>\n\tZitz<br \/>\n\tZivanovic<br \/>\n\tZiverts&nbsp;&nbsp;(2) <br \/>\n\tZivkovic<br \/>\n\tZivojinovic<br \/>\n\tZjakinbajeva<br \/>\n\tZlamal<br \/>\n\tZlatanovic<br \/>\n\tZlotnik<br \/>\n\tZmuda<br \/>\n\tZoaretz<br \/>\n\tZobal<br \/>\n\tZobedat<br \/>\n\tZobel<br \/>\n\tZobell<br \/>\n\tZocherman<br \/>\n\tZoega&nbsp;&nbsp;(2) <br \/>\n\tZoetterman<br \/>\n\tZoghbi<br \/>\n\tZografakis<br \/>\n\tZohn<br \/>\n\tZoilus<br \/>\n\tZois<br \/>\n\tZola&nbsp;&nbsp;(2) <br \/>\n\tZoldan<br \/>\n\tZolfaghar<br \/>\n\tZolki<br \/>\n\tZolland<br \/>\n\tZollner<br \/>\n\tZollo<br \/>\n\tZolnir&nbsp;&nbsp;(2) <br \/>\n\tZoltan<br \/>\n\tZomborcsevics<br \/>\n\tZombory<br \/>\n\tZommarin<br \/>\n\tZonabend<br \/>\n\tZonander<br \/>\n\tZonander-Lundstr\u00f6m<br \/>\n\tZonnander<br \/>\n\tZons<br \/>\n\tZorassa<br \/>\n\tZoric<br \/>\n\tZorn&nbsp;&nbsp;(2) <br \/>\n\tZorski<br \/>\n\tZorzet<br \/>\n\tZotterman&nbsp;&nbsp;(5) <br \/>\n\tZouaoui<br \/>\n\tZoubkoff&nbsp;&nbsp;(2) <br \/>\n\tZouboulis<br \/>\n\tZoukatas<br \/>\n\tZoumanian<br \/>\n\tZoumer<br \/>\n\tZoyak<br \/>\n\tZreloff<br \/>\n\tZryd<br \/>\n\tZsabka<br \/>\n\tZschiedrich<br \/>\n\tZsch\u00fcttig<br \/>\n\tZseb\u00f6<br \/>\n\tZsiga<br \/>\n\tZsigmond<br \/>\n\tZsolt<br \/>\n\tZsupos<br \/>\n\tZsuppan<br \/>\n\tZsurbej<br \/>\n\tZsurzs<br \/>\n\tZuber<br \/>\n\tZuberi<br \/>\n\tZubetz<br \/>\n\tZubicky&nbsp;&nbsp;(2) <br \/>\n\tZuccala<br \/>\n\tZucconi Mazzini<br \/>\n\tZucker&nbsp;&nbsp;(2) <br \/>\n\tZuckerkopf<br \/>\n\tZuckerman&nbsp;&nbsp;(2) <br \/>\n\tZufferey<br \/>\n\tZug<br \/>\n\tZuhr&nbsp;&nbsp;(3) <br \/>\n\tZuiderveld<br \/>\n\tZukerman<br \/>\n\tZukowski<br \/>\n\tZulauf<br \/>\n\tZuleger<br \/>\n\tZune<br \/>\n\tZuniga<br \/>\n\tZunino&nbsp;&nbsp;(2) <br \/>\n\tZupan<br \/>\n\tZupanc&nbsp;&nbsp;(2) <br \/>\n\tZupanic<br \/>\n\tZurita<br \/>\n\tZurm\u00fchle<br \/>\n\tZvantesson<br \/>\n\tZvedberg<br \/>\n\tZvejnieks<br \/>\n\tZwahlem<br \/>\n\tZwahlen<br \/>\n\tZwantesson<br \/>\n\tZwartbol<br \/>\n\tZwartkruis<br \/>\n\tZwedberg<br \/>\n\tZwehl<br \/>\n\tZweibergk von-\u00c5berg<br \/>\n\tZweig<br \/>\n\tZweigbergk&nbsp;&nbsp;(20) <br \/>\n\tZweigbergk-\u00c5berg<br \/>\n\tZweipel<br \/>\n\tZwejnicks<br \/>\n\tZwemer<br \/>\n\tZwerling<br \/>\n\tZwetsloot<br \/>\n\tZweygberg<br \/>\n\tZwillinger<br \/>\n\tZwirner<br \/>\n\tZwolinski<br \/>\n\tZwoll&nbsp;&nbsp;(2) <br \/>\n\tZybell<br \/>\n\tZ\u00fcblin<br \/>\n\tZych<br \/>\n\tZ\u00fcchner<br \/>\n\tZycman<br \/>\n\tZ\u00fcdoff<br \/>\n\tZ\u00fcge<br \/>\n\tZygelbaum<br \/>\n\tZygmunt&nbsp;&nbsp;(2) <br \/>\n\tZylberberg<br \/>\n\tZylbering<br \/>\n\tZylberstein<br \/>\n\tZylberszac<br \/>\n\tZylberztein<br \/>\n\tZylverberg<br \/>\n\tZyndram<br \/>\n\tZ\u00fcrcher&nbsp;&nbsp;(2) <br \/>\n\tZytkiewicz<br \/>\n\tZyto<br \/>\n\tZytomierski<br \/>\n\tZyzynski<br \/>\n\tZ\u00e4ll&nbsp;&nbsp;(3) <br \/>\n\tZ\u00e4llberg&nbsp;&nbsp;(2) <br \/>\n\tZ\u00e4lle<br \/>\n\tZ\u00e4llstr\u00f6m<br \/>\n\tZ\u00e4relind&nbsp;&nbsp;(2) <br \/>\n\tZ\u00e4testam&nbsp;&nbsp;(2) <br \/>\n\tZ\u00e4ther<br \/>\n\tZ\u00e4therberg&nbsp;&nbsp;(2) <br \/>\n\tZ\u00e4tterberg-Z\u00f6llner<br \/>\n\tZ\u00e4tterlund&nbsp;&nbsp;(2) <br \/>\n\tZ\u00e4tterl\u00f6f<br \/>\n\tZ\u00e4tterman<br \/>\n\tZ\u00e4tterquist<br \/>\n\tZ\u00e4tterstr\u00f6m&nbsp;&nbsp;(2) <br \/>\n\tZ\u00f6chling<br \/>\n\tZ\u00f6di<br \/>\n\tZ\u00f6ger&nbsp;&nbsp;(2) <br \/>\n\tZ\u00f6llner<br \/>\n\tZ\u00f6rner<br \/>\n\tZ\u00f6tterman&nbsp;&nbsp;(3) <br \/>\n\tZ\u00f6\u00f6gling<\/p>\n","protected":false},"excerpt":{"rendered":"<p>H\u00e4r listas samtliga namn. F\u00f6r att se familjenotiserna beh\u00f6vs inloggning p\u00e5 medlemssidorna. TIPS! Anv\u00e4nd din webbl\u00e4sare f\u00f6r att s\u00f6ka inom denna sida: S\u00f6krutan dyker i regel upp vid klick p\u00e5 knapparna ctrl + F. Z, diverse&nbsp;&nbsp;(3) Zaabi Zaar&nbsp;&nbsp;(7) Zaar-Zachrisson Zaar-Zakrisson Zaar-Zetterberg Zabala Zabel Zabell Zablocki Zabrodsky Zacc Zaccheo Zacco&nbsp;&nbsp;(4) Zacconi Zacharek Zachari Zacharias&nbsp;&nbsp;(4) Zachariason Zachariassen&nbsp;&nbsp;(2) &#8230; <a title=\"Klipparkivet Z\" class=\"read-more\" href=\"https:\/\/www.genealogi.net\/nova\/a-o\/klipparkivets-namnregister\/klipparkivet-z\/\" aria-label=\"L\u00e4s mer om Klipparkivet Z\">L\u00e4s mer<\/a><\/p>\n","protected":false},"author":2,"featured_media":0,"parent":1856,"menu_order":0,"comment_status":"closed","ping_status":"closed","template":"","meta":{"footnotes":""},"class_list":["post-2781","page","type-page","status-publish"],"_links":{"self":[{"href":"https:\/\/www.genealogi.net\/nova\/wp-json\/wp\/v2\/pages\/2781","targetHints":{"allow":["GET"]}}],"collection":[{"href":"https:\/\/www.genealogi.net\/nova\/wp-json\/wp\/v2\/pages"}],"about":[{"href":"https:\/\/www.genealogi.net\/nova\/wp-json\/wp\/v2\/types\/page"}],"author":[{"embeddable":true,"href":"https:\/\/www.genealogi.net\/nova\/wp-json\/wp\/v2\/users\/2"}],"replies":[{"embeddable":true,"href":"https:\/\/www.genealogi.net\/nova\/wp-json\/wp\/v2\/comments?post=2781"}],"version-history":[{"count":0,"href":"https:\/\/www.genealogi.net\/nova\/wp-json\/wp\/v2\/pages\/2781\/revisions"}],"up":[{"embeddable":true,"href":"https:\/\/www.genealogi.net\/nova\/wp-json\/wp\/v2\/pages\/1856"}],"wp:attachment":[{"href":"https:\/\/www.genealogi.net\/nova\/wp-json\/wp\/v2\/media?parent=2781"}],"curies":[{"name":"wp","href":"https:\/\/api.w.org\/{rel}","templated":true}]}}