{"id":2784,"date":"2013-06-16T13:30:00","date_gmt":"2013-06-16T11:30:00","guid":{"rendered":"http:\/\/www.u2086112.fsdata.se\/?page_id=2784"},"modified":"2013-06-16T13:30:00","modified_gmt":"2013-06-16T11:30:00","slug":"klipparkivet-a2","status":"publish","type":"page","link":"https:\/\/www.genealogi.net\/nova\/a-o\/klipparkivets-namnregister\/klipparkivet-a2\/","title":{"rendered":"Klipparkivet \u00c5"},"content":{"rendered":"<p>H\u00e4r listas samtliga namn. F\u00f6r att se familjenotiserna beh\u00f6vs inloggning p\u00e5 medlemssidorna.<\/p>\n<p>\tTIPS! Anv\u00e4nd din webbl\u00e4sare f\u00f6r att s\u00f6ka inom denna sida: S\u00f6krutan dyker i regel upp vid klick p\u00e5 knapparna ctrl + F.<\/p>\n<p>\u00c5-\u00c5berg<br \/>\n\t\u00c5bbel<br \/>\n\t\u00c5berg&nbsp;&nbsp;(128) <br \/>\n\t\u00c5berg-\u00c5beg<br \/>\n\t\u00c5berg-\u00c5berg&nbsp;&nbsp;(12) <br \/>\n\t\u00c5berg-\u00c5bom<br \/>\n\t\u00c5berg-\u00c5born<br \/>\n\t\u00c5berg-\u00c5dahl<br \/>\n\t\u00c5berg-\u00c5gren<br \/>\n\t\u00c5berg-\u00c5kerman<br \/>\n\t\u00c5berg, \u00c5kerberg<br \/>\n\t\u00c5bergsson<br \/>\n\t\u00c5bergsson-\u00c5bom<br \/>\n\t\u00c5binger<br \/>\n\t\u00c5bjer<br \/>\n\t\u00c5bj\u00f6rn<br \/>\n\t\u00c5bj\u00f6rnsson&nbsp;&nbsp;(3) <br \/>\n\t\u00c5blad&nbsp;&nbsp;(2) <br \/>\n\t\u00c5blom<br \/>\n\t\u00c5bom&nbsp;&nbsp;(6) <br \/>\n\t\u00c5bom-\u00c5ckerman<br \/>\n\t\u00c5bom-\u00c5dahl<br \/>\n\t\u00c5bonde<br \/>\n\t\u00c5borg&nbsp;&nbsp;(2) <br \/>\n\t\u00c5born<br \/>\n\t\u00c5brand-\u00c5derman<br \/>\n\t\u00c5brandt&nbsp;&nbsp;(2) <br \/>\n\t\u00c5bratt<br \/>\n\t\u00c5brink&nbsp;&nbsp;(4) <br \/>\n\t\u00c5brodd<br \/>\n\t\u00c5bron<br \/>\n\t\u00c5by&nbsp;&nbsp;(2) <br \/>\n\t\u00c5bygge<br \/>\n\t\u00c5byhammar&nbsp;&nbsp;(2) <br \/>\n\t\u00c5ckander<br \/>\n\t\u00c5ckerberg&nbsp;&nbsp;(2) <br \/>\n\t\u00c5ckerman-\u00c5gren<br \/>\n\t\u00c5dahl&nbsp;&nbsp;(2) <br \/>\n\t\u00c5dal-\u00c5gren<br \/>\n\t\u00c5delid<br \/>\n\t\u00c5dell&nbsp;&nbsp;(2) <br \/>\n\t\u00c5deman<br \/>\n\t\u00c5den&nbsp;&nbsp;(3) <br \/>\n\t\u00c5derlund-\u00c5hlstr\u00f6m<br \/>\n\t\u00c5derman&nbsp;&nbsp;(2) <br \/>\n\t\u00c5derman-\u00c5gren<br \/>\n\t\u00c5destr\u00f6m<br \/>\n\t\u00c5dfors<br \/>\n\t\u00c5dhammar<br \/>\n\t\u00c5din&nbsp;&nbsp;(2) <br \/>\n\t\u00c5ding<br \/>\n\t\u00c5dvall<br \/>\n\t\u00c5feldt&nbsp;&nbsp;(5) <br \/>\n\t\u00c5fors&nbsp;&nbsp;(2) <br \/>\n\t\u00c5gardt<br \/>\n\t\u00c5gaurdh<br \/>\n\t\u00c5ge<br \/>\n\t\u00c5gebrant&nbsp;&nbsp;(2) <br \/>\n\t\u00c5geh\u00e4ll<br \/>\n\t\u00c5geland&nbsp;&nbsp;(2) <br \/>\n\t\u00c5gemalm<br \/>\n\t\u00c5gemar<br \/>\n\t\u00c5gerdal<br \/>\n\t\u00c5gerfalk<br \/>\n\t\u00c5germo&nbsp;&nbsp;(2) <br \/>\n\t\u00c5gerstad<br \/>\n\t\u00c5gerstrand&nbsp;&nbsp;(3) <br \/>\n\t\u00c5gerud<br \/>\n\t\u00c5gerup<br \/>\n\t\u00c5geryd<br \/>\n\t\u00c5gestam<br \/>\n\t\u00c5gevik<br \/>\n\t\u00c5green<br \/>\n\t\u00c5grehn<br \/>\n\t\u00c5gren&nbsp;&nbsp;(68) <br \/>\n\t\u00c5gren-\u00c5gren<br \/>\n\t\u00c5gren-\u00c5kerberg&nbsp;&nbsp;(3) <br \/>\n\t\u00c5gren-\u00c5kerholm<br \/>\n\t\u00c5grup&nbsp;&nbsp;(2) <br \/>\n\t\u00c5gstrand<br \/>\n\t\u00c5g\u00e5rd<br \/>\n\t\u00c5g\u00e5rdh<br \/>\n\t\u00c5hage<br \/>\n\t\u00c5hagen&nbsp;&nbsp;(2) <br \/>\n\t\u00c5hammar<br \/>\n\t\u00c5hbeck&nbsp;&nbsp;(2) <br \/>\n\t\u00c5hberg<br \/>\n\t\u00c5hblom<br \/>\n\t\u00c5hfeldt&nbsp;&nbsp;(3) <br \/>\n\t\u00c5hgren&nbsp;&nbsp;(5) <br \/>\n\t\u00c5hl&nbsp;&nbsp;(3) <br \/>\n\t\u00c5hlander&nbsp;&nbsp;(6) <br \/>\n\t\u00c5hlberg&nbsp;&nbsp;(6) <br \/>\n\t\u00c5hlbom<br \/>\n\t\u00c5hlbom-\u00c5hlstedt<br \/>\n\t\u00c5hlbottn-\u00c5man<br \/>\n\t\u00c5hlby<br \/>\n\t\u00c5hlb\u00e4ck<br \/>\n\t\u00c5hlefeld<br \/>\n\t\u00c5hlen&nbsp;&nbsp;(23) <br \/>\n\t\u00c5hlenius&nbsp;&nbsp;(2) <br \/>\n\t\u00c5hlfeldt&nbsp;&nbsp;(4) <br \/>\n\t\u00c5hlfors<br \/>\n\t\u00c5hlgren&nbsp;&nbsp;(2) <br \/>\n\t\u00c5hlin&nbsp;&nbsp;(4) <br \/>\n\t\u00c5hlin-\u00c5hman<br \/>\n\t\u00c5hlin-\u00c5lund<br \/>\n\t\u00c5hling<br \/>\n\t\u00c5hlman&nbsp;&nbsp;(3) <br \/>\n\t\u00c5hlmans&nbsp;&nbsp;(2) <br \/>\n\t\u00c5hlqvist<br \/>\n\t\u00c5hls\u00e9n<br \/>\n\t\u00c5hlstad&nbsp;&nbsp;(2) <br \/>\n\t\u00c5hlstedt&nbsp;&nbsp;(3) <br \/>\n\t\u00c5hlstrand<br \/>\n\t\u00c5hlstr\u00f6m&nbsp;&nbsp;(6) <br \/>\n\t\u00c5hlstr\u00f6m-\u00c5hman<br \/>\n\t\u00c5hlund&nbsp;&nbsp;(20) <br \/>\n\t\u00c5hlvik<br \/>\n\t\u00c5hm<br \/>\n\t\u00c5hman&nbsp;&nbsp;(8) <br \/>\n\t\u00c5hman-\u00c5hman&nbsp;&nbsp;(2) <br \/>\n\t\u00c5hman-\u00c5hrman<br \/>\n\t\u00c5hman-\u00c5man&nbsp;&nbsp;(2) <br \/>\n\t\u00c5hman-\u00c5ngerman<br \/>\n\t\u00c5hman-\u00c5rgstedt<br \/>\n\t\u00c5hman-\u00c5sbrink<br \/>\n\t\u00c5hmansson&nbsp;&nbsp;(2) <br \/>\n\t\u00c5hmark<br \/>\n\t\u00c5hmby<br \/>\n\t\u00c5hmen<br \/>\n\t\u00c5hnberg&nbsp;&nbsp;(3) <br \/>\n\t\u00c5hnblad<br \/>\n\t\u00c5hnebrink<br \/>\n\t\u00c5hnstrand<br \/>\n\t\u00c5hnstr\u00f6m&nbsp;&nbsp;(2) <br \/>\n\t\u00c5holm<br \/>\n\t\u00c5hr&nbsp;&nbsp;(2) <br \/>\n\t\u00c5hrberg&nbsp;&nbsp;(3) <br \/>\n\t\u00c5hrbom<br \/>\n\t\u00c5hrby<br \/>\n\t\u00c5hre&nbsp;&nbsp;(2) <br \/>\n\t\u00c5hrell&nbsp;&nbsp;(2) <br \/>\n\t\u00c5hren&nbsp;&nbsp;(7) <br \/>\n\t\u00c5hreus&nbsp;&nbsp;(2) <br \/>\n\t\u00c5hrin<br \/>\n\t\u00c5hrlander&nbsp;&nbsp;(2) <br \/>\n\t\u00c5hrlin<br \/>\n\t\u00c5hrling<br \/>\n\t\u00c5hrman<br \/>\n\t\u00c5hrman-\u00c5hrstr\u00f6m<br \/>\n\t\u00c5hrman-\u00c5rsell<br \/>\n\t\u00c5hrman-\u00c5strand<br \/>\n\t\u00c5hrstedt<br \/>\n\t\u00c5hrstr\u00f6m&nbsp;&nbsp;(2) <br \/>\n\t\u00c5hrstr\u00f6m-\u00c5kerberg<br \/>\n\t\u00c5hrstr\u00f6m-\u00c5senius<br \/>\n\t\u00c5hs&nbsp;&nbsp;(3) <br \/>\n\t\u00c5hsberg&nbsp;&nbsp;(2) <br \/>\n\t\u00c5hsberger<br \/>\n\t\u00c5hsbom<br \/>\n\t\u00c5hsfors<br \/>\n\t\u00c5hsgren&nbsp;&nbsp;(2) <br \/>\n\t\u00c5hslund<br \/>\n\t\u00c5hstedt<br \/>\n\t\u00c5hstrand<br \/>\n\t\u00c5hstr\u00f6m&nbsp;&nbsp;(2) <br \/>\n\t\u00c5hstr\u00f6m-\u00c4lf<br \/>\n\t\u00c5h\u00e4ll<br \/>\n\t\u00c5ke&nbsp;&nbsp;(2) <br \/>\n\t\u00c5kebrand<br \/>\n\t\u00c5kebring&nbsp;&nbsp;(2) <br \/>\n\t\u00c5keby<br \/>\n\t\u00c5kefeldt&nbsp;&nbsp;(2) <br \/>\n\t\u00c5kelius<br \/>\n\t\u00c5kemark<br \/>\n\t\u00c5kenes<br \/>\n\t\u00c5ker&nbsp;&nbsp;(2) <br \/>\n\t\u00c5kerback<br \/>\n\t\u00c5kerbalck<br \/>\n\t\u00c5kerberg&nbsp;&nbsp;(35) <br \/>\n\t\u00c5kerberg-\u00c5kerberg<br \/>\n\t\u00c5kerberg-\u00c5kerblom&nbsp;&nbsp;(3) <br \/>\n\t\u00c5kerberg-\u00c5kerman<br \/>\n\t\u00c5kerblad&nbsp;&nbsp;(8) <br \/>\n\t\u00c5kerblom&nbsp;&nbsp;(41) <br \/>\n\t\u00c5kerblom-\u00c5kerblom&nbsp;&nbsp;(2) <br \/>\n\t\u00c5kerblom-\u00c5kerbrandt<br \/>\n\t\u00c5kerblom-\u00c5kerhjelm<br \/>\n\t\u00c5kerblom-\u00c5kerholm<br \/>\n\t\u00c5kerbom<br \/>\n\t\u00c5kerborg&nbsp;&nbsp;(2) <br \/>\n\t\u00c5kerbrandt<br \/>\n\t\u00c5kerbrant<br \/>\n\t\u00c5kerbrink<br \/>\n\t\u00c5kerbro<br \/>\n\t\u00c5kerb\u00e4ck&nbsp;&nbsp;(2) <br \/>\n\t\u00c5kerdahl&nbsp;&nbsp;(3) <br \/>\n\t\u00c5kerfalk<br \/>\n\t\u00c5kerfeldt&nbsp;&nbsp;(4) <br \/>\n\t\u00c5kergren&nbsp;&nbsp;(3) <br \/>\n\t\u00c5kerg\u00e5rd&nbsp;&nbsp;(2) <br \/>\n\t\u00c5kerhage<br \/>\n\t\u00c5kerhagen&nbsp;&nbsp;(2) <br \/>\n\t\u00c5kerhed&nbsp;&nbsp;(2) <br \/>\n\t\u00c5kerheden<br \/>\n\t\u00c5kerhielm&nbsp;&nbsp;(15) <br \/>\n\t\u00c5kerhjelm-\u00c5kerhjelm&nbsp;&nbsp;(2) <br \/>\n\t\u00c5kerholm&nbsp;&nbsp;(4) <br \/>\n\t\u00c5kerholm-\u00c5kerlund&nbsp;&nbsp;(2) <br \/>\n\t\u00c5kerhult&nbsp;&nbsp;(2) <br \/>\n\t\u00c5kerhult-\u00c5kerman<br \/>\n\t\u00c5kerlid<br \/>\n\t\u00c5kerlind&nbsp;&nbsp;(19) <br \/>\n\t\u00c5kerlind-\u00c5kerman<br \/>\n\t\u00c5kerling&nbsp;&nbsp;(2) <br \/>\n\t\u00c5kerlund&nbsp;&nbsp;(45) <br \/>\n\t\u00c5kerlund-\u00c5kerman<br \/>\n\t\u00c5kerl\u00f6f&nbsp;&nbsp;(2) <br \/>\n\t\u00c5kerl\u00f6f-\u00c5kerman<br \/>\n\t\u00c5kermalm&nbsp;&nbsp;(4) <br \/>\n\t\u00c5kerman&nbsp;&nbsp;(44) <br \/>\n\t\u00c5kerman-\u00c5hlgren<br \/>\n\t\u00c5kerman-\u00c5kerman&nbsp;&nbsp;(2) <br \/>\n\t\u00c5kerman-\u00c5kermarck<br \/>\n\t\u00c5kerman-\u00c5kermark<br \/>\n\t\u00c5kerman-\u00c5kersten<br \/>\n\t\u00c5kerman-\u00d6fgren<br \/>\n\t\u00c5kermarck-\u00c5hlbottn<br \/>\n\t\u00c5kermarck-\u00c5lenning<br \/>\n\t\u00c5kermark&nbsp;&nbsp;(8) <br \/>\n\t\u00c5kermo<br \/>\n\t\u00c5kerqvist<br \/>\n\t\u00c5kerren&nbsp;&nbsp;(3) <br \/>\n\t\u00c5kers&nbsp;&nbsp;(3) <br \/>\n\t\u00c5kerskog&nbsp;&nbsp;(2) <br \/>\n\t\u00c5kerson&nbsp;&nbsp;(2) <br \/>\n\t\u00c5kerstad<br \/>\n\t\u00c5kerstam&nbsp;&nbsp;(2) <br \/>\n\t\u00c5kerstedt&nbsp;&nbsp;(9) <br \/>\n\t\u00c5kerstein<br \/>\n\t\u00c5kersten&nbsp;&nbsp;(5) <br \/>\n\t\u00c5kersten-\u00c5hlbom<br \/>\n\t\u00c5kersten-\u00c5kerstr\u00f6m<br \/>\n\t\u00c5kerstrand&nbsp;&nbsp;(2) <br \/>\n\t\u00c5kerstr\u00f6m&nbsp;&nbsp;(30) <br \/>\n\t\u00c5kersund<br \/>\n\t\u00c5kertj\u00e4rn<br \/>\n\t\u00c5kerud<br \/>\n\t\u00c5kervall<br \/>\n\t\u00c5kerv\u00e4rn<br \/>\n\t\u00c5kerwall<br \/>\n\t\u00c5kesdotter<br \/>\n\t\u00c5kesson&nbsp;&nbsp;(62) <br \/>\n\t\u00c5kestad<br \/>\n\t\u00c5kestam&nbsp;&nbsp;(3) <br \/>\n\t\u00c5kestedt<br \/>\n\t\u00c5khagen<br \/>\n\t\u00c5klint&nbsp;&nbsp;(2) <br \/>\n\t\u00c5klund<br \/>\n\t\u00c5klundh<br \/>\n\t\u00c5kman<br \/>\n\t\u00c5kne<br \/>\n\t\u00c5kner<br \/>\n\t\u00c5krans<br \/>\n\t\u00c5krantz<br \/>\n\t\u00c5kre<br \/>\n\t\u00c5kstr\u00f6m<br \/>\n\t\u00c5kvik<br \/>\n\t\u00c5kvist&nbsp;&nbsp;(2) <br \/>\n\t\u00c5lan<br \/>\n\t\u00c5lander&nbsp;&nbsp;(17) <br \/>\n\t\u00c5lander-\u00c5lin<br \/>\n\t\u00c5lbrant<br \/>\n\t\u00c5lbrink<br \/>\n\t\u00c5ldal<br \/>\n\t\u00c5ldemo<br \/>\n\t\u00c5ldstedt<br \/>\n\t\u00c5leberg<br \/>\n\t\u00c5lebring<br \/>\n\t\u00c5lebrink<br \/>\n\t\u00c5leby&nbsp;&nbsp;(2) <br \/>\n\t\u00c5lehag<br \/>\n\t\u00c5lemark<br \/>\n\t\u00c5lemyr&nbsp;&nbsp;(2) <br \/>\n\t\u00c5lenius&nbsp;&nbsp;(4) <br \/>\n\t\u00c5lenius-Bj\u00f6rk<br \/>\n\t\u00c5lenning-\u00c5man<br \/>\n\t\u00c5lestam<br \/>\n\t\u00c5lfors<br \/>\n\t\u00c5lhammar<br \/>\n\t\u00c5lhed<br \/>\n\t\u00c5lin&nbsp;&nbsp;(10) <br \/>\n\t\u00c5lind<br \/>\n\t\u00c5linder&nbsp;&nbsp;(2) <br \/>\n\t\u00c5ling&nbsp;&nbsp;(2) <br \/>\n\t\u00c5llebratt<br \/>\n\t\u00c5lleg\u00e5rd<br \/>\n\t\u00c5llemark<br \/>\n\t\u00c5llen<br \/>\n\t\u00c5llenberg&nbsp;&nbsp;(2) <br \/>\n\t\u00c5lling<br \/>\n\t\u00c5ln\u00e4s<br \/>\n\t\u00c5lring<br \/>\n\t\u00c5lstr\u00f6m-\u00c5hman<br \/>\n\t\u00c5ls\u00e4ter&nbsp;&nbsp;(2) <br \/>\n\t\u00c5lund&nbsp;&nbsp;(5) <br \/>\n\t\u00c5lund-\u00c5man<br \/>\n\t\u00c5l\u00e5ker&nbsp;&nbsp;(2) <br \/>\n\t\u00c5l\u00f6w<br \/>\n\t\u00c5man&nbsp;&nbsp;(35) <br \/>\n\t\u00c5man-\u00c5hrberg<br \/>\n\t\u00c5man-\u00c5man<br \/>\n\t\u00c5man-\u00c5sander<br \/>\n\t\u00c5mansson<br \/>\n\t\u00c5mar<br \/>\n\t\u00c5mark&nbsp;&nbsp;(8) <br \/>\n\t\u00c5mell&nbsp;&nbsp;(4) <br \/>\n\t\u00c5mossa<br \/>\n\t\u00c5n<br \/>\n\t\u00c5nander<br \/>\n\t\u00c5nberg<br \/>\n\t\u00c5nborg<br \/>\n\t\u00c5nden\u00e4s<br \/>\n\t\u00c5nebo<br \/>\n\t\u00c5nebom<br \/>\n\t\u00c5nebrink&nbsp;&nbsp;(2) <br \/>\n\t\u00c5neby<br \/>\n\t\u00c5nelius<br \/>\n\t\u00c5nell&nbsp;&nbsp;(2) <br \/>\n\t\u00c5neman<br \/>\n\t\u00c5nemyr<br \/>\n\t\u00c5nerud<br \/>\n\t\u00c5nestrand<br \/>\n\t\u00c5nfalk<br \/>\n\t\u00c5ng<br \/>\n\t\u00c5ngell<br \/>\n\t\u00c5nger<br \/>\n\t\u00c5ngerman-\u00c5hrberg<br \/>\n\t\u00c5ngerud<br \/>\n\t\u00c5ngkvist<br \/>\n\t\u00c5ngman&nbsp;&nbsp;(6) <br \/>\n\t\u00c5ngmark&nbsp;&nbsp;(2) <br \/>\n\t\u00c5ngnell<br \/>\n\t\u00c5ngqvist<br \/>\n\t\u00c5ngstr\u00f6m&nbsp;&nbsp;(12) <br \/>\n\t\u00c5nhage<br \/>\n\t\u00c5nimmer<br \/>\n\t\u00c5ning<br \/>\n\t\u00c5nman&nbsp;&nbsp;(2) <br \/>\n\t\u00c5nmark<br \/>\n\t\u00c5nneg\u00e5rd<br \/>\n\t\u00c5nner<br \/>\n\t\u00c5nnerud&nbsp;&nbsp;(2) <br \/>\n\t\u00c5nnhagen&nbsp;&nbsp;(2) <br \/>\n\t\u00c5nsehn&nbsp;&nbsp;(2) <br \/>\n\t\u00c5nskog<br \/>\n\t\u00c5nstrand&nbsp;&nbsp;(3) <br \/>\n\t\u00c5nvall<br \/>\n\t\u00c5n\u00e4s&nbsp;&nbsp;(2) <br \/>\n\t\u00c5n\u00f6stam<br \/>\n\t\u00c5qvist&nbsp;&nbsp;(9) <br \/>\n\t\u00c5rads<br \/>\n\t\u00c5radson<br \/>\n\t\u00c5rberg&nbsp;&nbsp;(3) <br \/>\n\t\u00c5rberg-\u00c5hrman<br \/>\n\t\u00c5rblad<br \/>\n\t\u00c5rbrandt&nbsp;&nbsp;(2) <br \/>\n\t\u00c5rbrink<br \/>\n\t\u00c5rby<br \/>\n\t\u00c5rb\u00e4cke<br \/>\n\t\u00c5rdal<br \/>\n\t\u00e5reberg<br \/>\n\t\u00c5rebrant&nbsp;&nbsp;(2) <br \/>\n\t\u00c5rebring<br \/>\n\t\u00c5reby<br \/>\n\t\u00c5redal<br \/>\n\t\u00c5refeldt&nbsp;&nbsp;(2) <br \/>\n\t\u00c5refors<br \/>\n\t\u00c5reland<br \/>\n\t\u00c5ren<br \/>\n\t\u00c5reng<br \/>\n\t\u00c5resj\u00f6<br \/>\n\t\u00c5reskog&nbsp;&nbsp;(2) <br \/>\n\t\u00c5restad&nbsp;&nbsp;(2) <br \/>\n\t\u00c5restam<br \/>\n\t\u00c5resten<br \/>\n\t\u00c5resund<br \/>\n\t\u00c5revik<br \/>\n\t\u00c5rfelt&nbsp;&nbsp;(4) <br \/>\n\t\u00c5rfors<br \/>\n\t\u00c5rg\u00e5rdh&nbsp;&nbsp;(2) <br \/>\n\t\u00c5rhammar&nbsp;&nbsp;(2) <br \/>\n\t\u00c5rhed&nbsp;&nbsp;(2) <br \/>\n\t\u00c5rhem<br \/>\n\t\u00c5rholm<br \/>\n\t\u00c5ring&nbsp;&nbsp;(2) <br \/>\n\t\u00c5rjers<br \/>\n\t\u00c5rjes<br \/>\n\t\u00c5rland&nbsp;&nbsp;(2) <br \/>\n\t\u00c5rlin&nbsp;&nbsp;(2) <br \/>\n\t\u00c5rlind<br \/>\n\t\u00c5rling&nbsp;&nbsp;(3) <br \/>\n\t\u00c5rman&nbsp;&nbsp;(5) <br \/>\n\t\u00c5rmann&nbsp;&nbsp;(2) <br \/>\n\t\u00c5rnby<br \/>\n\t\u00c5rne&nbsp;&nbsp;(2) <br \/>\n\t\u00c5rnell&nbsp;&nbsp;(2) <br \/>\n\t\u00c5rn\u00e4s<br \/>\n\t\u00c5rre&nbsp;&nbsp;(3) <br \/>\n\t\u00c5rsell-\u00c5hsberg<br \/>\n\t\u00c5rsen<br \/>\n\t\u00c5rsj\u00f6<br \/>\n\t\u00c5rstadius<br \/>\n\t\u00c5rstedt<br \/>\n\t\u00c5rstein<br \/>\n\t\u00c5rstrand<br \/>\n\t\u00c5rstr\u00f6m<br \/>\n\t\u00c5rst\u00f6l<br \/>\n\t\u00c5rs\u00e4ter<br \/>\n\t\u00c5rthun<br \/>\n\t\u00c5rud<br \/>\n\t\u00c5rvik<br \/>\n\t\u00c5ryd&nbsp;&nbsp;(2) <br \/>\n\t\u00c5s&nbsp;&nbsp;(10) <br \/>\n\t\u00c5saborn<br \/>\n\t\u00c5sander&nbsp;&nbsp;(7) <br \/>\n\t\u00c5sander-\u00c5str\u00f6m<br \/>\n\t\u00c5sarby&nbsp;&nbsp;(2) <br \/>\n\t\u00c5sard&nbsp;&nbsp;(2) <br \/>\n\t\u00c5sbeck<br \/>\n\t\u00c5sberg&nbsp;&nbsp;(22) <br \/>\n\t\u00c5sberg-\u00c5strand<br \/>\n\t\u00c5sberger<br \/>\n\t\u00c5sbjer<br \/>\n\t\u00c5sbj\u00f6rk&nbsp;&nbsp;(2) <br \/>\n\t\u00c5sblad<br \/>\n\t\u00c5sblom&nbsp;&nbsp;(2) <br \/>\n\t\u00c5sbo&nbsp;&nbsp;(2) <br \/>\n\t\u00c5sbom<br \/>\n\t\u00c5sborg<br \/>\n\t\u00c5sbrandt<br \/>\n\t\u00c5sbrinck<br \/>\n\t\u00c5sbring&nbsp;&nbsp;(3) <br \/>\n\t\u00c5sbrink&nbsp;&nbsp;(8) <br \/>\n\t\u00c5sby<br \/>\n\t\u00c5sb\u00e4ck<br \/>\n\t\u00c5sdal&nbsp;&nbsp;(2) <br \/>\n\t\u00c5se&nbsp;&nbsp;(2) <br \/>\n\t\u00c5sebo&nbsp;&nbsp;(2) <br \/>\n\t\u00c5sebol<br \/>\n\t\u00c5seborn<br \/>\n\t\u00c5sebring&nbsp;&nbsp;(2) <br \/>\n\t\u00c5sebrink<br \/>\n\t\u00c5seby<br \/>\n\t\u00c5sehag<br \/>\n\t\u00c5selid&nbsp;&nbsp;(2) <br \/>\n\t\u00c5selius&nbsp;&nbsp;(5) <br \/>\n\t\u00c5sell&nbsp;&nbsp;(5) <br \/>\n\t\u00c5sell-\u00c5str\u00f6m<br \/>\n\t\u00c5semar<br \/>\n\t\u00c5semo<br \/>\n\t\u00c5sen&nbsp;&nbsp;(4) <br \/>\n\t\u00c5sendal<br \/>\n\t\u00c5seng\u00e5rd<br \/>\n\t\u00c5senius&nbsp;&nbsp;(2) <br \/>\n\t\u00c5senlund&nbsp;&nbsp;(2) <br \/>\n\t\u00c5sensj\u00f6<br \/>\n\t\u00c5sentorp<br \/>\n\t\u00c5serud<br \/>\n\t\u00c5seskog&nbsp;&nbsp;(3) <br \/>\n\t\u00c5sfeldt<br \/>\n\t\u00c5sfj\u00e4ll<br \/>\n\t\u00c5sgot<br \/>\n\t\u00c5sgren-\u00c5str\u00f6m<br \/>\n\t\u00c5sgrim<br \/>\n\t\u00c5sg\u00e5rd&nbsp;&nbsp;(3) <br \/>\n\t\u00c5sg\u00e4rde<br \/>\n\t\u00c5shagen<br \/>\n\t\u00c5shammar<br \/>\n\t\u00c5shamn&nbsp;&nbsp;(2) <br \/>\n\t\u00c5sheden&nbsp;&nbsp;(2) <br \/>\n\t\u00c5sheim&nbsp;&nbsp;(2) <br \/>\n\t\u00c5sholt<br \/>\n\t\u00c5shuvud&nbsp;&nbsp;(2) <br \/>\n\t\u00c5sh\u00e4ll<br \/>\n\t\u00c5sing<br \/>\n\t\u00c5sju<br \/>\n\t\u00c5skag<br \/>\n\t\u00c5sklint<br \/>\n\t\u00c5skog<br \/>\n\t\u00c5slander&nbsp;&nbsp;(2) <br \/>\n\t\u00c5slev&nbsp;&nbsp;(2) <br \/>\n\t\u00c5slin&nbsp;&nbsp;(3) <br \/>\n\t\u00c5sling&nbsp;&nbsp;(2) <br \/>\n\t\u00c5slund&nbsp;&nbsp;(21) <br \/>\n\t\u00c5sman&nbsp;&nbsp;(3) <br \/>\n\t\u00c5smundsson<br \/>\n\t\u00c5sryd&nbsp;&nbsp;(2) <br \/>\n\t\u00c5stad<br \/>\n\t\u00c5stam<br \/>\n\t\u00c5stedt&nbsp;&nbsp;(5) <br \/>\n\t\u00c5stmark<br \/>\n\t\u00c5stradsson&nbsp;&nbsp;(4) <br \/>\n\t\u00c5strand&nbsp;&nbsp;(29) <br \/>\n\t\u00c5strand-\u00c5hstr\u00f6m<br \/>\n\t\u00c5strand-\u00c5vall<br \/>\n\t\u00c5str\u00f6m&nbsp;&nbsp;(91) <br \/>\n\t\u00c5str\u00f6m-\u00c5str\u00f6m&nbsp;&nbsp;(2) <br \/>\n\t\u00c5str\u00f6m-\u00c5vall<br \/>\n\t\u00c5str\u00f6m-\u00c4hrling<br \/>\n\t\u00c5str\u00f6m-\u00c4lf<br \/>\n\t\u00c5str\u00f6m-\u00d6berg<br \/>\n\t\u00c5str\u00f6mer<br \/>\n\t\u00c5str\u00f6mson<br \/>\n\t\u00c5svald<br \/>\n\t\u00c5svatne<br \/>\n\t\u00c5svik<br \/>\n\t\u00c5swald<br \/>\n\t\u00c5swaldson<br \/>\n\t\u00c5sw\u00e4rd&nbsp;&nbsp;(2) <br \/>\n\t\u00c5s\u00e4ter<br \/>\n\t\u00c5teg\u00e5rd<br \/>\n\t\u00c5tervall&nbsp;&nbsp;(2) <br \/>\n\t\u00c5tter\u00e5s<br \/>\n\t\u00c5tting&nbsp;&nbsp;(2) <br \/>\n\t\u00c5vall&nbsp;&nbsp;(4) <br \/>\n\t\u00c5wall&nbsp;&nbsp;(3) <br \/>\n\t\u00c5xman<br \/>\n\t\u00c5ysen<br \/>\n\t\u00c5zelius<\/p>\n","protected":false},"excerpt":{"rendered":"<p>H\u00e4r listas samtliga namn. F\u00f6r att se familjenotiserna beh\u00f6vs inloggning p\u00e5 medlemssidorna. TIPS! Anv\u00e4nd din webbl\u00e4sare f\u00f6r att s\u00f6ka inom denna sida: S\u00f6krutan dyker i regel upp vid klick p\u00e5 knapparna ctrl + F. \u00c5-\u00c5berg \u00c5bbel \u00c5berg&nbsp;&nbsp;(128) \u00c5berg-\u00c5beg \u00c5berg-\u00c5berg&nbsp;&nbsp;(12) \u00c5berg-\u00c5bom \u00c5berg-\u00c5born \u00c5berg-\u00c5dahl \u00c5berg-\u00c5gren \u00c5berg-\u00c5kerman \u00c5berg, \u00c5kerberg \u00c5bergsson \u00c5bergsson-\u00c5bom \u00c5binger \u00c5bjer \u00c5bj\u00f6rn \u00c5bj\u00f6rnsson&nbsp;&nbsp;(3) \u00c5blad&nbsp;&nbsp;(2) \u00c5blom \u00c5bom&nbsp;&nbsp;(6) &#8230; <a title=\"Klipparkivet \u00c5\" class=\"read-more\" href=\"https:\/\/www.genealogi.net\/nova\/a-o\/klipparkivets-namnregister\/klipparkivet-a2\/\" aria-label=\"L\u00e4s mer om Klipparkivet \u00c5\">L\u00e4s mer<\/a><\/p>\n","protected":false},"author":2,"featured_media":0,"parent":1856,"menu_order":0,"comment_status":"closed","ping_status":"closed","template":"","meta":{"footnotes":""},"class_list":["post-2784","page","type-page","status-publish"],"_links":{"self":[{"href":"https:\/\/www.genealogi.net\/nova\/wp-json\/wp\/v2\/pages\/2784","targetHints":{"allow":["GET"]}}],"collection":[{"href":"https:\/\/www.genealogi.net\/nova\/wp-json\/wp\/v2\/pages"}],"about":[{"href":"https:\/\/www.genealogi.net\/nova\/wp-json\/wp\/v2\/types\/page"}],"author":[{"embeddable":true,"href":"https:\/\/www.genealogi.net\/nova\/wp-json\/wp\/v2\/users\/2"}],"replies":[{"embeddable":true,"href":"https:\/\/www.genealogi.net\/nova\/wp-json\/wp\/v2\/comments?post=2784"}],"version-history":[{"count":0,"href":"https:\/\/www.genealogi.net\/nova\/wp-json\/wp\/v2\/pages\/2784\/revisions"}],"up":[{"embeddable":true,"href":"https:\/\/www.genealogi.net\/nova\/wp-json\/wp\/v2\/pages\/1856"}],"wp:attachment":[{"href":"https:\/\/www.genealogi.net\/nova\/wp-json\/wp\/v2\/media?parent=2784"}],"curies":[{"name":"wp","href":"https:\/\/api.w.org\/{rel}","templated":true}]}}