{"id":2786,"date":"2013-06-16T13:31:40","date_gmt":"2013-06-16T11:31:40","guid":{"rendered":"http:\/\/www.u2086112.fsdata.se\/?page_id=2786"},"modified":"2013-06-16T13:31:40","modified_gmt":"2013-06-16T11:31:40","slug":"klipparkivet-a3","status":"publish","type":"page","link":"https:\/\/www.genealogi.net\/nova\/a-o\/klipparkivets-namnregister\/klipparkivet-a3\/","title":{"rendered":"Klipparkivet \u00c4"},"content":{"rendered":"<p>H\u00e4r listas samtliga namn. F\u00f6r att se familjenotiserna beh\u00f6vs inloggning p\u00e5 medlemssidorna.<\/p>\n<p>\tTIPS! Anv\u00e4nd din webbl\u00e4sare f\u00f6r att s\u00f6ka inom denna sida: S\u00f6krutan dyker i regel upp vid klick p\u00e5 knapparna ctrl + F.<\/p>\n<p>\u00c4del&nbsp;&nbsp;(2) <br \/>\n\t\u00c4delblad<br \/>\n\t\u00c4delby<br \/>\n\t\u00c4delfeldt<br \/>\n\t\u00c4delgren<br \/>\n\t\u00c4delqvist<br \/>\n\t\u00c4delroth<br \/>\n\t\u00c4delvall<br \/>\n\t\u00c4dling<br \/>\n\t\u00c4hlberg<br \/>\n\t\u00c4hlman&nbsp;&nbsp;(2) <br \/>\n\t\u00c4hlstr\u00f6m&nbsp;&nbsp;(7) <br \/>\n\t\u00c4hrling-\u00d6berg<br \/>\n\t\u00c4hrlund<br \/>\n\t\u00c4ija<br \/>\n\t\u00c4ij\u00e4l\u00e4<br \/>\n\t\u00c4jmel\u00e4us-\u00c4hlstr\u00f6m<br \/>\n\t\u00c4k\u00e4slompolo<br \/>\n\t\u00c4lander<br \/>\n\t\u00c4leg\u00e5rd&nbsp;&nbsp;(2) <br \/>\n\t\u00c4lf-\u00d6berg<br \/>\n\t\u00c4lf, S\u00f6r\u00e4lv<br \/>\n\t\u00c4lfstrand<br \/>\n\t\u00c4lfstr\u00f6m<br \/>\n\t\u00c4lfv\u00e5g&nbsp;&nbsp;(2) <br \/>\n\t\u00c4lfwing<br \/>\n\t\u00c4lgamo<br \/>\n\t\u00c4lgekrans<br \/>\n\t\u00c4lgevik<br \/>\n\t\u00c4lglid<br \/>\n\t\u00c4lgsj\u00f6\u00f6<br \/>\n\t\u00c4lm<br \/>\n\t\u00c4lmdalen<br \/>\n\t\u00c4lmeberg&nbsp;&nbsp;(2) <br \/>\n\t\u00c4lmeby&nbsp;&nbsp;(2) <br \/>\n\t\u00c4lmedal<br \/>\n\t\u00c4lmeros<br \/>\n\t\u00c4lveborn&nbsp;&nbsp;(2) <br \/>\n\t\u00c4lvebrand<br \/>\n\t\u00c4lvebrink<br \/>\n\t\u00c4lveby&nbsp;&nbsp;(2) <br \/>\n\t\u00c4lvenstrand<br \/>\n\t\u00c4lvero<br \/>\n\t\u00c4lverud<br \/>\n\t\u00c4lvestam<br \/>\n\t\u00c4lvestig<br \/>\n\t\u00c4lveteg<br \/>\n\t\u00c4lvfalk<br \/>\n\t\u00c4lvgren<br \/>\n\t\u00c4mnefalk<br \/>\n\t\u00c4ng&nbsp;&nbsp;(3) <br \/>\n\t\u00c4ngar\u00e5s<br \/>\n\t\u00c4ngberg-\u00d6berg<br \/>\n\t\u00c4ngbom<br \/>\n\t\u00c4ngdahl<br \/>\n\t\u00c4ngeby&nbsp;&nbsp;(2) <br \/>\n\t\u00c4ngefjord<br \/>\n\t\u00c4ngeflo<br \/>\n\t\u00c4ngehagen<br \/>\n\t\u00c4ngelid<br \/>\n\t\u00c4ngermark<br \/>\n\t\u00c4nges<br \/>\n\t\u00c4ngeskog<br \/>\n\t\u00c4ngeslev\u00e4<br \/>\n\t\u00c4ngfors&nbsp;&nbsp;(2) <br \/>\n\t\u00c4ngg\u00e5rd&nbsp;&nbsp;(3) <br \/>\n\t\u00c4nghagen&nbsp;&nbsp;(2) <br \/>\n\t\u00c4ngkvist<br \/>\n\t\u00c4ngman&nbsp;&nbsp;(2) <br \/>\n\t\u00c4ngmo<br \/>\n\t\u00c4ngquist&nbsp;&nbsp;(3) <br \/>\n\t\u00c4ngsback<br \/>\n\t\u00c4ngsberg<br \/>\n\t\u00c4ngsbo<br \/>\n\t\u00c4ngstr\u00f6m<br \/>\n\t\u00c4ngst\u00e5l<br \/>\n\t\u00c4ngsved<br \/>\n\t\u00c4ngs\u00e5s&nbsp;&nbsp;(2) <br \/>\n\t\u00c4ngvall<br \/>\n\t\u00c4ngvard&nbsp;&nbsp;(2) <br \/>\n\t\u00c4nis<br \/>\n\t\u00c4nsth<br \/>\n\t\u00c4renman&nbsp;&nbsp;(2) <br \/>\n\t\u00c4rfstr\u00f6m<br \/>\n\t\u00c4rje&nbsp;&nbsp;(2) <br \/>\n\t\u00c4rleborg<br \/>\n\t\u00c4rleborn<br \/>\n\t\u00c4rlebrandt<br \/>\n\t\u00c4rlebrink<br \/>\n\t\u00c4rleb\u00e4ck<br \/>\n\t\u00c4rlefeldt<br \/>\n\t\u00c4rlemalm<br \/>\n\t\u00c4rleman<br \/>\n\t\u00c4rlemark<br \/>\n\t\u00c4rlemo<br \/>\n\t\u00c4rlerud&nbsp;&nbsp;(2) <br \/>\n\t\u00c4rleskog<br \/>\n\t\u00c4rlestad<br \/>\n\t\u00c4rlestig<br \/>\n\t\u00c4rligh&nbsp;&nbsp;(2) <br \/>\n\t\u00c4rlingsson<br \/>\n\t\u00c4rlund&nbsp;&nbsp;(2) <br \/>\n\t\u00c4rnborg&nbsp;&nbsp;(2) <br \/>\n\t\u00c4rnb\u00e4ck&nbsp;&nbsp;(2) <br \/>\n\t\u00c4rneman&nbsp;&nbsp;(2) <br \/>\n\t\u00c4rnfast&nbsp;&nbsp;(2) <br \/>\n\t\u00c4rnflykt<br \/>\n\t\u00c4rnhage<br \/>\n\t\u00c4rnl\u00f6v<br \/>\n\t\u00c4rnstr\u00f6m&nbsp;&nbsp;(2) <br \/>\n\t\u00c4rnst\u00e5l<br \/>\n\t\u00c4rvstr\u00f6m<br \/>\n\t\u00c4sskogen<br \/>\n\t\u00c4ttner<br \/>\n\t\u00c4\u00e4rismaa<br \/>\n\t\u00c4\u00e4rma&nbsp;&nbsp;(2) <\/p>\n","protected":false},"excerpt":{"rendered":"<p>H\u00e4r listas samtliga namn. F\u00f6r att se familjenotiserna beh\u00f6vs inloggning p\u00e5 medlemssidorna. TIPS! Anv\u00e4nd din webbl\u00e4sare f\u00f6r att s\u00f6ka inom denna sida: S\u00f6krutan dyker i regel upp vid klick p\u00e5 knapparna ctrl + F. \u00c4del&nbsp;&nbsp;(2) \u00c4delblad \u00c4delby \u00c4delfeldt \u00c4delgren \u00c4delqvist \u00c4delroth \u00c4delvall \u00c4dling \u00c4hlberg \u00c4hlman&nbsp;&nbsp;(2) \u00c4hlstr\u00f6m&nbsp;&nbsp;(7) \u00c4hrling-\u00d6berg \u00c4hrlund \u00c4ija \u00c4ij\u00e4l\u00e4 \u00c4jmel\u00e4us-\u00c4hlstr\u00f6m \u00c4k\u00e4slompolo \u00c4lander \u00c4leg\u00e5rd&nbsp;&nbsp;(2) \u00c4lf-\u00d6berg &#8230; <a title=\"Klipparkivet \u00c4\" class=\"read-more\" href=\"https:\/\/www.genealogi.net\/nova\/a-o\/klipparkivets-namnregister\/klipparkivet-a3\/\" aria-label=\"L\u00e4s mer om Klipparkivet \u00c4\">L\u00e4s mer<\/a><\/p>\n","protected":false},"author":2,"featured_media":0,"parent":1856,"menu_order":0,"comment_status":"closed","ping_status":"closed","template":"","meta":{"footnotes":""},"class_list":["post-2786","page","type-page","status-publish"],"_links":{"self":[{"href":"https:\/\/www.genealogi.net\/nova\/wp-json\/wp\/v2\/pages\/2786","targetHints":{"allow":["GET"]}}],"collection":[{"href":"https:\/\/www.genealogi.net\/nova\/wp-json\/wp\/v2\/pages"}],"about":[{"href":"https:\/\/www.genealogi.net\/nova\/wp-json\/wp\/v2\/types\/page"}],"author":[{"embeddable":true,"href":"https:\/\/www.genealogi.net\/nova\/wp-json\/wp\/v2\/users\/2"}],"replies":[{"embeddable":true,"href":"https:\/\/www.genealogi.net\/nova\/wp-json\/wp\/v2\/comments?post=2786"}],"version-history":[{"count":0,"href":"https:\/\/www.genealogi.net\/nova\/wp-json\/wp\/v2\/pages\/2786\/revisions"}],"up":[{"embeddable":true,"href":"https:\/\/www.genealogi.net\/nova\/wp-json\/wp\/v2\/pages\/1856"}],"wp:attachment":[{"href":"https:\/\/www.genealogi.net\/nova\/wp-json\/wp\/v2\/media?parent=2786"}],"curies":[{"name":"wp","href":"https:\/\/api.w.org\/{rel}","templated":true}]}}