{"id":2791,"date":"2013-06-16T13:50:36","date_gmt":"2013-06-16T11:50:36","guid":{"rendered":"http:\/\/www.u2086112.fsdata.se\/?page_id=2791"},"modified":"2013-06-16T13:50:36","modified_gmt":"2013-06-16T11:50:36","slug":"klipparkivet-u","status":"publish","type":"page","link":"https:\/\/www.genealogi.net\/nova\/a-o\/klipparkivets-namnregister\/klipparkivet-u\/","title":{"rendered":"Klipparkivet U"},"content":{"rendered":"<p>H\u00e4r listas samtliga namn. F\u00f6r att se familjenotiserna beh\u00f6vs inloggning p\u00e5 medlemssidorna.<\/p>\n<p>\tTIPS! Anv\u00e4nd din webbl\u00e4sare f\u00f6r att s\u00f6ka inom denna sida: S\u00f6krutan dyker i regel upp vid klick p\u00e5 knapparna ctrl + F.<\/p>\n<p>U, diverse&nbsp;&nbsp;(2) <br \/>\n\tUbbe&nbsp;&nbsp;(2) <br \/>\n\tUbbens<br \/>\n\tUbbman-Uddsten<br \/>\n\tUbbstr\u00f6m-Uddenberg<br \/>\n\tUbby&nbsp;&nbsp;(2) <br \/>\n\tUbeckel-Uddman<br \/>\n\tUberg<br \/>\n\tUbershier-Uddman<br \/>\n\tUbiero Unyango<br \/>\n\tUbillus<br \/>\n\tUbisch<br \/>\n\tUbisch von<br \/>\n\tUbrant<br \/>\n\tUby&nbsp;&nbsp;(2) <br \/>\n\tUchermann<br \/>\n\tUckerman<br \/>\n\tUcko<br \/>\n\tUdborg<br \/>\n\tUdd&nbsp;&nbsp;(4) <br \/>\n\tUddare<br \/>\n\tUddberg<br \/>\n\tUddbom&nbsp;&nbsp;(2) <br \/>\n\tUddborn&nbsp;&nbsp;(2) <br \/>\n\tUddb\u00e4ck&nbsp;&nbsp;(2) <br \/>\n\tUdde&nbsp;&nbsp;(2) <br \/>\n\tUddeback<br \/>\n\tUddebom&nbsp;&nbsp;(2) <br \/>\n\tUddeborg<br \/>\n\tUddebrant<br \/>\n\tUddefeldt<br \/>\n\tUddefelt<br \/>\n\tUddeg\u00e5rd&nbsp;&nbsp;(2) <br \/>\n\tUddeholt<br \/>\n\tUddel\u00f6w<br \/>\n\tUddemark<br \/>\n\tUdden&nbsp;&nbsp;(7) <br \/>\n\tUdd\u00e9n, Udell<br \/>\n\tUdd\u00e9n, Und\u00e9n<br \/>\n\tUddenberg&nbsp;&nbsp;(10) <br \/>\n\tUddenberg-Uggla<br \/>\n\tUddenbj\u00f6rk<br \/>\n\tUddenb\u00e4ck&nbsp;&nbsp;(2) <br \/>\n\tUddenfel<br \/>\n\tUddenfeldt&nbsp;&nbsp;(2) <br \/>\n\tUddenholm&nbsp;&nbsp;(2) <br \/>\n\tUdder<br \/>\n\tUddeskog<br \/>\n\tUddestr\u00f6m<br \/>\n\tUddevik<br \/>\n\tUddfalk<br \/>\n\tUddfeldt<br \/>\n\tUddfors&nbsp;&nbsp;(2) <br \/>\n\tUddgren&nbsp;&nbsp;(4) <br \/>\n\tUddg\u00e5rd<br \/>\n\tUddhagen&nbsp;&nbsp;(2) <br \/>\n\tUddhammar&nbsp;&nbsp;(2) <br \/>\n\tUddheden<br \/>\n\tUddholm&nbsp;&nbsp;(3) <br \/>\n\tUddin<br \/>\n\tUddin, Udin<br \/>\n\tUddland<br \/>\n\tUddling&nbsp;&nbsp;(2) <br \/>\n\tUddman&nbsp;&nbsp;(4) <br \/>\n\tUddman-Uggla<br \/>\n\tUddman-Utterbom<br \/>\n\tUddm\u00e4re<br \/>\n\tUddner&nbsp;&nbsp;(2) <br \/>\n\tUddn\u00e4s&nbsp;&nbsp;(2) <br \/>\n\tUddqvist&nbsp;&nbsp;(2) <br \/>\n\tUddsj\u00f6<br \/>\n\tUddskog<br \/>\n\tUddstam<br \/>\n\tUddsten&nbsp;&nbsp;(2) <br \/>\n\tUddstrand&nbsp;&nbsp;(2) <br \/>\n\tUddstr\u00f6m<br \/>\n\tUddstr\u00f6m-Uggelberg<br \/>\n\tUddstr\u00f6mer&nbsp;&nbsp;(2) <br \/>\n\tUdds\u00e4ter<br \/>\n\tUddvik<br \/>\n\tUddvik, Urizio, von Umstadt, Urdahl, Uffe<br \/>\n\tUdd\u00e5s<br \/>\n\tUde<br \/>\n\tUdell<br \/>\n\tUdelskog<br \/>\n\tUd\u00e9n&nbsp;&nbsp;(2) <br \/>\n\tUd\u00e9n, Udd\u00e9n&nbsp;&nbsp;(2) <br \/>\n\tUdenaes<br \/>\n\tUdenius&nbsp;&nbsp;(3) <br \/>\n\tUdikas&nbsp;&nbsp;(2) <br \/>\n\tUdo<br \/>\n\tUdris<br \/>\n\tUebel&nbsp;&nbsp;(3) <br \/>\n\tUeberle<br \/>\n\tUesson<br \/>\n\tUexk\u00fcll<br \/>\n\tUexk\u00fcll von<br \/>\n\tUfer<br \/>\n\tUfford<br \/>\n\tUfh\u00e4ll<br \/>\n\tUfving<br \/>\n\tUfwmark&nbsp;&nbsp;(2) <br \/>\n\tUgalde<br \/>\n\tUgander&nbsp;&nbsp;(3) <br \/>\n\tUgandi<br \/>\n\tUgarph&nbsp;&nbsp;(2) <br \/>\n\tUgarph-Uggla<br \/>\n\tUgelstad<br \/>\n\tUgerup<br \/>\n\tUgge<br \/>\n\tUggelberg&nbsp;&nbsp;(2) <br \/>\n\tUggeldahl&nbsp;&nbsp;(2) <br \/>\n\tUggen<br \/>\n\tUggerly<br \/>\n\tUggerud<br \/>\n\tUggla&nbsp;&nbsp;(29) <br \/>\n\tUggla-Uggla&nbsp;&nbsp;(5) <br \/>\n\tUggla-Uhr&nbsp;&nbsp;(2) <br \/>\n\tUggla-Ulberg<br \/>\n\tUggla-Ullman<br \/>\n\tUgglas&nbsp;&nbsp;(5) <br \/>\n\tUgglas af&nbsp;&nbsp;(5) <br \/>\n\tUgglas-Ulfhjelm<br \/>\n\tUggleberg<br \/>\n\tUgglin&nbsp;&nbsp;(2) <br \/>\n\tUggmark<br \/>\n\tUgland&nbsp;&nbsp;(2) <br \/>\n\tUgne&nbsp;&nbsp;(2) <br \/>\n\tUgur<br \/>\n\tUgurgel<br \/>\n\tUguz<br \/>\n\tUherov\u00e1<br \/>\n\tUhke<br \/>\n\tUhkhorn<br \/>\n\tUhl<br \/>\n\tUhl\u00e1n<br \/>\n\tUhlander&nbsp;&nbsp;(2) <br \/>\n\tUhlbors<br \/>\n\tUhleb\u00e4ck&nbsp;&nbsp;(2) <br \/>\n\tUhleg\u00e5rd&nbsp;&nbsp;(2) <br \/>\n\tUhlemann&nbsp;&nbsp;(2) <br \/>\n\tUhl\u00e9n&nbsp;&nbsp;(4) <br \/>\n\tUhlenberg<br \/>\n\tUhlenius<br \/>\n\tUhler&nbsp;&nbsp;(2) <br \/>\n\tUhlhorn<br \/>\n\tUhlik<br \/>\n\tUhlin&nbsp;&nbsp;(6) <br \/>\n\tUhlinder<br \/>\n\tUhlir<br \/>\n\tUhlmann&nbsp;&nbsp;(2) <br \/>\n\tUhl\u00e5s<br \/>\n\tUhman<br \/>\n\tUhmeier<br \/>\n\tUhnbom&nbsp;&nbsp;(2) <br \/>\n\tUhneg\u00e5rd<br \/>\n\tUhnell&nbsp;&nbsp;(2) <br \/>\n\tUhner&nbsp;&nbsp;(2) <br \/>\n\tUhnoo&nbsp;&nbsp;(2) <br \/>\n\tUhr&nbsp;&nbsp;(7) <br \/>\n\tUhr af&nbsp;&nbsp;(2) <br \/>\n\tUhr-Uhrlin<br \/>\n\tUhr-Uhrling<br \/>\n\tUhr-Ulfvin<br \/>\n\tUhrberg&nbsp;&nbsp;(2) <br \/>\n\tUhrbom&nbsp;&nbsp;(2) <br \/>\n\tUhrdin&nbsp;&nbsp;(2) <br \/>\n\tUhre<br \/>\n\tUhrenius&nbsp;&nbsp;(2) <br \/>\n\tUhrfeldt&nbsp;&nbsp;(2) <br \/>\n\tUhrlin<br \/>\n\tUhrlin-Ulfsax<br \/>\n\tUhrmacher<br \/>\n\tUhrman-Utter<br \/>\n\tUhrne<br \/>\n\tUhrnell<br \/>\n\tUhrner<br \/>\n\tUhrstedt&nbsp;&nbsp;(2) <br \/>\n\tUhrstr\u00f6m&nbsp;&nbsp;(3) <br \/>\n\tUhrus&nbsp;&nbsp;(2) <br \/>\n\tUhrvik<br \/>\n\tUhrwing&nbsp;&nbsp;(2) <br \/>\n\tUhrzander&nbsp;&nbsp;(2) <br \/>\n\tUibo<br \/>\n\tUIldall-J\u00f6rgensen<br \/>\n\tUimi<br \/>\n\tUirab<br \/>\n\tUitto<br \/>\n\tUja<br \/>\n\tUjueta<br \/>\n\tUjvari<br \/>\n\tUkalovic<br \/>\n\tUkkola<br \/>\n\tUkkonen&nbsp;&nbsp;(2) <br \/>\n\tUkkonenn<br \/>\n\tUkmar&nbsp;&nbsp;(2) <br \/>\n\tUkonmaanaho<br \/>\n\tUlanader<br \/>\n\tUland<br \/>\n\tUlander&nbsp;&nbsp;(8) <br \/>\n\tUlanen<br \/>\n\tUlanne<br \/>\n\tUlberg<br \/>\n\tUlberstad&nbsp;&nbsp;(2) <br \/>\n\tUldall<br \/>\n\tUldin<br \/>\n\tUlding&nbsp;&nbsp;(2) <br \/>\n\tUleander<br \/>\n\tUleberg&nbsp;&nbsp;(2) <br \/>\n\tUlegard<br \/>\n\tUleman<br \/>\n\tUl\u00e9n&nbsp;&nbsp;(2) <br \/>\n\tUlenius<br \/>\n\tUlerfelt<br \/>\n\tUlestig<br \/>\n\tUlf<br \/>\n\tUlfberg&nbsp;&nbsp;(2) <br \/>\n\tUlfbo<br \/>\n\tUlfborg<br \/>\n\tUlfb\u00e5ge&nbsp;&nbsp;(2) <br \/>\n\tUlfeberth&nbsp;&nbsp;(2) <br \/>\n\tUlfeby&nbsp;&nbsp;(2) <br \/>\n\tUlfeld&nbsp;&nbsp;(2) <br \/>\n\tUlfenborg<br \/>\n\tUlfendahl<br \/>\n\tUlfenstedt<br \/>\n\tUlff&nbsp;&nbsp;(4) <br \/>\n\tUlffors<br \/>\n\tUlfgard&nbsp;&nbsp;(2) <br \/>\n\tUlfgren&nbsp;&nbsp;(2) <br \/>\n\tUlfgrim&nbsp;&nbsp;(2) <br \/>\n\tUlfg\u00e5rd<br \/>\n\tUlfhagen&nbsp;&nbsp;(2) <br \/>\n\tUlfhager<br \/>\n\tUlfhake&nbsp;&nbsp;(3) <br \/>\n\tUlfhammer<br \/>\n\tUlfheden<br \/>\n\tUlfheimer<br \/>\n\tUlfhielm&nbsp;&nbsp;(3) <br \/>\n\tUlfhjelm-Ulfsparre<br \/>\n\tUlfh\u00e4ll<br \/>\n\tUlfin<br \/>\n\tUlflycke<br \/>\n\tUlfner&nbsp;&nbsp;(2) <br \/>\n\tUlfsax&nbsp;&nbsp;(2) <br \/>\n\tUlfsax-Ulfsparre<br \/>\n\tUlfsbecker<br \/>\n\tUlfsberg&nbsp;&nbsp;(2) <br \/>\n\tUlfsberger<br \/>\n\tUlfsborg<br \/>\n\tUlfsdotter&nbsp;&nbsp;(2) <br \/>\n\tUlfseke<br \/>\n\tUlfshammar&nbsp;&nbsp;(2) <br \/>\n\tUlfshed<br \/>\n\tUlfsj\u00f6<br \/>\n\tUlfsj\u00f6\u00f6<br \/>\n\tUlfson<br \/>\n\tUlfsparre&nbsp;&nbsp;(11) <br \/>\n\tUlfsparre-Ulfsparre<br \/>\n\tUlfsparre-Ulfstr\u00f6m<br \/>\n\tUlfsparre-Ullberg<br \/>\n\tUlfsson<br \/>\n\tUlfstam&nbsp;&nbsp;(2) <br \/>\n\tUlfstedt<br \/>\n\tUlfsten&nbsp;&nbsp;(2) <br \/>\n\tUlfstr\u00f6m&nbsp;&nbsp;(2) <br \/>\n\tUlfstr\u00f6mer<br \/>\n\tUlfs\u00e4ter&nbsp;&nbsp;(2) <br \/>\n\tUlftand<br \/>\n\tUlfung&nbsp;&nbsp;(2) <br \/>\n\tUlfvarson<br \/>\n\tUlfvarsson<br \/>\n\tUlfvebrand&nbsp;&nbsp;(2) <br \/>\n\tUlfvenberg<br \/>\n\tUlfvengren&nbsp;&nbsp;(2) <br \/>\n\tUlfvenklou-Ullberg<br \/>\n\tUlfvensj\u00f6<br \/>\n\tUlfves<br \/>\n\tUlfvhane<br \/>\n\tUlfvik&nbsp;&nbsp;(2) <br \/>\n\tUlfvin&nbsp;&nbsp;(3) <br \/>\n\tUlfvin-Ullgren<br \/>\n\tUlfving&nbsp;&nbsp;(2) <br \/>\n\tUlfward&nbsp;&nbsp;(2) <br \/>\n\tUlfwi&nbsp;&nbsp;(2) <br \/>\n\tUlfwinger<br \/>\n\tUlgemo<br \/>\n\tUlhagen<br \/>\n\tUlianic<br \/>\n\tUlin&nbsp;&nbsp;(11) <br \/>\n\tUlitzsch<br \/>\n\tUljanic<br \/>\n\tUlke<br \/>\n\tUllander&nbsp;&nbsp;(2) <br \/>\n\tUllberg&nbsp;&nbsp;(14) <br \/>\n\tUllberg-Ullgren<br \/>\n\tUllberg-Ullinder<br \/>\n\tUllberg-Ullman<br \/>\n\tUllberger&nbsp;&nbsp;(2) <br \/>\n\tUllbin&nbsp;&nbsp;(2) <br \/>\n\tUllbinger<br \/>\n\tUllborn<br \/>\n\tUllbors<br \/>\n\tUllbrand<br \/>\n\tUllbrant<br \/>\n\tUllbring<br \/>\n\tUllbrink<br \/>\n\tUllbro<br \/>\n\tUllby<br \/>\n\tUllb\u00e4ck&nbsp;&nbsp;(2) <br \/>\n\tUlldahl<br \/>\n\tUlle&nbsp;&nbsp;(2) <br \/>\n\tUlleberg<br \/>\n\tUllefors<br \/>\n\tUllemar&nbsp;&nbsp;(2) <br \/>\n\tUllemark<br \/>\n\tUllemo<br \/>\n\tUll\u00e9n&nbsp;&nbsp;(8) <br \/>\n\tUllenbrand<br \/>\n\tUllendorff<br \/>\n\tUllenhag&nbsp;&nbsp;(2) <br \/>\n\tUllenius&nbsp;&nbsp;(4) <br \/>\n\tUllens de Schooten<br \/>\n\tUllenstav<br \/>\n\tUllenvik<br \/>\n\tUller&nbsp;&nbsp;(2) <br \/>\n\tUllerback&nbsp;&nbsp;(2) <br \/>\n\tUllerborn<br \/>\n\tUllerdal<br \/>\n\tUllerfeldt<br \/>\n\tUllerfjord<br \/>\n\tUllergren<br \/>\n\tUllerg\u00e5rd<br \/>\n\tUllerkrans<br \/>\n\tUllerstad&nbsp;&nbsp;(2) <br \/>\n\tUllerstam<br \/>\n\tUllerstedt&nbsp;&nbsp;(2) <br \/>\n\tUllerstig<br \/>\n\tUllerstrand<br \/>\n\tUllert<br \/>\n\tUllerud&nbsp;&nbsp;(2) <br \/>\n\tUlleryd<br \/>\n\tUller\u00e5s<br \/>\n\tUller\u00f6<br \/>\n\tUllesj\u00f6<br \/>\n\tUllestad<br \/>\n\tUllfors&nbsp;&nbsp;(2) <br \/>\n\tUllgren&nbsp;&nbsp;(4) <br \/>\n\tUllgren-Ullstrand<br \/>\n\tUllgrund-Ullstedt<br \/>\n\tUllhag<br \/>\n\tUllhammar&nbsp;&nbsp;(2) <br \/>\n\tUllhed&nbsp;&nbsp;(2) <br \/>\n\tUllholm&nbsp;&nbsp;(2) <br \/>\n\tUllin<br \/>\n\tUllisg\u00e5rd<br \/>\n\tUllman&nbsp;&nbsp;(20) <br \/>\n\tUllman-Uhnbom<br \/>\n\tUllman-Ullsten<br \/>\n\tUllman-Ullstr\u00f6m<br \/>\n\tUllmann<br \/>\n\tUllmark&nbsp;&nbsp;(3) <br \/>\n\tUllmarker<br \/>\n\tUllner&nbsp;&nbsp;(4) <br \/>\n\tUllreich<br \/>\n\tUllrich&nbsp;&nbsp;(3) <br \/>\n\tUllrot<br \/>\n\tUllskog&nbsp;&nbsp;(2) <br \/>\n\tUllstad&nbsp;&nbsp;(2) <br \/>\n\tUllstadius<br \/>\n\tUllstam<br \/>\n\tUllstedt<br \/>\n\tUllstedt-Ulsberg<br \/>\n\tUllsten&nbsp;&nbsp;(2) <br \/>\n\tUllstig<br \/>\n\tUllstrand&nbsp;&nbsp;(3) <br \/>\n\tUllstrand-Ulrich<br \/>\n\tUllstr\u00f6m&nbsp;&nbsp;(6) <br \/>\n\tUllstr\u00f6m-Ulmgren<br \/>\n\tUllstr\u00f6m-Unger<br \/>\n\tUlls\u00e5ker<br \/>\n\tUlls\u00e4ter<br \/>\n\tUlltin&nbsp;&nbsp;(3) <br \/>\n\tUlltj\u00e4rn<br \/>\n\tUllvahn&nbsp;&nbsp;(2) <br \/>\n\tUllv\u00e9n&nbsp;&nbsp;(2) <br \/>\n\tUllves\u00e4ter<br \/>\n\tUllvetter<br \/>\n\tUllvik<br \/>\n\tUllvin<br \/>\n\tUlm<br \/>\n\tUlman<br \/>\n\tUlmander<br \/>\n\tUlme&nbsp;&nbsp;(2) <br \/>\n\tUlmeg\u00e5rd<br \/>\n\tUlmehag<br \/>\n\tUlmer<br \/>\n\tUlmeredh<br \/>\n\tUlmert<br \/>\n\tUlmeryd<br \/>\n\tUlmestedt<br \/>\n\tUlmevik&nbsp;&nbsp;(2) <br \/>\n\tUlmfors<br \/>\n\tUlmgren&nbsp;&nbsp;(3) <br \/>\n\tUlmhage<br \/>\n\tUlming<br \/>\n\tUlmius<br \/>\n\tUlmn\u00e4s<br \/>\n\tUlmoo<br \/>\n\tUlmrerudh<br \/>\n\tUlmstedt<br \/>\n\tUlmstedt-Unander<br \/>\n\tUlmsten<br \/>\n\tUlm\u00e5s<br \/>\n\tUlne&nbsp;&nbsp;(3) <br \/>\n\tUlner<br \/>\n\tUlonska<br \/>\n\tUlr\u00e9n<br \/>\n\tUlrich&nbsp;&nbsp;(2) <br \/>\n\tUlrich-Unander<br \/>\n\tUlrichs&nbsp;&nbsp;(2) <br \/>\n\tUlrici<br \/>\n\tUlriksen<br \/>\n\tUlriksson&nbsp;&nbsp;(3) <br \/>\n\tUlsch\u00f6ld-Unberg<br \/>\n\tUlshager<br \/>\n\tUlstad<br \/>\n\tUltenius<br \/>\n\tUlterman<br \/>\n\tUltvedt&nbsp;&nbsp;(2) <br \/>\n\tUlucan<br \/>\n\tUlucay<br \/>\n\tUluots<br \/>\n\tUluots-Wiget<br \/>\n\tUlups<br \/>\n\tUlvaeus<br \/>\n\tUlvan<br \/>\n\tUlvander&nbsp;&nbsp;(2) <br \/>\n\tUlvbildt<br \/>\n\tUlvborn<br \/>\n\tUlvbringe<br \/>\n\tUlvb\u00e4ck<br \/>\n\tUlvdell<br \/>\n\tUlve<br \/>\n\tUlvebring&nbsp;&nbsp;(2) <br \/>\n\tUlvedal<br \/>\n\tUlvede&nbsp;&nbsp;(2) <br \/>\n\tUlvefeldt<br \/>\n\tUlvefjord<br \/>\n\tUlvefors<br \/>\n\tUlvegren<br \/>\n\tUlveg\u00e5rd&nbsp;&nbsp;(2) <br \/>\n\tUlveg\u00e4rde<br \/>\n\tUlveklint<br \/>\n\tUlveland&nbsp;&nbsp;(2) <br \/>\n\tUlvelind<br \/>\n\tUlvelius<br \/>\n\tUlvenbratt<br \/>\n\tUlvenfalk<br \/>\n\tUlvenfeldt<br \/>\n\tUlvenfelt<br \/>\n\tUlvenhag<br \/>\n\tUlvenhed<br \/>\n\tUlvenheim<br \/>\n\tUlvenhof<br \/>\n\tUlvenholm<br \/>\n\tUlvenstam&nbsp;&nbsp;(2) <br \/>\n\tUlvensten&nbsp;&nbsp;(2) <br \/>\n\tUlvenstrand<br \/>\n\tUlven\u00e4s<br \/>\n\tUlverud<br \/>\n\tUlveryd<br \/>\n\tUlvesand<br \/>\n\tUlveson<br \/>\n\tUlvesson<br \/>\n\tUlvestam<br \/>\n\tUlves\u00e4ter<br \/>\n\tUlvfors&nbsp;&nbsp;(2) <br \/>\n\tUlvfot&nbsp;&nbsp;(2) <br \/>\n\tUlvg\u00e5rden<br \/>\n\tUlvhag<br \/>\n\tUlvhage<br \/>\n\tUlvhammar&nbsp;&nbsp;(2) <br \/>\n\tUlvhede<br \/>\n\tUlvh\u00e4llen<br \/>\n\tUlvinen<br \/>\n\tUlving<br \/>\n\tUlvman<br \/>\n\tUlvmar<br \/>\n\tUlvmark&nbsp;&nbsp;(2) <br \/>\n\tUlvne<br \/>\n\tUlvsg\u00e4rd<br \/>\n\tUlvsheim<br \/>\n\tUlvskog&nbsp;&nbsp;(2) <br \/>\n\tUlvstig<br \/>\n\tUlvs\u00e4ng<br \/>\n\tUlv\u00e5ker<br \/>\n\tUlv\u00e5s&nbsp;&nbsp;(2) <br \/>\n\tUlv\u00f6<br \/>\n\tUlv\u00f6n\u00e4s&nbsp;&nbsp;(2) <br \/>\n\tUlwemann<br \/>\n\tUmander<br \/>\n\tUmark<br \/>\n\tUmarlar<br \/>\n\tUmberg<br \/>\n\tUmblia<br \/>\n\tUmeborn<br \/>\n\tUmeda<br \/>\n\tUmefelt<br \/>\n\tUmeflod<br \/>\n\tUmeg\u00e5rd<br \/>\n\tUmeki<br \/>\n\tUmelius<br \/>\n\tUmenius<br \/>\n\tUmerkajeff&nbsp;&nbsp;(2) <br \/>\n\tUmiastowski<br \/>\n\tUmmer<br \/>\n\tUmsonst<br \/>\n\tUnaeus<br \/>\n\tUnander&nbsp;&nbsp;(6) <br \/>\n\tUnander-Scharin&nbsp;&nbsp;(2) <br \/>\n\tUnander-Undstedt<br \/>\n\tUnander-Un\u00e9e<br \/>\n\tUnandersson<br \/>\n\tUnbeck<br \/>\n\tUnberg&nbsp;&nbsp;(2) <br \/>\n\tUnberg-Unge<br \/>\n\tUnbom-Utberg<br \/>\n\tUnborg<br \/>\n\tUnby<br \/>\n\tUnchel<br \/>\n\tUnckel&nbsp;&nbsp;(2) <br \/>\n\tUncyk<br \/>\n\tUndall<br \/>\n\tUndberg<br \/>\n\tUnde&nbsp;&nbsp;(2) <br \/>\n\tUndebeck&nbsp;&nbsp;(2) <br \/>\n\tUndeborn<br \/>\n\tUndeland<br \/>\n\tUndeman&nbsp;&nbsp;(2) <br \/>\n\tUndemo<br \/>\n\tUnd\u00e9n&nbsp;&nbsp;(10) <br \/>\n\tUnden\u00e4s<br \/>\n\tUnder<br \/>\n\tUnderdal&nbsp;&nbsp;(2) <br \/>\n\tUnderhill<br \/>\n\tUnderskog<br \/>\n\tUndersrud<br \/>\n\tUnderwood<br \/>\n\tUndfors<br \/>\n\tUndhagen&nbsp;&nbsp;(2) <br \/>\n\tUndhjem<br \/>\n\tUndin&nbsp;&nbsp;(4) <br \/>\n\tUndmark&nbsp;&nbsp;(2) <br \/>\n\tUndrom<br \/>\n\tUndroom<br \/>\n\tUnds\u00e9n<br \/>\n\tUndseth<br \/>\n\tUndsj\u00f6<br \/>\n\tUndvall&nbsp;&nbsp;(2) <br \/>\n\tUne&nbsp;&nbsp;(2) <br \/>\n\tUneborg<br \/>\n\tUn\u00e9er-Unge<br \/>\n\tUnefors<br \/>\n\tUnehed&nbsp;&nbsp;(2) <br \/>\n\tUnelius&nbsp;&nbsp;(2) <br \/>\n\tUnell&nbsp;&nbsp;(4) <br \/>\n\tUnell-Unge<br \/>\n\tUnemar<br \/>\n\tUnemark<br \/>\n\tUnemo&nbsp;&nbsp;(2) <br \/>\n\tUnenge&nbsp;&nbsp;(2) <br \/>\n\tUn\u00e9r<br \/>\n\tUnered<br \/>\n\tUnerfalk<br \/>\n\tUnestad<br \/>\n\tUnestam&nbsp;&nbsp;(2) <br \/>\n\tUneus&nbsp;&nbsp;(2) <br \/>\n\tUnevall<br \/>\n\tUnevik<br \/>\n\tUnfors<br \/>\n\tUng<br \/>\n\tUnga&nbsp;&nbsp;(2) <br \/>\n\tUngamporn<br \/>\n\tUngby<br \/>\n\tUnge&nbsp;&nbsp;(7) <br \/>\n\tUnge von&nbsp;&nbsp;(2) <br \/>\n\tUnge-Unger&nbsp;&nbsp;(3) <br \/>\n\tUnger&nbsp;&nbsp;(17) <br \/>\n\tUnger-Unnerstedt<br \/>\n\tUnger-Unonius<br \/>\n\tUnger-Upling<br \/>\n\tUnger-Uppmark<br \/>\n\tUngerath<br \/>\n\tUngerborn<br \/>\n\tUngerb\u00e4ck<br \/>\n\tUngerf\u00e4lt<br \/>\n\tUngerholm&nbsp;&nbsp;(2) <br \/>\n\tUngerman<br \/>\n\tUngermark&nbsp;&nbsp;(2) <br \/>\n\tUngern<br \/>\n\tUngerson&nbsp;&nbsp;(2) <br \/>\n\tUngerstedt&nbsp;&nbsp;(2) <br \/>\n\tUngerth&nbsp;&nbsp;(2) <br \/>\n\tUngervall<br \/>\n\tUngesson&nbsp;&nbsp;(2) <br \/>\n\tUngest\u00e5l<br \/>\n\tUngeth\u00fcm<br \/>\n\tUngewitter&nbsp;&nbsp;(2) <br \/>\n\tUngfeldt&nbsp;&nbsp;(2) <br \/>\n\tUngh<br \/>\n\tUnghagen&nbsp;&nbsp;(2) <br \/>\n\tUnghammar&nbsp;&nbsp;(2) <br \/>\n\tUnghanse<br \/>\n\tUngheden<br \/>\n\tUngman&nbsp;&nbsp;(2) <br \/>\n\tUngmark&nbsp;&nbsp;(2) <br \/>\n\tUngren<br \/>\n\tUngroth<br \/>\n\tUngsg\u00e5rd<br \/>\n\tUngvall<br \/>\n\tUngvary, Ungvari<br \/>\n\tUnhage<br \/>\n\tUnhagen<br \/>\n\tUnh\u00e4ll&nbsp;&nbsp;(2) <br \/>\n\tUnker<br \/>\n\tUnland<br \/>\n\tUnmack<br \/>\n\tUnman&nbsp;&nbsp;(3) <br \/>\n\tUnmark&nbsp;&nbsp;(2) <br \/>\n\tUnna<br \/>\n\tUnnbom<br \/>\n\tUnn\u00e9&nbsp;&nbsp;(2) <br \/>\n\tUnneberg&nbsp;&nbsp;(2) <br \/>\n\tUnnebo<br \/>\n\tUnneb\u00e4ck&nbsp;&nbsp;(2) <br \/>\n\tUnnedal<br \/>\n\tUnnefeldt<br \/>\n\tUnnefors&nbsp;&nbsp;(2) <br \/>\n\tUnneg\u00e5rd&nbsp;&nbsp;(2) <br \/>\n\tUnnelid<br \/>\n\tUnnemo<br \/>\n\tUnn\u00e9r<br \/>\n\tUnnerby<br \/>\n\tUnnerb\u00e4ck<br \/>\n\tUnnerfelt&nbsp;&nbsp;(2) <br \/>\n\tUnnerg\u00e5rd<br \/>\n\tUnnerg\u00e5rdh<br \/>\n\tUnnerhag<br \/>\n\tUnnerholm&nbsp;&nbsp;(2) <br \/>\n\tUnnermark&nbsp;&nbsp;(2) <br \/>\n\tUnnermo<br \/>\n\tUnnermyr<br \/>\n\tUnnersj\u00f6<br \/>\n\tUnnerstad&nbsp;&nbsp;(3) <br \/>\n\tUnnerstam<br \/>\n\tUnnerstedt<br \/>\n\tUnnerstedt-Uppling<br \/>\n\tUnnersten&nbsp;&nbsp;(2) <br \/>\n\tUnnerst\u00e5l<br \/>\n\tUnnerst\u00e5le<br \/>\n\tUnnerud<br \/>\n\tUnnerus&nbsp;&nbsp;(3) <br \/>\n\tUnnervik<br \/>\n\tUnneryd&nbsp;&nbsp;(2) <br \/>\n\tUnnes&nbsp;&nbsp;(2) <br \/>\n\tUnnevik&nbsp;&nbsp;(2) <br \/>\n\tUnnholm<br \/>\n\tUnning<br \/>\n\tUno<br \/>\n\tUnonius&nbsp;&nbsp;(2) <br \/>\n\tUnonius-Uppman<br \/>\n\tUnosdotter<br \/>\n\tUnoson&nbsp;&nbsp;(2) <br \/>\n\tUnosson<br \/>\n\tUnroth<br \/>\n\tUnruh<br \/>\n\tUnsal<br \/>\n\tUnsbo<br \/>\n\tUnsgaard&nbsp;&nbsp;(3) <br \/>\n\tUnstedt<br \/>\n\tUnsworth<br \/>\n\tUnt<br \/>\n\tUnterkircher<br \/>\n\tUnterseher<br \/>\n\tUnti<br \/>\n\tUnunger&nbsp;&nbsp;(3) <br \/>\n\tUnzell&nbsp;&nbsp;(2) <br \/>\n\tUn\u00e4us<br \/>\n\tUotila<br \/>\n\tUotinen<br \/>\n\tUpe<br \/>\n\tUpling-Urw\u00e4der<br \/>\n\tUpman<br \/>\n\tUpmark&nbsp;&nbsp;(5) <br \/>\n\tUppala<br \/>\n\tUppeke&nbsp;&nbsp;(2) <br \/>\n\tUppenberg&nbsp;&nbsp;(2) <br \/>\n\tUppenkamp<br \/>\n\tUpper<br \/>\n\tUpperud<br \/>\n\tUppfeldt&nbsp;&nbsp;(2) <br \/>\n\tUppgard<br \/>\n\tUppgren&nbsp;&nbsp;(2) <br \/>\n\tUpphagen<br \/>\n\tUpphoff<br \/>\n\tUpplander<br \/>\n\tUppling&nbsp;&nbsp;(3) <br \/>\n\tUppling-Uhr<br \/>\n\tUppman&nbsp;&nbsp;(4) <br \/>\n\tUppman-Utfall<br \/>\n\tUppmark<br \/>\n\tUppsell<br \/>\n\tUppstedt-Utberg<br \/>\n\tUppsten<br \/>\n\tUppstr\u00f6m&nbsp;&nbsp;(4) <br \/>\n\tUppstr\u00f6mer&nbsp;&nbsp;(2) <br \/>\n\tUpps\u00e4ll&nbsp;&nbsp;(2) <br \/>\n\tUppvall&nbsp;&nbsp;(2) <br \/>\n\tUpward<br \/>\n\tUr-Rehman<br \/>\n\tUrag\u00e5rd<br \/>\n\tUralo<br \/>\n\tUramowicz<br \/>\n\tUrander<br \/>\n\tUranie<br \/>\n\tUranus<br \/>\n\tUrbach<br \/>\n\tUrban&nbsp;&nbsp;(4) <br \/>\n\tUrbanek<br \/>\n\tUrbanski<br \/>\n\tUrbanski von<br \/>\n\tUrbas<br \/>\n\tUrbath<br \/>\n\tUrberger<br \/>\n\tUrbom&nbsp;&nbsp;(2) <br \/>\n\tUrbonas<br \/>\n\tUrb\u00e4ck<br \/>\n\tUrdahl<br \/>\n\tUrde&nbsp;&nbsp;(2) <br \/>\n\tUrdell<br \/>\n\tUrd\u00e9n&nbsp;&nbsp;(2) <br \/>\n\tUrdin<br \/>\n\tUrdmark&nbsp;&nbsp;(2) <br \/>\n\tUrdzewicsh<br \/>\n\tUrefors&nbsp;&nbsp;(2) <br \/>\n\tUrelius<br \/>\n\tUrell&nbsp;&nbsp;(2) <br \/>\n\tUreta<br \/>\n\tUrfelt<br \/>\n\tUrfer<br \/>\n\tUrgard<br \/>\n\tUrge<br \/>\n\tUrgell<br \/>\n\tUrheim&nbsp;&nbsp;(2) <br \/>\n\tUribe<br \/>\n\tUriel<br \/>\n\tUries de<br \/>\n\tUrisman<br \/>\n\tUriu<br \/>\n\tUrm<br \/>\n\tUrmas-Pfister<br \/>\n\tUrmi<br \/>\n\tUrnefelt&nbsp;&nbsp;(2) <br \/>\n\tUrn\u00e4s<br \/>\n\tUrosevic<br \/>\n\tUrpilainen<br \/>\n\tUrquhart<br \/>\n\tUrrestar\u00e1zu<br \/>\n\tUrsberg<br \/>\n\tUrsby<br \/>\n\tUrselius<br \/>\n\tUrsell&nbsp;&nbsp;(2) <br \/>\n\tUrsin<br \/>\n\tUrsing&nbsp;&nbsp;(4) <br \/>\n\tUrsprung<br \/>\n\tUrstad Jensen-<br \/>\n\tUrsten<br \/>\n\tUrs\u00e4ter<br \/>\n\tUrtel&nbsp;&nbsp;(2) <br \/>\n\tUrthaler<br \/>\n\tUrv\u00e4rn&nbsp;&nbsp;(2) <br \/>\n\tUrwitz&nbsp;&nbsp;(2) <br \/>\n\tUrzander<br \/>\n\tUsborne<br \/>\n\tUschold<br \/>\n\tUsedom von-Utterbom<br \/>\n\tUselius<br \/>\n\tUsher<br \/>\n\tUskali<br \/>\n\tUskokovic<br \/>\n\tUskonen<br \/>\n\tUsqueda<br \/>\n\tUssing<br \/>\n\tUssisoo<br \/>\n\tUsslar von<br \/>\n\tUstav<br \/>\n\tUsterud&nbsp;&nbsp;(2) <br \/>\n\tUstinoff<br \/>\n\tUst\u00fcn<br \/>\n\tUta<br \/>\n\tUtas&nbsp;&nbsp;(3) <br \/>\n\tUtberg&nbsp;&nbsp;(3) <br \/>\n\tUtberg-Utter<br \/>\n\tUtberg-Wadsten<br \/>\n\tUtbult&nbsp;&nbsp;(2) <br \/>\n\tUtby<br \/>\n\tUtbys<br \/>\n\tUtding<br \/>\n\tUt\u00e9ng<br \/>\n\tUtfall<br \/>\n\tUtfall von<br \/>\n\tUtfall-Utterbeck<br \/>\n\tUtgren<br \/>\n\tUtg\u00e5rd<br \/>\n\tUthman<br \/>\n\tUthmann<br \/>\n\tUthmann von<br \/>\n\tUthorn<br \/>\n\tUtieschil<br \/>\n\tUtku<br \/>\n\tUtling<br \/>\n\tUtne<br \/>\n\tUtnes&nbsp;&nbsp;(2) <br \/>\n\tUtriainen<br \/>\n\tUtschakowsky<br \/>\n\tUtsi<br \/>\n\tUtstrand&nbsp;&nbsp;(2) <br \/>\n\tUttam<br \/>\n\tUtter&nbsp;&nbsp;(5) <br \/>\n\tUtter-Uttermark<br \/>\n\tUtter-Utterson<br \/>\n\tUtterbeck-Utterstr\u00f6m<br \/>\n\tUtterberg&nbsp;&nbsp;(2) <br \/>\n\tUtterbom-Wad\u00e9n<br \/>\n\tUtterborn<br \/>\n\tUtterb\u00e4ck&nbsp;&nbsp;(2) <br \/>\n\tUtterdahl<br \/>\n\tUtterg\u00e5rd&nbsp;&nbsp;(2) <br \/>\n\tUtterhall&nbsp;&nbsp;(3) <br \/>\n\tUtterheim<br \/>\n\tUttermalm<br \/>\n\tUtterman&nbsp;&nbsp;(2) <br \/>\n\tUttern\u00e4s<br \/>\n\tUttersj\u00f6\u00f6<br \/>\n\tUtterstad<br \/>\n\tUtterstam&nbsp;&nbsp;(2) <br \/>\n\tUtterstedt&nbsp;&nbsp;(2) <br \/>\n\tUttersten&nbsp;&nbsp;(2) <br \/>\n\tUtterstr\u00f6m&nbsp;&nbsp;(11) <br \/>\n\tUtterstr\u00f6m-Utterstr\u00f6m<br \/>\n\tUtterstr\u00f6m-Uttini<br \/>\n\tUtterud<br \/>\n\tUttervik<br \/>\n\tUttke<br \/>\n\tUtuste<br \/>\n\tUtvall<br \/>\n\tUtzinger<br \/>\n\tUukivi<br \/>\n\tUulas&nbsp;&nbsp;(2) <br \/>\n\tUusemaa<br \/>\n\tUusi-Rajosolo<br \/>\n\tUUsij\u00e4rvi&nbsp;&nbsp;(2) <br \/>\n\tUusimaa<br \/>\n\tUusim\u00e4ki<br \/>\n\tUusitalo&nbsp;&nbsp;(2) <br \/>\n\tUusitupa<br \/>\n\tUusivirta<br \/>\n\tUusj\u00e4rvi<br \/>\n\tUuskar<br \/>\n\tUusma&nbsp;&nbsp;(2) <br \/>\n\tUusman<br \/>\n\tUussaar<br \/>\n\tUustal<br \/>\n\tUutma<br \/>\n\tUvebo<br \/>\n\tUvebrandt<br \/>\n\tUveby<br \/>\n\tUvegren<br \/>\n\tUveg\u00e5rd<br \/>\n\tUvehag<br \/>\n\tUveland<br \/>\n\tUvelid<br \/>\n\tUvelind<br \/>\n\tUvell&nbsp;&nbsp;(2) <br \/>\n\tUvel\u00f6v<br \/>\n\tUvemark<br \/>\n\tUvemo<br \/>\n\tUv\u00e9n<br \/>\n\tUvenbeck<br \/>\n\tUvesj\u00f6<br \/>\n\tUvesten<br \/>\n\tUvfors<br \/>\n\tUvg\u00e5rd<br \/>\n\tUvhagen&nbsp;&nbsp;(2) <br \/>\n\tUvhammar<br \/>\n\tUvheden<br \/>\n\tUvn\u00e4s&nbsp;&nbsp;(2) <br \/>\n\tUvskog<br \/>\n\tUvstam&nbsp;&nbsp;(2) <br \/>\n\tUv\u00e5s<br \/>\n\tUv\u00e4ng&nbsp;&nbsp;(2) <br \/>\n\tUxkull<br \/>\n\tUxner<br \/>\n\tUyma<br \/>\n\tU\u00fcterwaal<br \/>\n\tUyting<br \/>\n\tUz<br \/>\n\tUzelac<br \/>\n\tUziel<br \/>\n\tUz\u00fcmc\u00fc<\/p>\n","protected":false},"excerpt":{"rendered":"<p>H\u00e4r listas samtliga namn. F\u00f6r att se familjenotiserna beh\u00f6vs inloggning p\u00e5 medlemssidorna. TIPS! Anv\u00e4nd din webbl\u00e4sare f\u00f6r att s\u00f6ka inom denna sida: S\u00f6krutan dyker i regel upp vid klick p\u00e5 knapparna ctrl + F. U, diverse&nbsp;&nbsp;(2) Ubbe&nbsp;&nbsp;(2) Ubbens Ubbman-Uddsten Ubbstr\u00f6m-Uddenberg Ubby&nbsp;&nbsp;(2) Ubeckel-Uddman Uberg Ubershier-Uddman Ubiero Unyango Ubillus Ubisch Ubisch von Ubrant Uby&nbsp;&nbsp;(2) Uchermann Uckerman Ucko &#8230; <a title=\"Klipparkivet U\" class=\"read-more\" href=\"https:\/\/www.genealogi.net\/nova\/a-o\/klipparkivets-namnregister\/klipparkivet-u\/\" aria-label=\"L\u00e4s mer om Klipparkivet U\">L\u00e4s mer<\/a><\/p>\n","protected":false},"author":2,"featured_media":0,"parent":1856,"menu_order":0,"comment_status":"closed","ping_status":"closed","template":"","meta":{"footnotes":""},"class_list":["post-2791","page","type-page","status-publish"],"_links":{"self":[{"href":"https:\/\/www.genealogi.net\/nova\/wp-json\/wp\/v2\/pages\/2791","targetHints":{"allow":["GET"]}}],"collection":[{"href":"https:\/\/www.genealogi.net\/nova\/wp-json\/wp\/v2\/pages"}],"about":[{"href":"https:\/\/www.genealogi.net\/nova\/wp-json\/wp\/v2\/types\/page"}],"author":[{"embeddable":true,"href":"https:\/\/www.genealogi.net\/nova\/wp-json\/wp\/v2\/users\/2"}],"replies":[{"embeddable":true,"href":"https:\/\/www.genealogi.net\/nova\/wp-json\/wp\/v2\/comments?post=2791"}],"version-history":[{"count":0,"href":"https:\/\/www.genealogi.net\/nova\/wp-json\/wp\/v2\/pages\/2791\/revisions"}],"up":[{"embeddable":true,"href":"https:\/\/www.genealogi.net\/nova\/wp-json\/wp\/v2\/pages\/1856"}],"wp:attachment":[{"href":"https:\/\/www.genealogi.net\/nova\/wp-json\/wp\/v2\/media?parent=2791"}],"curies":[{"name":"wp","href":"https:\/\/api.w.org\/{rel}","templated":true}]}}