{"id":297,"date":"2026-01-02T00:21:29","date_gmt":"2026-01-01T23:21:29","guid":{"rendered":"https:\/\/www.genealogi.net\/nova\/?page_id=297"},"modified":"2026-03-07T15:33:45","modified_gmt":"2026-03-07T14:33:45","slug":"studiebesok","status":"publish","type":"page","link":"https:\/\/www.genealogi.net\/nova\/studiebesok\/","title":{"rendered":"Studiebes\u00f6k hos oss"},"content":{"rendered":"\n<ul class=\"wp-block-list\">\n<li>Om du inte \u00e4r medlem kan du alltid utan kostnad bes\u00f6ka v\u00e5r lokal n\u00e4r den \u00e4r \u00f6ppen och utnyttja arkiv- och bibliotek en g\u00e5ng. Efter f\u00f6rsta bes\u00f6ket tar vi en avgift p\u00e5 50 kronor per g\u00e5ng. Om du blir medlem har du fri tillg\u00e5ng till arkiv- och bibliotek under lokalens \u00f6ppettider.<\/li>\n\n\n\n<li>Vi tar emot studiebes\u00f6k av grupper upp till 20 personer f\u00f6r visning av arkiv- och bibliotek. \n<ul class=\"wp-block-list\">\n<li>F\u00f6r studiebes\u00f6k av grupper tar vi en avgift p\u00e5 1500 kronor.<\/li>\n\n\n\n<li>Ett s\u00e5dant studiebes\u00f6k tar cirka 60-90 minuter.<\/li>\n<\/ul>\n<\/li>\n\n\n\n<li>Studiebes\u00f6k kan kombineras med att vi ger ett informativt f\u00f6redrag om sl\u00e4ktforskning.\n<ul class=\"wp-block-list\">\n<li>Studiebes\u00f6k med f\u00f6redrag kostar 2000 kronor.<\/li>\n\n\n\n<li>Exempel p\u00e5 \u00e4mne \u00e4r \u00bbHur b\u00f6r man b\u00f6rja sl\u00e4ktforska?\u00ab, men vi kan ocks\u00e5 skr\u00e4ddarsy \u00e4mne efter \u00f6nskem\u00e5l.<\/li>\n\n\n\n<li>Studiebes\u00f6k med f\u00f6redrag tar ca 2,5 timmar.<\/li>\n<\/ul>\n<\/li>\n\n\n\n<li>F\u00f6r att boka studief\u00f6redrag kontakta oss p\u00e5 <a href=\"mailto:gf@genealogi.net\">gf@genealogi.net<\/a>.<\/li>\n<\/ul>\n","protected":false},"excerpt":{"rendered":"","protected":false},"author":2,"featured_media":0,"parent":0,"menu_order":0,"comment_status":"closed","ping_status":"closed","template":"","meta":{"footnotes":""},"class_list":["post-297","page","type-page","status-publish"],"_links":{"self":[{"href":"https:\/\/www.genealogi.net\/nova\/wp-json\/wp\/v2\/pages\/297","targetHints":{"allow":["GET"]}}],"collection":[{"href":"https:\/\/www.genealogi.net\/nova\/wp-json\/wp\/v2\/pages"}],"about":[{"href":"https:\/\/www.genealogi.net\/nova\/wp-json\/wp\/v2\/types\/page"}],"author":[{"embeddable":true,"href":"https:\/\/www.genealogi.net\/nova\/wp-json\/wp\/v2\/users\/2"}],"replies":[{"embeddable":true,"href":"https:\/\/www.genealogi.net\/nova\/wp-json\/wp\/v2\/comments?post=297"}],"version-history":[{"count":7,"href":"https:\/\/www.genealogi.net\/nova\/wp-json\/wp\/v2\/pages\/297\/revisions"}],"predecessor-version":[{"id":18608,"href":"https:\/\/www.genealogi.net\/nova\/wp-json\/wp\/v2\/pages\/297\/revisions\/18608"}],"wp:attachment":[{"href":"https:\/\/www.genealogi.net\/nova\/wp-json\/wp\/v2\/media?parent=297"}],"curies":[{"name":"wp","href":"https:\/\/api.w.org\/{rel}","templated":true}]}}