{"id":3228,"date":"2013-08-17T18:55:20","date_gmt":"2013-08-17T16:55:20","guid":{"rendered":"http:\/\/www.genealogi.net\/?page_id=3228"},"modified":"2026-04-30T10:41:26","modified_gmt":"2026-04-30T08:41:26","slug":"hangmappsarkivet-2","status":"publish","type":"page","link":"https:\/\/www.genealogi.net\/nova\/hangmappsarkivet-2\/","title":{"rendered":"H\u00e4ngmappsarkivet 1"},"content":{"rendered":"<div>\n\tP&aring; GF finns ett rum med cirka 4&nbsp;000 h&auml;ngmappar med handskrivna l&ouml;sa anteckningar och p&aring;b&ouml;rjade antavlor, ofta sk&auml;nkt av privatpersoner\/familjer. Allt &auml;r sorterat efter sl&auml;ktnamn eller ort.&nbsp;\n<\/div>\n<div>\n\t<a href=\"http:\/\/www.genealogi.net\/a-o\/slaktkartoteket\/\">Listor med sl&auml;ktnamn kan du hitta i v&aring;rt Sl&auml;ktkartotek<\/a>.<br \/>\n\tH&auml;ngmappsarkivet &rdquo;ordnas och f&ouml;rtecknas&rdquo; f&ouml;r n&auml;rvarande. M&aring;let &auml;r att skanna allt material f&ouml;r att g&ouml;ra det tillg&auml;ngligt digitalt p&aring; medlemssidorna. Steg ett &auml;r att vi skannat anteckningar om sl&auml;kter som enbart &auml;r sorterade efter ort. Bilderna g&aring;r att se p&aring; medlemssidan via GFs digitaliserade arkiv. Namnregistrering p&aring;g&aring;r.\n<\/div>\n<div>\n\t&nbsp;\n<\/div>\n<div>\n\t&nbsp;\n<\/div>\n<div>\n\t&nbsp;\n<\/div>\n<div>\n\t<a href=\"http:\/\/www.genealogi.net\/gfwp\/wp-content\/uploads\/2013\/08\/kameraimport-1-maj-2012-359.jpg\"><img loading=\"lazy\" decoding=\"async\" align=\"right\" alt=\"Pl\u00e5tl\u00e5da med h\u00e4ngmappas\" class=\"alignright size-medium wp-image-3229\" height=\"225\" src=\"http:\/\/www.genealogi.net\/gfwp\/wp-content\/uploads\/2013\/08\/kameraimport-1-maj-2012-359-300x225.jpg\" width=\"300\" srcset=\"https:\/\/www.genealogi.net\/nova\/wp-content\/uploads\/2013\/08\/kameraimport-1-maj-2012-359-300x225.jpg 300w, https:\/\/www.genealogi.net\/nova\/wp-content\/uploads\/2013\/08\/kameraimport-1-maj-2012-359-1024x768.jpg 1024w, https:\/\/www.genealogi.net\/nova\/wp-content\/uploads\/2013\/08\/kameraimport-1-maj-2012-359-768x576.jpg 768w, https:\/\/www.genealogi.net\/nova\/wp-content\/uploads\/2013\/08\/kameraimport-1-maj-2012-359-1536x1152.jpg 1536w, https:\/\/www.genealogi.net\/nova\/wp-content\/uploads\/2013\/08\/kameraimport-1-maj-2012-359-2048x1536.jpg 2048w\" sizes=\"auto, (max-width: 300px) 100vw, 300px\" \/><\/a>Fakta i h&auml;ngmappsarkivet &auml;r noterat i kartoteket antingen som:\n<\/div>\n<div>\n\t<span style=\"color:#0000cd;\">&rdquo;Vitt kort ref till handskrifter, GFs sl&auml;ktarkiv&rdquo;<\/span>\n<\/div>\n<div>\n\teller\n<\/div>\n<div>\n\t<span style=\"color:#0000cd;\">&rdquo;Vitt kort ref till handskrifter, GFs antavlor&rdquo;<\/span>\n<\/div>\n<div>\n\t<br \/>\n\t(I sl&auml;ktkartoteket ing&aring;r &auml;ven sl&auml;ktnamn med h&auml;nvisning till litteratur).\n<\/div>\n<div>\n\t&nbsp;\n<\/div>\n<div>\n\t&nbsp;\n<\/div>\n<div>\n\t<em>Exempel p&aring; handskriven antavla. <\/em>\n<\/div>\n<div>\n\t<em>Klicka p&aring; bilden f&ouml;r f&ouml;rstoring.<\/em>\n<\/div>\n<div>\n\t<a href=\"http:\/\/www.genealogi.net\/gfwp\/wp-content\/uploads\/2013\/08\/imp130306-319.jpg\"><img loading=\"lazy\" decoding=\"async\" align=\"left\" alt=\"exempel handskriven antavla\" class=\"aligncenter size-medium wp-image-3234\" height=\"225\" src=\"http:\/\/www.genealogi.net\/gfwp\/wp-content\/uploads\/2013\/08\/imp130306-319-300x225.jpg\" width=\"300\" srcset=\"https:\/\/www.genealogi.net\/nova\/wp-content\/uploads\/2013\/08\/imp130306-319-300x225.jpg 300w, https:\/\/www.genealogi.net\/nova\/wp-content\/uploads\/2013\/08\/imp130306-319-1024x768.jpg 1024w, https:\/\/www.genealogi.net\/nova\/wp-content\/uploads\/2013\/08\/imp130306-319-768x576.jpg 768w, https:\/\/www.genealogi.net\/nova\/wp-content\/uploads\/2013\/08\/imp130306-319-1536x1152.jpg 1536w, https:\/\/www.genealogi.net\/nova\/wp-content\/uploads\/2013\/08\/imp130306-319-2048x1536.jpg 2048w\" sizes=\"auto, (max-width: 300px) 100vw, 300px\" \/><\/a>\n<\/div>\n","protected":false},"excerpt":{"rendered":"<p>P&aring; GF finns ett rum med cirka 4&nbsp;000 h&auml;ngmappar med handskrivna l&ouml;sa anteckningar och p&aring;b&ouml;rjade antavlor, ofta sk&auml;nkt av privatpersoner\/familjer. Allt &auml;r sorterat efter sl&auml;ktnamn eller ort.&nbsp; Listor med sl&auml;ktnamn kan du hitta i v&aring;rt Sl&auml;ktkartotek. H&auml;ngmappsarkivet &rdquo;ordnas och f&ouml;rtecknas&rdquo; f&ouml;r n&auml;rvarande. M&aring;let &auml;r att skanna allt material f&ouml;r att g&ouml;ra det tillg&auml;ngligt digitalt p&aring; &#8230; <a title=\"H\u00e4ngmappsarkivet 1\" class=\"read-more\" href=\"https:\/\/www.genealogi.net\/nova\/hangmappsarkivet-2\/\" aria-label=\"L\u00e4s mer om H\u00e4ngmappsarkivet 1\">L\u00e4s mer<\/a><\/p>\n","protected":false},"author":2,"featured_media":2227,"parent":0,"menu_order":0,"comment_status":"closed","ping_status":"closed","template":"","meta":{"footnotes":""},"class_list":["post-3228","page","type-page","status-publish","has-post-thumbnail"],"_links":{"self":[{"href":"https:\/\/www.genealogi.net\/nova\/wp-json\/wp\/v2\/pages\/3228","targetHints":{"allow":["GET"]}}],"collection":[{"href":"https:\/\/www.genealogi.net\/nova\/wp-json\/wp\/v2\/pages"}],"about":[{"href":"https:\/\/www.genealogi.net\/nova\/wp-json\/wp\/v2\/types\/page"}],"author":[{"embeddable":true,"href":"https:\/\/www.genealogi.net\/nova\/wp-json\/wp\/v2\/users\/2"}],"replies":[{"embeddable":true,"href":"https:\/\/www.genealogi.net\/nova\/wp-json\/wp\/v2\/comments?post=3228"}],"version-history":[{"count":1,"href":"https:\/\/www.genealogi.net\/nova\/wp-json\/wp\/v2\/pages\/3228\/revisions"}],"predecessor-version":[{"id":19649,"href":"https:\/\/www.genealogi.net\/nova\/wp-json\/wp\/v2\/pages\/3228\/revisions\/19649"}],"wp:featuredmedia":[{"embeddable":true,"href":"https:\/\/www.genealogi.net\/nova\/wp-json\/wp\/v2\/media\/2227"}],"wp:attachment":[{"href":"https:\/\/www.genealogi.net\/nova\/wp-json\/wp\/v2\/media?parent=3228"}],"curies":[{"name":"wp","href":"https:\/\/api.w.org\/{rel}","templated":true}]}}