{"id":3657,"date":"2013-09-17T23:56:50","date_gmt":"2013-09-17T21:56:50","guid":{"rendered":"http:\/\/www.genealogi.net\/?page_id=3657"},"modified":"2013-09-17T23:56:50","modified_gmt":"2013-09-17T21:56:50","slug":"gf-evenemang","status":"publish","type":"page","link":"https:\/\/www.genealogi.net\/nova\/gf-evenemang\/","title":{"rendered":"GF:s program v\u00e5ren 2026"},"content":{"rendered":"<p>Boka in v\u00e5ra popul\u00e4ra sl\u00e4ktforskarkaf\u00e9er och temadagar och tipsa g\u00e4rna sl\u00e4ktforskarv\u00e4nner som \u00e4nnu inte \u00e4r medlemmar! Mer information och tider annonseras i GF-Aktuellt, hemsidan och Facebook n\u00e4rmare evenemangsdatumen.<\/p>\n<h2>Tiderna varierar, f\u00f6r datum se programmet:<\/h2>\n<ul>\n<li>Sl\u00e4ktforskarakuten i lokalen vissa tisdagar 13.00\u201318.00.<\/li>\n<li>L\u00f6rdagar med program \u00e4r lokalen \u00f6ppen 10.00\u201316.00. Programmet kan starta efter 10.00.<\/li>\n<li>L\u00f6rdag med \u00d6ppet hus etc \u00e4r lokalen \u00f6ppen 10.00\u201315.00<\/li>\n<li>F\u00f6r att se tider f\u00f6r det specifika programmet en l\u00f6rdag se s\u00e4rskild annonsering p\u00e5 hemsida och Facebook. Hybridm\u00f6ten sker p\u00e5 Zoom och i lokalen.<\/li>\n<li>Sl\u00e4ktforskarkaf\u00e9er p\u00e5 vissa torsdagar kl 18.30\u201320.00 h\u00e5lls via Zoom eller Google Meet .<\/li>\n<\/ul>\n<h2>Programmet:<strong>\u00a0<\/strong><\/h2>\n<ul>\n<li><strong>Torsdag 8 januari: <\/strong>Sl\u00e4ktforskarkaf\u00e9 med Olle &amp; Michael. Google Meet.<\/li>\n<li><strong>L\u00f6rdag 24 januari:<\/strong> GF:s 10:e sl\u00e4ktforskarseminarium. Hybridm\u00f6te.<\/li>\n<li><strong>Torsdag 29 januari:<\/strong> Sl\u00e4ktforskarkaf\u00e9 DNA. Zoom.<\/li>\n<li><strong style=\"font-size: revert;\">L\u00f6rdag 31 januari: <\/strong><span style=\"font-size: revert;\">Sl\u00e4ktforskningens dag i GF:s lokaler i Sundbyberg. <br \/>Tema: Att b\u00f6rja sl\u00e4ktforska.<\/span><\/li>\n<li><strong>Tisdag 3 februari:<\/strong> Sl\u00e4ktforskarakut i GF:s lokaler i Sundbyberg.<\/li>\n<li><strong>L\u00f6rdag 14 februari:<\/strong> Riksf\u00f6reningarnas digitala sl\u00e4ktforskardag. Zoom.<\/li>\n<li><strong>Torsdag 19 februari:<\/strong> Informationsm\u00f6te f\u00f6r alla medlemmar. Zoom.<\/li>\n<li><strong>L\u00f6rdag 28 februari:<\/strong> \u00d6ppet hus i GF:s lokaler i Sundbyberg.<\/li>\n<li><strong>Tisdag 3 mars:<\/strong> Sl\u00e4ktforskarakut i GF:s lokaler i Sundbyberg.<\/li>\n<li><strong>Torsdag 5 mars: <\/strong>Sl\u00e4ktforskarkaf\u00e9 med Olle och Michael. Google Meet.<\/li>\n<li><strong>Onsdag 11 mars:<\/strong> Kursstart f\u00f6r Y-DNA fr\u00e5n b\u00f6rjan. <br \/>Sista anm\u00e4lningsdag: 27 februari 2026 (f\u00f6rst till kvarn).<\/li>\n<li><strong>L\u00f6rdag 14 mars:<\/strong> Temal\u00f6rdag \u2013 \u201dP\u00e5 v\u00e4g f\u00f6re 1850\u201d. Hybridm\u00f6te.<\/li>\n<li><strong>Torsdag 19 mars:<\/strong> Sl\u00e4ktforskarkaf\u00e9. Tema \u201dSl\u00e4ktber\u00e4ttelser\u201d. Zoom. M\u00f6tet \u00e4r \u00f6ppet f\u00f6r alla och gratis. Icke medlemmar f\u00e5r l\u00e4nk efter anm\u00e4lan till <a href=\"mailto:boka@gmail.com\">boka@gmail.com<\/a>. Medlemmar hittar l\u00e4nk p\u00e5 medlemssidan.<\/li>\n<li><strong>L\u00f6rdag 28 mars: <\/strong>\u00d6ppet hus i GF:s lokaler i Sundbyberg.<\/li>\n<li><strong>Tisdag 31 mars:<\/strong> Sl\u00e4ktforskarakut i GF:s lokaler i Sundbyberg.<\/li>\n<li><strong>Torsdag 9 april:<\/strong> Sl\u00e4ktforskarkaf\u00e9 med Olle &amp; Michael. Google Meet.<\/li>\n<li><strong>L\u00f6rdag 18 april:<\/strong> F\u00f6reningsst\u00e4mma. Hybridm\u00f6te.<\/li>\n<li><strong>L\u00f6rdag 25 april:<\/strong> Temal\u00f6rdag \u2013 \u201dSl\u00e4ktforska om minoriteter\u201d. Hybridm\u00f6te.<\/li>\n<li><strong>Torsdag 7 maj:<\/strong> Sl\u00e4ktforskarkaf\u00e9 DNA. Zoom.<\/li>\n<li><strong>L\u00f6rdag 9 maj:<\/strong> \u00d6ppet hus i GF:s lokaler i Sundbyberg.<\/li>\n<li><strong>Torsdag 21 maj:<\/strong> Sl\u00e4ktforskarkaf\u00e9 med Olle &amp; Michael. Google Meet.<\/li>\n<li><strong>L\u00f6rdag 23 maj \u2013 s\u00f6ndag 24 maj:<\/strong> Intensivkurs i sl\u00e4ktforskning f\u00f6r nyb\u00f6rjare i GF:s lokaler i Sundbyberg.<\/li>\n<li><strong>Tisdag 26 maj:<\/strong> Sl\u00e4ktforskarakut i GF:s lokaler i Sundbyberg.<\/li>\n<li><strong>L\u00f6rdag 30 maj:<\/strong> Temal\u00f6rdag \u2013 \u201dV\u00e4rmland\u201d. Hybridm\u00f6te.<\/li>\n<li><strong>Torsdag 4 juni:<\/strong> Sl\u00e4ktforskarkaf\u00e9. Tema \u201dSl\u00e4ktber\u00e4ttelser\u201d. Zoom. M\u00f6tet \u00e4r \u00f6ppet f\u00f6r alla och gratis. Icke medlemmar f\u00e5r l\u00e4nk efter anm\u00e4lan till <a href=\"mailto:boka@gmail.com\">boka@gmail.com<\/a>. Medlemmar hittar l\u00e4nk p\u00e5 medlemssidan.<\/li>\n<li><strong>Torsdag 11 juni:<\/strong> Sl\u00e4ktforskarkaf\u00e9 med Olle &amp; Michael. Google Meet.<\/li>\n<li><strong>L\u00f6rdag 13 juni:<\/strong> \u00d6ppet hus i GF:s lokaler i Sundbyberg.<\/li>\n<\/ul>\n<p>Hybridm\u00f6ten inneb\u00e4r att man kan delta fysiskt i GF:s lokaler i Sundbyberg eller digitalt via Zoom eller Google Meet. Samtliga sl\u00e4ktforskarakuter h\u00e5lls endast i GF:s lokaler i Sundbyberg. Alla hybrid- och digitala m\u00f6ten (Zoom eller Google Meet) filmas oftast och filmerna g\u00f6rs tillg\u00e4ngliga f\u00f6r medlemmar p\u00e5 GF:s medlemssidor.<\/p>\n<p><span style=\"font-size: revert;\">N\u00e4rmare information om m\u00f6tena aviseras p\u00e5 hemsidan\u00a0<\/span><a style=\"font-size: revert;\" href=\"about:blank\">www.genealogi.net\/nova\/<\/a><span style=\"font-size: revert;\"> och i GF:s <a href=\"https:\/\/www.facebook.com\/groups\/genealogi\">Facebookgrupp<\/a>.<\/span><\/p>\n<p>Medlemmar hittar l\u00e4nk f\u00f6r inloggning till m\u00f6tena (Zoom eller Google Meet) p\u00e5 medlemssidan. Om du inte \u00e4r medlem l\u00f6s medlemskap i <a href=\"https:\/\/gfsupersok.se\/#!\/products\/enskilt-medlemskap-2023\">Sl\u00e4ktforskarbutiken<\/a>.<\/p>\n<p><strong><em>Tipsa g\u00e4rna dina sl\u00e4ktforskarv\u00e4nner om evenemangen<\/em><\/strong>!<\/p>\n<p><strong>Varmt v\u00e4lkommen till Genealogiska F\u00f6reningen!<\/strong><\/p>\n<p>\u00a0<\/p>\n\n\n<p><\/p>\n","protected":false},"excerpt":{"rendered":"<p>Boka in v\u00e5ra popul\u00e4ra sl\u00e4ktforskarkaf\u00e9er och temadagar och tipsa g\u00e4rna sl\u00e4ktforskarv\u00e4nner som \u00e4nnu inte \u00e4r medlemmar! Mer information och tider annonseras i GF-Aktuellt, hemsidan och Facebook n\u00e4rmare evenemangsdatumen. Tiderna varierar, f\u00f6r datum se programmet: Sl\u00e4ktforskarakuten i lokalen vissa tisdagar 13.00\u201318.00. L\u00f6rdagar med program \u00e4r lokalen \u00f6ppen 10.00\u201316.00. Programmet kan starta efter 10.00. L\u00f6rdag med \u00d6ppet &#8230; <a title=\"GF:s program v\u00e5ren 2026\" class=\"read-more\" href=\"https:\/\/www.genealogi.net\/nova\/gf-evenemang\/\" aria-label=\"L\u00e4s mer om GF:s program v\u00e5ren 2026\">L\u00e4s mer<\/a><\/p>\n","protected":false},"author":2,"featured_media":0,"parent":0,"menu_order":0,"comment_status":"closed","ping_status":"closed","template":"","meta":{"footnotes":""},"class_list":["post-3657","page","type-page","status-publish"],"_links":{"self":[{"href":"https:\/\/www.genealogi.net\/nova\/wp-json\/wp\/v2\/pages\/3657","targetHints":{"allow":["GET"]}}],"collection":[{"href":"https:\/\/www.genealogi.net\/nova\/wp-json\/wp\/v2\/pages"}],"about":[{"href":"https:\/\/www.genealogi.net\/nova\/wp-json\/wp\/v2\/types\/page"}],"author":[{"embeddable":true,"href":"https:\/\/www.genealogi.net\/nova\/wp-json\/wp\/v2\/users\/2"}],"replies":[{"embeddable":true,"href":"https:\/\/www.genealogi.net\/nova\/wp-json\/wp\/v2\/comments?post=3657"}],"version-history":[{"count":0,"href":"https:\/\/www.genealogi.net\/nova\/wp-json\/wp\/v2\/pages\/3657\/revisions"}],"wp:attachment":[{"href":"https:\/\/www.genealogi.net\/nova\/wp-json\/wp\/v2\/media?parent=3657"}],"curies":[{"name":"wp","href":"https:\/\/api.w.org\/{rel}","templated":true}]}}