{"id":3995,"date":"2013-12-06T23:02:39","date_gmt":"2013-12-06T21:02:39","guid":{"rendered":"http:\/\/www.genealogi.net\/?page_id=3995"},"modified":"2026-03-13T13:11:15","modified_gmt":"2026-03-13T12:11:15","slug":"oppet-stangt","status":"publish","type":"page","link":"https:\/\/www.genealogi.net\/nova\/oppet-stangt\/","title":{"rendered":"\u00d6ppettider &amp; hitta hit"},"content":{"rendered":"\n<h2 class=\"wp-block-heading\">\u00d6ppettider<\/h2>\n\n\n\n<p>Du \u00e4r varmt v\u00e4lkommen att bes\u00f6ka Genealogiska F\u00f6reningen! Vi har \u00f6ppet under \u00bbterminstid\u00ab (fr\u00e5n och med mitten av augusti till strax f\u00f6r julhelgerna samt efter Trettonhelgelgen till och med strax f\u00f6r midsommar):<\/p>\n\n\n\n<ul class=\"wp-block-list\">\n<li>Helgfria tisdagar 13.00\u201318.00 varav vissa med <strong>Sl\u00e4ktforskarakut<\/strong>.<\/li>\n\n\n\n<li>Vissa l\u00f6rdagar 10.00\u201316.00 d\u00e5 vi har antingen <strong>Temal\u00f6rdag<\/strong> med programpunkter eller <strong>\u00d6ppet hus<\/strong>.<\/li>\n<\/ul>\n\n\n\n<p>Exakt vilka dagar vi har \u00f6ppet p\u00e5 tisdagar och l\u00f6rdagar framg\u00e5r av v\u00e5r <a href=\"https:\/\/www.genealogi.net\/nova\/programkalender\/\">evenemangssida<\/a>.<\/p>\n\n\n\n<ul class=\"wp-block-list\">\n<li><strong>Sl\u00e4ktforskarakut<\/strong> p\u00e5 tisdagar  en g\u00e5ng i m\u00e5naden inneb\u00e4r att man kan komma till lokalen och f\u00e5 hj\u00e4lp med sina sl\u00e4ktforskarproblem. Vi bemannar upp med fler volont\u00e4rer j\u00e4mf\u00f6rt med vanliga tisdagar.<\/li>\n\n\n\n<li><strong>Temal\u00f6rdagar<\/strong> inneb\u00e4r att vi organiserar 3\u20134 f\u00f6redrag runt ett s\u00e4rskilt tema av intresse f\u00f6r sl\u00e4ktforskare. Temal\u00f6rdagarna organiseras alltid som hybridm\u00f6te s\u00e5 man kan delta antingen i lokalen (vilket inneb\u00e4r att en del av biblioteket har begr\u00e4nsad tillg\u00e4nglighet under f\u00f6redragen) eller digitalt. Temal\u00f6rdgarnas f\u00f6redrag spelas in och kan d\u00e4refter ses bland de filmade m\u00f6tena p\u00e5 <a href=\"https:\/\/www.genealogi.net\/nova\/filmade-moten\/\">medlemssidorna<\/a>.<\/li>\n\n\n\n<li><strong>\u00d6ppet hus<\/strong> inneb\u00e4r att lokalen \u00e4r \u00f6ppen och resurserna tillg\u00e4ngliga f\u00f6r egen forskning. Volont\u00e4rer arbetar samtidigt med olika projekt med anknytning till bibliotek och samlingar. Varje l\u00f6rdag med \u00d6ppet hus ges 13.00 efter intresseanm\u00e4lan till ansvariga ett kort f\u00f6redrag p\u00e5 temat \u00bbHur b\u00f6r man b\u00f6rja sl\u00e4ktforska\u00ab. F\u00f6redraget \u00e4r avsett f\u00f6r den som \u00e4r nyfiken p\u00e5 sl\u00e4ktforskning men inte b\u00f6rjat \u00e4nnu. F\u00f6redraget spelas inte in.<\/li>\n<\/ul>\n\n\n\n<h2 class=\"wp-block-heading\">V\u00e5r lokal<\/h2>\n\n\n\n<p>V\u00e5r lokal finns i <strong>Marabouhuset <strong>i Sundbyberg<\/strong> <\/strong>med adressen <strong>L\u00f6fstr\u00f6ms all\u00e9 7<\/strong>, Sundbyberg. <\/p>\n\n\n\n<ul class=\"wp-block-list\">\n<li>I v\u00e5ra lokaler kan du enbart betala via kontokort eller Swish (123 511 42 85), med undantag f\u00f6r kopiering och kaffe (j\u00e4mna belopp)<\/li>\n\n\n\n<li>Medlemmar har fri tillg\u00e5ng till arkiv, bibliotek och datorer i forskar saken. <\/li>\n\n\n\n<li>Icke-medlemmar har fett fritt f\u00f6rsta bes\u00f6k och d\u00e4refter 50 kronor per bes\u00f6k. <a href=\"https:\/\/www.genealogi.net\/nova\/bli-medlem\/\" target=\"_blank\" rel=\"noreferrer noopener\">L\u00e4s mer om medlemskap<\/a>.<\/li>\n\n\n\n<li>I v\u00e5ra lokaler finns ett pentry med mikrougn d\u00e4r det g\u00e5r att v\u00e4rma egen medhavd mat. Det finns ocks\u00e5 vattenkokare men det finns ingen kaffeautomat \u2013 s\u00e5 ta g\u00e4rna med kaffetermosen om du planerar att stanna l\u00e4ngre.<\/li>\n\n\n\n<li>Ta g\u00e4rna med USB-sticka om du vill spara digitala dokument som forskningen ger upphov till.<\/li>\n<\/ul>\n\n\n\n<h2 class=\"wp-block-heading\">Hitta hit<\/h2>\n\n\n\n<p>Kommunikationerna \u00e4r mycket goda. \u00c5ker man kollektivt \u00e4r de n\u00e4rmsta h\u00e5llplatserna (se \u00e4ven karta nedan):<\/p>\n\n\n\n<ol class=\"wp-block-list\">\n<li><em>Sundbybergs pendelt\u00e5gstation<\/em> (pendelt\u00e5g linje 43) respektive <em>Sundbybergs centrums tunnelbanestation<\/em> (bl\u00e5 linje 10) b\u00e5da (ca 1 km och 10\u201312 minuters promenad).<\/li>\n\n\n\n<li>Tv\u00e4rbaneh\u00e5llplats (linje 30) <em>B\u00e4llsta bro<\/em> (ca 500 m och 6 minuters promenad).<\/li>\n\n\n\n<li>Bussh\u00e5llplats <em>L\u00f6fstr\u00f6ms all\u00e9 <\/em>buss 113, 122 och 129 (ca 500 m och 6 minuters promenad).<\/li>\n\n\n\n<li>Bussh\u00e5llplats buss 196 och 512 <em>Marabouparken<\/em> (ca 100 m och en minuts promenad).<\/li>\n\n\n\n<li>Bussh\u00e5llplats buss 506 <em>Ursviksv\u00e4gen<\/em> (ca 300 m och 3 minuters promenad).<\/li>\n<\/ol>\n\n\n\n<p>F\u00f6r den som \u00e5ker bil finns parkeringsplatser mot avgift p\u00e5<\/p>\n\n\n\n<ul class=\"wp-block-list\">\n<li>L\u00f6fstr\u00f6ms all\u00e9 (ingen avgift helger).<\/li>\n\n\n\n<li>J\u00e4rnv\u00e4gsgatan (ingen avgift helger).<\/li>\n\n\n\n<li>Parkeringsomr\u00e5de mellan L\u00f6fstr\u00f6ms all\u00e9 och j\u00e4rnv\u00e4gen med viss bes\u00f6ksparkering (avgift alla dagar).<\/li>\n\n\n\n<li>\u00c5gatan (avgift alla dagar).<\/li>\n<\/ul>\n\n\n\n<p>I samtliga fall erl\u00e4ggs avgift i s\u00e4rskild parkeringingsapp i mobilen.<\/p>\n\n\n<div class=\"wp-block-image\">\n<figure class=\"aligncenter size-large\"><img loading=\"lazy\" decoding=\"async\" width=\"1024\" height=\"696\" src=\"https:\/\/www.genealogi.net\/nova\/wp-content\/uploads\/2026\/03\/karta_gf-1024x696.jpg\" alt=\"\" class=\"wp-image-18477\" srcset=\"https:\/\/www.genealogi.net\/nova\/wp-content\/uploads\/2026\/03\/karta_gf-1024x696.jpg 1024w, https:\/\/www.genealogi.net\/nova\/wp-content\/uploads\/2026\/03\/karta_gf-300x204.jpg 300w, https:\/\/www.genealogi.net\/nova\/wp-content\/uploads\/2026\/03\/karta_gf-768x522.jpg 768w, https:\/\/www.genealogi.net\/nova\/wp-content\/uploads\/2026\/03\/karta_gf.jpg 1409w\" sizes=\"auto, (max-width: 1024px) 100vw, 1024px\" \/><\/figure>\n<\/div>","protected":false},"excerpt":{"rendered":"<p>\u00d6ppettider Du \u00e4r varmt v\u00e4lkommen att bes\u00f6ka Genealogiska F\u00f6reningen! Vi har \u00f6ppet under \u00bbterminstid\u00ab (fr\u00e5n och med mitten av augusti till strax f\u00f6r julhelgerna samt efter Trettonhelgelgen till och med strax f\u00f6r midsommar): Exakt vilka dagar vi har \u00f6ppet p\u00e5 tisdagar och l\u00f6rdagar framg\u00e5r av v\u00e5r evenemangssida. V\u00e5r lokal V\u00e5r lokal finns i Marabouhuset i &#8230; <a title=\"\u00d6ppettider &amp; hitta hit\" class=\"read-more\" href=\"https:\/\/www.genealogi.net\/nova\/oppet-stangt\/\" aria-label=\"L\u00e4s mer om \u00d6ppettider &amp; hitta hit\">L\u00e4s mer<\/a><\/p>\n","protected":false},"author":2,"featured_media":0,"parent":0,"menu_order":0,"comment_status":"closed","ping_status":"closed","template":"","meta":{"footnotes":""},"class_list":["post-3995","page","type-page","status-publish"],"_links":{"self":[{"href":"https:\/\/www.genealogi.net\/nova\/wp-json\/wp\/v2\/pages\/3995","targetHints":{"allow":["GET"]}}],"collection":[{"href":"https:\/\/www.genealogi.net\/nova\/wp-json\/wp\/v2\/pages"}],"about":[{"href":"https:\/\/www.genealogi.net\/nova\/wp-json\/wp\/v2\/types\/page"}],"author":[{"embeddable":true,"href":"https:\/\/www.genealogi.net\/nova\/wp-json\/wp\/v2\/users\/2"}],"replies":[{"embeddable":true,"href":"https:\/\/www.genealogi.net\/nova\/wp-json\/wp\/v2\/comments?post=3995"}],"version-history":[{"count":8,"href":"https:\/\/www.genealogi.net\/nova\/wp-json\/wp\/v2\/pages\/3995\/revisions"}],"predecessor-version":[{"id":18817,"href":"https:\/\/www.genealogi.net\/nova\/wp-json\/wp\/v2\/pages\/3995\/revisions\/18817"}],"wp:attachment":[{"href":"https:\/\/www.genealogi.net\/nova\/wp-json\/wp\/v2\/media?parent=3995"}],"curies":[{"name":"wp","href":"https:\/\/api.w.org\/{rel}","templated":true}]}}