{"id":473,"date":"2026-01-22T10:39:04","date_gmt":"2026-01-22T09:39:04","guid":{"rendered":"https:\/\/www.genealogi.net\/nova\/?page_id=473"},"modified":"2026-03-06T10:42:42","modified_gmt":"2026-03-06T09:42:42","slug":"om-foreningen","status":"publish","type":"page","link":"https:\/\/www.genealogi.net\/nova\/om-foreningen\/","title":{"rendered":"Om f\u00f6reningen"},"content":{"rendered":"\n<p>Genealogiska F\u00f6reningen (GF) \u00e4r en sl\u00e4ktforskarf\u00f6rening f\u00f6r alla. Oavsett om man \u00e4r gammal eller ung, om man \u00e4r mer erfaren eller \u00e4r nyb\u00f6rjare och oavsett var man bor.<\/p>\n\n\n\n<p>En ledstj\u00e4rna f\u00f6r oss \u00e4r kvalitet i sl\u00e4ktforskningen. Det vi kommer fram till ska kunna kontrolleras. D\u00e4rf\u00f6r l\u00e4gger vi stor vikt vid att man ska dokumentera sina resultat fr\u00e5n samtida k\u00e4llmaterial och dessutom kunna redovisa det. Andra ska kunna kontrollera vad vi p\u00e5st\u00e5r och kunna kritisera v\u00e5ra resultat. F\u00f6r oss \u00e4r det d\u00e4rf\u00f6r inte tillr\u00e4ckligt att bara \u00e5terge vad n\u00e5gon annan p\u00e5st\u00e5tt.<\/p>\n\n\n\n<p>GF bildades av 64 personer den 27 november 1933 p\u00e5 <a href=\"https:\/\/sv.wikipedia.org\/wiki\/Humleg\u00e5rden_57\" target=\"_blank\" rel=\"noreferrer noopener\">Hotell Eden<\/a>, i h\u00f6rnet av Sturegatan och Humleg\u00e5rdsgatan i Stockholm. Vid \u00e5rsskiftet hade medlemstalet stigit till 74, varav tio var kvinnor. I den nya styrelsen med tio personer fanns endast en kvinna.<\/p>\n\n\n\n<p>Idag \u00e4r GF Sveriges \u00e4ldsta sl\u00e4ktforskarf\u00f6rening. Vi \u00e4r ocks\u00e5 en av de st\u00f6rsta med drygt 2900 medlemmar. H\u00e4lften av medlemmarna \u00e4r idag kvinnor och samma f\u00f6rdelning k\u00e4nnetecknar styrelsen. Av v\u00e5ra medlemmar bor 55 procent utanf\u00f6r Stockholms l\u00e4n, vilket inkluderar tre styrelseledam\u00f6ter.<\/p>\n\n\n\n<p>Redan fr\u00e5n starten b\u00f6rjade f\u00f6reningen att ta fram hj\u00e4lpmedel f\u00f6r sl\u00e4ktforskare. Flera av de projekt som f\u00f6reningen startade under 1930- och 1940-talen har vi idag tagit till digitaliseringens epok. Det inneb\u00e4r att de olika resurser som skapats inom f\u00f6reningens verksamhet av m\u00e5nga volont\u00e4rer idag finns digitalt tillg\u00e4ngliga p\u00e5 olika s\u00e4tt f\u00f6r f\u00f6reningens medlemmar oavsett var man bor. Under \u00e5ren har vi dessutom startat nya projekt som skapar digitalt tillg\u00e4ngliga resurser f\u00f6r v\u00e5ra medlemmar. Allt som beh\u00f6vs f\u00f6r att f\u00e5 tillg\u00e5ng till detta p\u00e5 <a href=\"https:\/\/www.genealogi.net\/nova\/?page_id=505\" target=\"_blank\" rel=\"noreferrer noopener\">medlemssidorna<\/a> \u00e4r en medlemsinloggning.<\/p>\n\n\n\n<p>Mottot <em>sl\u00e4ktforskning f\u00f6r alla<\/em> var titeln den handbok i sl\u00e4ktforskning som publicerades 1971 av GF:s d\u00e5varande ordf\u00f6rande <a href=\"https:\/\/sv.wikipedia.org\/wiki\/B\u00f6rje_Furtenbach\" target=\"_blank\" rel=\"noreferrer noopener\">B\u00f6rje Furtenbach<\/a> (1901\u20131976). Boken baserades p\u00e5 de m\u00e5nga kurser i sl\u00e4ktforskning som Furtenbach bedrev under 1960-talet.<\/p>\n\n\n\n<p>Vi bedriver idag en bred och omfattande verksamhet som alla v\u00e5ra medlemmar ska kunna ta del av oavsett var man bor:<\/p>\n\n\n\n<ul class=\"wp-block-list\">\n<li><strong>publikationsverksamhet<\/strong> genom den kvalificerade medlemstidskriften <em><a href=\"https:\/\/www.genealogi.net\/nova\/?page_id=134\" data-type=\"page\" data-id=\"134\" target=\"_blank\" rel=\"noreferrer noopener\">Sl\u00e4kt och H\u00e4vd<\/a><\/em> som kommer tryckt till alla medlemmar (sedan 1934) , den tryckta prenumerationstidskriften <em><a href=\"https:\/\/www.genealogi.net\/nova\/?page_id=136\" data-type=\"page\" data-id=\"136\">Svensk Genealogisk Tidskrift<\/a><\/em> (sedan 2007) samt den digitala tidskriften <em><a href=\"https:\/\/publicera.kb.se\/shs\" target=\"_blank\" rel=\"noreferrer noopener\">Sl\u00e4kthistoriska studier<\/a><\/em> helt fritt tillg\u00e4nglig f\u00f6r alla (sedan 2022).<\/li>\n\n\n\n<li><strong><a href=\"https:\/\/www.genealogi.net\/util\/prod\/gflibris\/hitta\/bibliotek\" target=\"_blank\" rel=\"noreferrer noopener\">bibliotek<\/a><\/strong> med l\u00e4sesal och tillg\u00e5ng till cirka 40\u00a0000 publikationer och <strong>arkiv<\/strong> best\u00e5ende av <a href=\"https:\/\/www.genealogi.net\/nova\/?page_id=8693\" target=\"_blank\" rel=\"noreferrer noopener\">f\u00f6reningsarkivet<\/a>, som inte bara dokumenterar v\u00e5r verksamhet sedan starten utan \u00e4ven inneh\u00e5ller underlag f\u00f6r de olika resurser som finns p\u00e5 medlemssidorna, samt cirka 140 <a href=\"https:\/\/www.genealogi.net\/nova\/?page_id=8685\" target=\"_blank\" rel=\"noreferrer noopener\">enskilda arkiv<\/a> som utg\u00f6rs av sl\u00e4ktforskningsmaterial som sl\u00e4ktforskare donerat till GF fr\u00e5n starten,<\/li>\n\n\n\n<li><a href=\"https:\/\/www.genealogi.net\/nova\/?page_id=2400\">datorsal<\/a> med nio datorer som inneh\u00e5ller omfattande digitala sl\u00e4ktforskningsresurser inklusive <a href=\"https:\/\/www.familysearch.org\/sv\/global\">FamilySearch<\/a> med tillg\u00e5ng till mer digitalt material \u00e4n man f\u00e5r genom ett privat konto d\u00e5 GF \u00e4r ett <em><a href=\"https:\/\/www.familysearch.org\/en\/help\/helpcenter\/article\/what-is-the-difference-between-familysearch-centers-and-affiliate-libraries\" target=\"_blank\" rel=\"noreferrer noopener\">FamilySearch Affiliate Library<\/a><\/em>,<\/li>\n\n\n\n<li><strong><a href=\"https:\/\/www.genealogi.net\/nova\/?page_id=627\" target=\"_blank\" rel=\"noreferrer noopener\">m\u00f6tesverksamhet<\/a><\/strong> som fr\u00e4mst genomf\u00f6rs helt digitala eller som hybridm\u00f6te med deltagande \u00e4ven i v\u00e5r lokal, d\u00e4r alla m\u00f6ten filmas,<\/li>\n\n\n\n<li>400 <a href=\"https:\/\/www.genealogi.net\/nova\/?page_id=18144\" target=\"_blank\" rel=\"noreferrer noopener\">filmade m\u00f6ten<\/a> sedan 2015 via medlemssidorna m\u00f6ten,<\/li>\n\n\n\n<li><strong>digitala resurser<\/strong> via medlemssidorna som exempelvis <a href=\"https:\/\/www.genealogi.net\/nova\/?page_id=307\" target=\"_blank\" rel=\"noreferrer noopener\">Inrikes pass<\/a> och <a href=\"https:\/\/www.genealogi.net\/nova\/?page_id=308\" target=\"_blank\" rel=\"noreferrer noopener\">Familjenotiser SVD\/DN 1937-1999<\/a><\/li>\n\n\n\n<li><strong>sl\u00e4ktforskarhj\u00e4lp<\/strong> regelbundet i lokalen och p\u00e5 v\u00e5ra digitala sl\u00e4ktforskarkaf\u00e9er samt m\u00f6jlighet att f\u00e5 hj\u00e4lp genom att mot betalning anlita v\u00e5r <em><a href=\"https:\/\/www.genealogi.net\/nova\/?page_id=166\" data-type=\"page\" data-id=\"166\" target=\"_blank\" rel=\"noreferrer noopener\">Uppdragsforskning<\/a><\/em>,<\/li>\n\n\n\n<li><strong><a href=\"https:\/\/www.genealogi.net\/nova\/?page_id=165\" target=\"_blank\" rel=\"noreferrer noopener\">kursverksamhet<\/a><\/strong> b\u00e5de i v\u00e5r lokal och digitalt f\u00f6r s\u00e5v\u00e4l nyb\u00f6rjare som de som kommit l\u00e4ngre,<\/li>\n\n\n\n<li><strong>l\u00e4gre priser<\/strong> p\u00e5 GF:s egna produkter, tryckta och och digitala, i v\u00e5r digitala <em><a href=\"https:\/\/gfsupersok.se\" target=\"_blank\" rel=\"noreferrer noopener\">Sl\u00e4ktforskarbutik<\/a><\/em>.<\/li>\n<\/ul>\n\n\n<div class=\"wp-block-image\">\n<figure class=\"aligncenter size-full is-resized\"><img loading=\"lazy\" decoding=\"async\" width=\"408\" height=\"497\" src=\"https:\/\/www.genealogi.net\/nova\/wp-content\/uploads\/2026\/01\/GF_bla.png\" alt=\"\" class=\"wp-image-649\" style=\"aspect-ratio:0.8209199232873267;width:132px;height:auto\" srcset=\"https:\/\/www.genealogi.net\/nova\/wp-content\/uploads\/2026\/01\/GF_bla.png 408w, https:\/\/www.genealogi.net\/nova\/wp-content\/uploads\/2026\/01\/GF_bla-246x300.png 246w\" sizes=\"auto, (max-width: 408px) 100vw, 408px\" \/><\/figure>\n<\/div>\n\n\n<p>1961 utlystes en prist\u00e4vling om designen p\u00e5 GF:s logotyp. Heraldikern <em>Jan Raneke<\/em> inkom med det vinnande bidraget som sedan dess \u00e4r f\u00f6reningens logotyp.<\/p>\n\n\n\n<p>GF var med och grundade <em><a href=\"https:\/\/www.rotter.se\/forbundet\" target=\"_blank\" rel=\"noreferrer noopener\">Sveriges sl\u00e4ktforskarf\u00f6rbund<\/a><\/em> 1987 men l\u00e4mnade snart organisationen. Sedan 1999 \u00e4r GF \u00e5ter medlem.<\/p>\n\n\n\n<p>GF \u00e4r representerat i den 1971 grundade\u00a0<em><a href=\"https:\/\/gfsupersok.se\/nova\/sngh\/\" target=\"_blank\" rel=\"noreferrer noopener\">Svenska Nationalkommitt\u00e9n f\u00f6r Genealogi och Heraldik<\/a><\/em>\u00a0(SNGH).<\/p>\n","protected":false},"excerpt":{"rendered":"<p>Genealogiska F\u00f6reningen (GF) \u00e4r en sl\u00e4ktforskarf\u00f6rening f\u00f6r alla. Oavsett om man \u00e4r gammal eller ung, om man \u00e4r mer erfaren eller \u00e4r nyb\u00f6rjare och oavsett var man bor. En ledstj\u00e4rna f\u00f6r oss \u00e4r kvalitet i sl\u00e4ktforskningen. Det vi kommer fram till ska kunna kontrolleras. D\u00e4rf\u00f6r l\u00e4gger vi stor vikt vid att man ska dokumentera sina &#8230; <a title=\"Om f\u00f6reningen\" class=\"read-more\" href=\"https:\/\/www.genealogi.net\/nova\/om-foreningen\/\" aria-label=\"L\u00e4s mer om Om f\u00f6reningen\">L\u00e4s mer<\/a><\/p>\n","protected":false},"author":2,"featured_media":0,"parent":0,"menu_order":0,"comment_status":"closed","ping_status":"closed","template":"","meta":{"footnotes":""},"class_list":["post-473","page","type-page","status-publish"],"_links":{"self":[{"href":"https:\/\/www.genealogi.net\/nova\/wp-json\/wp\/v2\/pages\/473","targetHints":{"allow":["GET"]}}],"collection":[{"href":"https:\/\/www.genealogi.net\/nova\/wp-json\/wp\/v2\/pages"}],"about":[{"href":"https:\/\/www.genealogi.net\/nova\/wp-json\/wp\/v2\/types\/page"}],"author":[{"embeddable":true,"href":"https:\/\/www.genealogi.net\/nova\/wp-json\/wp\/v2\/users\/2"}],"replies":[{"embeddable":true,"href":"https:\/\/www.genealogi.net\/nova\/wp-json\/wp\/v2\/comments?post=473"}],"version-history":[{"count":18,"href":"https:\/\/www.genealogi.net\/nova\/wp-json\/wp\/v2\/pages\/473\/revisions"}],"predecessor-version":[{"id":18570,"href":"https:\/\/www.genealogi.net\/nova\/wp-json\/wp\/v2\/pages\/473\/revisions\/18570"}],"wp:attachment":[{"href":"https:\/\/www.genealogi.net\/nova\/wp-json\/wp\/v2\/media?parent=473"}],"curies":[{"name":"wp","href":"https:\/\/api.w.org\/{rel}","templated":true}]}}