{"id":475,"date":"2026-01-22T10:39:04","date_gmt":"2026-01-22T09:39:04","guid":{"rendered":"https:\/\/www.genealogi.net\/nova\/?page_id=475"},"modified":"2026-03-30T15:31:55","modified_gmt":"2026-03-30T13:31:55","slug":"hedersmedlemmar-och-fortjansttecken","status":"publish","type":"page","link":"https:\/\/www.genealogi.net\/nova\/hedersmedlemmar-och-fortjansttecken\/","title":{"rendered":"Hedersmedlemmar och f\u00f6rtj\u00e4nsttecken"},"content":{"rendered":"\n<p>H\u00e4r f\u00f6rtecknas nu aktiva medlemmar i f\u00f6reningen som (i) utsetts till hedersmedlemmar i f\u00f6reningen, (ii) mottagit Sveriges sl\u00e4ktforskarf\u00f6rbunds hederspris till Victor \u00d6rnbergs minne eller (iii) mottagit n\u00e5gon av Sveriges sl\u00e4ktforskarf\u00f6rbunds f\u00f6rtj\u00e4nsttecken (guld eller silver) eller andra utm\u00e4rkelser. Avlidna medlemmar som mottagit n\u00e5got av dess hedersbevisningar f\u00f6rtecknas inte.<\/p>\n\n\n\n<h2 class=\"wp-block-heading\">Hedersmedlemmar i f\u00f6reningen<\/h2>\n\n\n\n<p>Hedersmedlemmar har utsetts sedan 1934. Enligt stadgan utses hedersmedlemmar av styrelsen p\u00e5 grundval av framst\u00e5ende insatser f\u00f6r f\u00f6reningen verksamhet. Tidigare 41 personer varit hedersmedlemmar i f\u00f6reningen.<\/p>\n\n\n\n<p><em><em>\u00c5r f\u00f6r utseendet<\/em><\/em>, n<em>amn, intr\u00e4des\u00e5r i GF, titel.&nbsp;<\/em><\/p>\n\n\n\n<ul class=\"wp-block-list\">\n<li>1985, Stig \u00d6stenson<\/li>\n\n\n\n<li>2009, Lena A L\u00f6fstr\u00f6m<\/li>\n\n\n\n<li>2016, Urban Sikeborg<\/li>\n\n\n\n<li>2020, Mats Ahlgren<\/li>\n\n\n\n<li>2020, Erland Ringborg<\/li>\n\n\n\n<li>2025, Thomas F\u00fcrth<\/li>\n<\/ul>\n\n\n\n<h2 class=\"wp-block-heading\">Sveriges sl\u00e4ktforskarf\u00f6rbunds Hederspris till Victor \u00d6rnbergs minne<\/h2>\n\n\n\n<p>Efter beslut av f\u00f6rbundsstyrelsen tilldelas Victor \u00d6rnbergs Hederspris till en person eller en organisation som har gjort stora insatser f\u00f6r sl\u00e4ktforskningen. Arbetet ska ha varit v\u00e4rdefullt f\u00f6r andra sl\u00e4ktforskare och pristagaren b\u00f6r ha publicerat sitt material i bokform eller p\u00e5 annat s\u00e4tt. Victor \u00d6rnbergs hederspris b\u00f6rjade delas ut 1990 och har sedan dess delats ut \u00e5rligen, med undantag f\u00f6r 2012.<\/p>\n\n\n\n<ul class=\"wp-block-list\">\n<li>2000, Mari-Anne Olsson<\/li>\n\n\n\n<li>2006, Elisabeth Thorsell<\/li>\n\n\n\n<li>2007, Bo Lindwall<\/li>\n\n\n\n<li>2008, Olof Cronberg<\/li>\n\n\n\n<li>2009, Stig \u00d6stensson<\/li>\n\n\n\n<li>2011, Urban Sikeborg<\/li>\n\n\n\n<li>2015, H\u00e5kan Skogsj\u00f6<\/li>\n\n\n\n<li>2017, Peter Olausson<\/li>\n\n\n\n<li>2018, Michael Lundholm<\/li>\n\n\n\n<li>2019, \u00d6rjan Hedenberg<\/li>\n\n\n\n<li>2020, Ulf Berggren<\/li>\n\n\n\n<li>2021, Olle Elm<\/li>\n\n\n\n<li>2023, Kerstin Jonmyren<\/li>\n\n\n\n<li>2025, Thomas F\u00fcrth<\/li>\n<\/ul>\n\n\n\n<h2 class=\"wp-block-heading\">Sveriges sl\u00e4ktforskarf\u00f6rbunds f\u00f6rtj\u00e4nsttecken i guld<\/h2>\n\n\n\n<p>F\u00f6rtj\u00e4nsttecknet i guld tilldelas sedan 2022 person inom eller utom sl\u00e4ktforskarr\u00f6relsen som gjort insatser av nationell betydelse f\u00f6r sl\u00e4ktforskningen efter beslut av f\u00f6rbundsstyrelsen.<\/p>\n\n\n\n<ul class=\"wp-block-list\">\n<li>2022, Erland Ringborg<\/li>\n\n\n\n<li>2023, Fredrik Mejster<\/li>\n\n\n\n<li>2024, G\u00f6ran Sparrl\u00f6f<\/li>\n\n\n\n<li>2025, Chris Bingefors<br><\/li>\n<\/ul>\n\n\n\n<h2 class=\"wp-block-heading\">Sveriges sl\u00e4ktforskarf\u00f6rbunds f\u00f6rtj\u00e4nsttecken i silver<\/h2>\n\n\n\n<p>F\u00f6rtj\u00e4nsttecknet i silver tilldelas sedan 2022 en f\u00f6reningsmedlem som under l\u00e4ngre tid gjort betydelsefulla insatser f\u00f6r sin f\u00f6rening p\u00e5 f\u00f6rslag av f\u00f6reningsstyrelsen och efter beslut av f\u00f6rbundsstyrelsen.<\/p>\n\n\n\n<ul class=\"wp-block-list\">\n<li>2022, Hans Hanner<\/li>\n\n\n\n<li>2024, Madeleine Caesar<\/li>\n\n\n\n<li>2025, Mats Lundell<\/li>\n<\/ul>\n\n\n\n<p><\/p>\n\n\n\n<h2 class=\"wp-block-heading\">Sveriges sl\u00e4ktforskarf\u00f6rbunds pris \u00c5rets elsj\u00e4l<\/h2>\n\n\n\n<p>Ges f\u00f6r att  bel\u00f6na initiativ och fram\u00e5tanda inom sl\u00e4ktforskarr\u00f6relsen.<\/p>\n\n\n\n<ul class=\"wp-block-list\">\n<li>2014, Mats Johansson<\/li>\n\n\n\n<li>2015, Jonas Magnusson<\/li>\n\n\n\n<li>2020, Mats Ahlgren<\/li>\n\n\n\n<li>2021, Torgny Larsson<\/li>\n<\/ul>\n\n\n\n<h2 class=\"wp-block-heading\">Sveriges sl\u00e4ktforskarf\u00f6rbunds \u00f6vriga utm\u00e4rkelser<\/h2>\n\n\n\n<ul class=\"wp-block-list\">\n<li>2015, <em>Hedersdiplom<\/em>, Hans Hanner<\/li>\n\n\n\n<li>2021, <em>Genealogisk Ungdoms stipendium<\/em>, Staffan Betn\u00e9r<\/li>\n\n\n\n<li>2024, <em>\u00c5rets anbytare<\/em>, Kristina Rylander<\/li>\n<\/ul>\n\n\n\n<p><\/p>\n","protected":false},"excerpt":{"rendered":"<p>H\u00e4r f\u00f6rtecknas nu aktiva medlemmar i f\u00f6reningen som (i) utsetts till hedersmedlemmar i f\u00f6reningen, (ii) mottagit Sveriges sl\u00e4ktforskarf\u00f6rbunds hederspris till Victor \u00d6rnbergs minne eller (iii) mottagit n\u00e5gon av Sveriges sl\u00e4ktforskarf\u00f6rbunds f\u00f6rtj\u00e4nsttecken (guld eller silver) eller andra utm\u00e4rkelser. Avlidna medlemmar som mottagit n\u00e5got av dess hedersbevisningar f\u00f6rtecknas inte. Hedersmedlemmar i f\u00f6reningen Hedersmedlemmar har utsetts sedan 1934. &#8230; <a title=\"Hedersmedlemmar och f\u00f6rtj\u00e4nsttecken\" class=\"read-more\" href=\"https:\/\/www.genealogi.net\/nova\/hedersmedlemmar-och-fortjansttecken\/\" aria-label=\"L\u00e4s mer om Hedersmedlemmar och f\u00f6rtj\u00e4nsttecken\">L\u00e4s mer<\/a><\/p>\n","protected":false},"author":2,"featured_media":0,"parent":0,"menu_order":0,"comment_status":"closed","ping_status":"closed","template":"","meta":{"footnotes":""},"class_list":["post-475","page","type-page","status-publish"],"_links":{"self":[{"href":"https:\/\/www.genealogi.net\/nova\/wp-json\/wp\/v2\/pages\/475","targetHints":{"allow":["GET"]}}],"collection":[{"href":"https:\/\/www.genealogi.net\/nova\/wp-json\/wp\/v2\/pages"}],"about":[{"href":"https:\/\/www.genealogi.net\/nova\/wp-json\/wp\/v2\/types\/page"}],"author":[{"embeddable":true,"href":"https:\/\/www.genealogi.net\/nova\/wp-json\/wp\/v2\/users\/2"}],"replies":[{"embeddable":true,"href":"https:\/\/www.genealogi.net\/nova\/wp-json\/wp\/v2\/comments?post=475"}],"version-history":[{"count":14,"href":"https:\/\/www.genealogi.net\/nova\/wp-json\/wp\/v2\/pages\/475\/revisions"}],"predecessor-version":[{"id":19354,"href":"https:\/\/www.genealogi.net\/nova\/wp-json\/wp\/v2\/pages\/475\/revisions\/19354"}],"wp:attachment":[{"href":"https:\/\/www.genealogi.net\/nova\/wp-json\/wp\/v2\/media?parent=475"}],"curies":[{"name":"wp","href":"https:\/\/api.w.org\/{rel}","templated":true}]}}