{"id":476,"date":"2026-01-22T10:39:04","date_gmt":"2026-01-22T09:39:04","guid":{"rendered":"https:\/\/www.genealogi.net\/nova\/?page_id=476"},"modified":"2026-02-24T17:16:42","modified_gmt":"2026-02-24T16:16:42","slug":"arvid-lundbacks-stiftelse","status":"publish","type":"page","link":"https:\/\/www.genealogi.net\/nova\/arvid-lundbacks-stiftelse\/","title":{"rendered":"Arvid Lundb\u00e4cks stiftelse"},"content":{"rendered":"\n<p>Under 1970-talet fick sl\u00e4ktforskarna i allt h\u00f6gre utstr\u00e4ckning tillg\u00e5ng till k\u00e4llor genom mikrofilmer. F\u00f6r att underl\u00e4tta f\u00f6r sl\u00e4ktforskare att forska hemifr\u00e5n konstruerade Arvid Lundb\u00e4ck en l\u00e4sapparat som kallades <em>Videolog<\/em>. Se bilden nedan.<\/p>\n\n\n<div class=\"wp-block-image\">\n<figure class=\"aligncenter size-medium\"><img loading=\"lazy\" decoding=\"async\" width=\"300\" height=\"300\" src=\"https:\/\/www.genealogi.net\/nova\/wp-content\/uploads\/2026\/02\/hd_item_3126143_4801923172-300x300.jpg\" alt=\"\" class=\"wp-image-18357\" srcset=\"https:\/\/www.genealogi.net\/nova\/wp-content\/uploads\/2026\/02\/hd_item_3126143_4801923172-300x300.jpg 300w, https:\/\/www.genealogi.net\/nova\/wp-content\/uploads\/2026\/02\/hd_item_3126143_4801923172-1024x1024.jpg 1024w, https:\/\/www.genealogi.net\/nova\/wp-content\/uploads\/2026\/02\/hd_item_3126143_4801923172-150x150.jpg 150w, https:\/\/www.genealogi.net\/nova\/wp-content\/uploads\/2026\/02\/hd_item_3126143_4801923172-768x768.jpg 768w, https:\/\/www.genealogi.net\/nova\/wp-content\/uploads\/2026\/02\/hd_item_3126143_4801923172-375x375.jpg 375w, https:\/\/www.genealogi.net\/nova\/wp-content\/uploads\/2026\/02\/hd_item_3126143_4801923172.jpg 1080w\" sizes=\"auto, (max-width: 300px) 100vw, 300px\" \/><\/figure>\n<\/div>\n\n\n<p>Vidiologen s\u00e5ldes av Genealogiska F\u00f6reningen och Arvid Lundb\u00e4ck donerade 1976 \u00f6verskottet av f\u00f6rs\u00e4ljningen och den framtida avkastningen till Genealogiska F\u00f6reningen. S\u00e5 tillkom den s\u00e5 kallade <em>Vidiologfonden<\/em>. Fonden var en del av GF:s f\u00f6rm\u00f6genhet men var kringg\u00e4rdad av vissa statuter. I samband med bildandet av Sveriges Sl\u00e4ktforskarf\u00f6rbund spelade fonden en viss roll i f\u00f6rhandlingarna d\u00e4r tvisten var i vilken m\u00e5n resurser, inklusive Vidiologfonden,  inom GF skulle tillf\u00f6ras det nya f\u00f6rbundet. N\u00e5gon s\u00e5dan \u00f6verenskommelse om \u00f6verf\u00f6ring av resurser kom aldrig till st\u00e5nd och GF gick in i f\u00f6rbundet 1987 som en vanlig medlem. Samma \u00e5r blev Arvid Lundb\u00e4ck ordf\u00f6rande i GF, i vilken roll han kvarstod till 1990. Han var drivande f\u00f6r att GF skulle l\u00e4mna f\u00f6rbundet vilket skedde 1990.<\/p>\n\n\n\n<p><em>Vidiologfonden<\/em> ombildades 1996 till en stiftelse med namnet <em>Stiftelsen Arvid Lundb\u00e4cks fond<\/em> och blev d\u00e5 ett eget r\u00e4ttssubjekt skilt fr\u00e5n GF. Namnet \u00e4ndrades 2010 till <em>Arvid Lundb\u00e4cks stiftelse<\/em>. Statuterna f\u00f6r den ursprungliga <em>Vidiologfonden<\/em> g\u00e4ller \u00e4n idag f\u00f6r <em>Arvid Lundb\u00e4cks stiftelse<\/em>, med undantag f\u00f6r namn\u00e4ndringarna och en \u00e4ndring av reglerna f\u00f6r firmateckning.<\/p>\n\n\n\n<p>Stiftelsens \u00e4ndam\u00e5l \u00e4r enligt statuterna att underl\u00e4tta f\u00f6r GF att fr\u00e4mja vetenskaplig genealogisk forskning genom<\/p>\n\n\n\n<ul class=\"wp-block-list\">\n<li>\u00bbatt m\u00f6jligg\u00f6ra anskaffning av dels beh\u00f6vliga inventarier f\u00f6r f\u00f6reningens verksamhet\u00a0i\u00a0detta syfte, vilka eljest skulle vara utom ekonomiskt r\u00e4ckh\u00e5ll, dels mikrofilm f\u00f6r sl\u00e4ktforskning och andra f\u00f6r f\u00f6reningens samlingar \u00f6nskv\u00e4rda, dyrbarare nyf\u00f6rv\u00e4rv, samt<\/li>\n\n\n\n<li>att genom anslag bidraga till kostnader f\u00f6r genomf\u00f6rande av forskningsprojekt,\u00a0som\u00a0i\u00a0\u00f6verensst\u00e4mmelse med f\u00f6reningens syfte gagnar den vetenskapliga sl\u00e4ktforskningen samt \u00e4r av allm\u00e4nt genealogiskt intresse och inte avser viss sl\u00e4kt, samt publicering av resultat av s\u00e5dan forskning.\u00ab<\/li>\n<\/ul>\n\n\n<div class=\"wp-block-image\">\n<figure class=\"aligncenter size-full\"><img loading=\"lazy\" decoding=\"async\" width=\"347\" height=\"384\" src=\"https:\/\/www.genealogi.net\/nova\/wp-content\/uploads\/2026\/02\/arvid_lundback.jpg\" alt=\"\" class=\"wp-image-18363\" srcset=\"https:\/\/www.genealogi.net\/nova\/wp-content\/uploads\/2026\/02\/arvid_lundback.jpg 347w, https:\/\/www.genealogi.net\/nova\/wp-content\/uploads\/2026\/02\/arvid_lundback-271x300.jpg 271w\" sizes=\"auto, (max-width: 347px) 100vw, 347px\" \/><figcaption class=\"wp-element-caption\">K\u00e4lla: Dagens Nyheter 2004-05-18.<\/figcaption><\/figure>\n<\/div>\n\n\n<p>Arvid Lundb\u00e4ck intr\u00e4dde som medlem i GF 1946, satt i styrelsen 1959\u20131982 och valdes till hedersmedlem i GF 1983. Han tog p\u00e5 1980-talet initiativ till att GF k\u00f6pte sin f\u00f6rsta dator, en ABC800. Han \u00e5terkom sedan i styrelsen som ordf\u00f6rande 1987\u20131990. <\/p>\n\n\n\n<p>Han f\u00f6ddes 1927 i USA men gick i skola i Stockholm och utbildade sig p\u00e5 Stockholms Tekniska Institut (STI). Efter flera \u00e5rs arbete p\u00e5 Stockholms gatukontor varvade han 1962\u20131965 fortsatt arbete med studier p\u00e5 d\u00e5varande Socialinstitutets f\u00f6rvaltningslinje och utbildade sig till socionom. Fr\u00e5n 1965 arbetade han p\u00e5 dr\u00e4tselkammaren i Nacka som utredningssekreterare och till sist utredningschef. Arvid Lundb\u00e4ck avled 2004.<\/p>\n","protected":false},"excerpt":{"rendered":"<p>Under 1970-talet fick sl\u00e4ktforskarna i allt h\u00f6gre utstr\u00e4ckning tillg\u00e5ng till k\u00e4llor genom mikrofilmer. F\u00f6r att underl\u00e4tta f\u00f6r sl\u00e4ktforskare att forska hemifr\u00e5n konstruerade Arvid Lundb\u00e4ck en l\u00e4sapparat som kallades Videolog. Se bilden nedan. Vidiologen s\u00e5ldes av Genealogiska F\u00f6reningen och Arvid Lundb\u00e4ck donerade 1976 \u00f6verskottet av f\u00f6rs\u00e4ljningen och den framtida avkastningen till Genealogiska F\u00f6reningen. S\u00e5 tillkom den &#8230; <a title=\"Arvid Lundb\u00e4cks stiftelse\" class=\"read-more\" href=\"https:\/\/www.genealogi.net\/nova\/arvid-lundbacks-stiftelse\/\" aria-label=\"L\u00e4s mer om Arvid Lundb\u00e4cks stiftelse\">L\u00e4s mer<\/a><\/p>\n","protected":false},"author":2,"featured_media":0,"parent":0,"menu_order":0,"comment_status":"closed","ping_status":"closed","template":"","meta":{"footnotes":""},"class_list":["post-476","page","type-page","status-publish"],"_links":{"self":[{"href":"https:\/\/www.genealogi.net\/nova\/wp-json\/wp\/v2\/pages\/476","targetHints":{"allow":["GET"]}}],"collection":[{"href":"https:\/\/www.genealogi.net\/nova\/wp-json\/wp\/v2\/pages"}],"about":[{"href":"https:\/\/www.genealogi.net\/nova\/wp-json\/wp\/v2\/types\/page"}],"author":[{"embeddable":true,"href":"https:\/\/www.genealogi.net\/nova\/wp-json\/wp\/v2\/users\/2"}],"replies":[{"embeddable":true,"href":"https:\/\/www.genealogi.net\/nova\/wp-json\/wp\/v2\/comments?post=476"}],"version-history":[{"count":3,"href":"https:\/\/www.genealogi.net\/nova\/wp-json\/wp\/v2\/pages\/476\/revisions"}],"predecessor-version":[{"id":18364,"href":"https:\/\/www.genealogi.net\/nova\/wp-json\/wp\/v2\/pages\/476\/revisions\/18364"}],"wp:attachment":[{"href":"https:\/\/www.genealogi.net\/nova\/wp-json\/wp\/v2\/media?parent=476"}],"curies":[{"name":"wp","href":"https:\/\/api.w.org\/{rel}","templated":true}]}}