{"id":505,"date":"2026-01-22T10:45:38","date_gmt":"2026-01-22T09:45:38","guid":{"rendered":"https:\/\/www.genealogi.net\/nova\/?page_id=505"},"modified":"2026-03-20T09:45:39","modified_gmt":"2026-03-20T08:45:39","slug":"interna-dokument-och-adressandring","status":"publish","type":"page","link":"https:\/\/www.genealogi.net\/nova\/interna-dokument-och-adressandring\/","title":{"rendered":"Medlemssidorna"},"content":{"rendered":"\n<h2 class=\"wp-block-heading\">F\u00f6r att f\u00e5 tillg\u00e5ng till inneh\u00e5llet p\u00e5 medlemssidorna m\u00e5sta man logga in som medlem.<\/h2>\n\n\n\n<h2 class=\"wp-block-heading\">Om du \u00e4r medlem och inte kan logga in har du angett felaktiga medlemsuppgifter:<\/h2>\n\n\n<div\n\t\t\t\n\t\t\tclass=\"so-widget-sow-button so-widget-sow-button-flat-6ad711d77290\"\n\t\t\t\n\t\t><div class=\"ow-button-base ow-button-align-center\"\n>\n\t\t\t<a\n\t\t\t\t\thref=\"mailto:medlemsadmin@genealogi.net?subject=Jag%20beh\u00f6ver%20nya%20inloggningsuppgifter\"\n\t\t\t\t\tclass=\"butiken-knapp sowb-button ow-icon-placement-left ow-button-hover\" target=\"_blank\" rel=\"noopener noreferrer\" id=\"butiken-knapp\" \t>\n\t\t<span>\n\t\t\t\n\t\t\tBeg\u00e4r nya inloggningsuppgifter\t\t<\/span>\n\t\t\t<\/a>\n\t<\/div>\n<\/div>\n\n\n<div style=\"height:44px\" aria-hidden=\"true\" class=\"wp-block-spacer\"><\/div>\n\n\n\n<h2 class=\"wp-block-heading\">Om du inte \u00e4r medlem kan du f\u00e5 tillg\u00e5ng till medlemssidorna genom att bli medlem:<\/h2>\n\n\n<div\n\t\t\t\n\t\t\tclass=\"so-widget-sow-button so-widget-sow-button-flat-ca07412e520b\"\n\t\t\t\n\t\t><div class=\"ow-button-base ow-button-align-center\"\n>\n\t\t\t<a\n\t\t\t\t\thref=\"https:\/\/www.genealogi.net\/nova\/bli-medlem\/\"\n\t\t\t\t\tclass=\"butiken-knapp sowb-button ow-icon-placement-left ow-button-hover\" target=\"_blank\" rel=\"noopener noreferrer\" id=\"butiken-knapp\" \t>\n\t\t<span>\n\t\t\t\n\t\t\tBli medlem!\t\t<\/span>\n\t\t\t<\/a>\n\t<\/div>\n<\/div>","protected":false},"excerpt":{"rendered":"<p>F\u00f6r att f\u00e5 tillg\u00e5ng till inneh\u00e5llet p\u00e5 medlemssidorna m\u00e5sta man logga in som medlem. Om du \u00e4r medlem och inte kan logga in har du angett felaktiga medlemsuppgifter: Om du inte \u00e4r medlem kan du f\u00e5 tillg\u00e5ng till medlemssidorna genom att bli medlem:<\/p>\n","protected":false},"author":2,"featured_media":0,"parent":0,"menu_order":0,"comment_status":"closed","ping_status":"closed","template":"","meta":{"footnotes":""},"class_list":["post-505","page","type-page","status-publish"],"_links":{"self":[{"href":"https:\/\/www.genealogi.net\/nova\/wp-json\/wp\/v2\/pages\/505","targetHints":{"allow":["GET"]}}],"collection":[{"href":"https:\/\/www.genealogi.net\/nova\/wp-json\/wp\/v2\/pages"}],"about":[{"href":"https:\/\/www.genealogi.net\/nova\/wp-json\/wp\/v2\/types\/page"}],"author":[{"embeddable":true,"href":"https:\/\/www.genealogi.net\/nova\/wp-json\/wp\/v2\/users\/2"}],"replies":[{"embeddable":true,"href":"https:\/\/www.genealogi.net\/nova\/wp-json\/wp\/v2\/comments?post=505"}],"version-history":[{"count":22,"href":"https:\/\/www.genealogi.net\/nova\/wp-json\/wp\/v2\/pages\/505\/revisions"}],"predecessor-version":[{"id":19187,"href":"https:\/\/www.genealogi.net\/nova\/wp-json\/wp\/v2\/pages\/505\/revisions\/19187"}],"wp:attachment":[{"href":"https:\/\/www.genealogi.net\/nova\/wp-json\/wp\/v2\/media?parent=505"}],"curies":[{"name":"wp","href":"https:\/\/api.w.org\/{rel}","templated":true}]}}