{"id":538,"date":"2012-08-11T21:02:22","date_gmt":"2012-08-11T19:02:22","guid":{"rendered":"http:\/\/www.u2086112.fsdata.se\/gfwp\/?page_id=538"},"modified":"2012-08-11T21:02:22","modified_gmt":"2012-08-11T19:02:22","slug":"familjenotiser-1700-och-1800-tal","status":"publish","type":"page","link":"https:\/\/www.genealogi.net\/nova\/om-gf-2__trashed\/projekt\/familjenotiser-1700-och-1800-tal\/","title":{"rendered":"Register till familjenotiser 1700-1800-tal"},"content":{"rendered":"<p><a title=\"\" href=\"http:\/\/www.genealogi.net\/medlem\/familjenotiser\/sok-namn-i-familjenotiser-1760-1860\/\" target=\"_blank\" rel=\"noopener\"><img loading=\"lazy\" decoding=\"async\" class=\"size-full wp-image-2832 alignleft\" title=\"\" src=\"http:\/\/www.genealogi.net\/gfwp\/wp-content\/uploads\/2012\/08\/s\u00f6knamnfamiljen171800.png\" alt=\"s\u00f6knamnfamiljen171800\" width=\"284\" height=\"46\" \/><\/a><br \/>\n(F\u00f6r inloggade medlemmar)<\/p>\n<p>V\u00e5ren 2012 var vi klara med digitaliseringen av namnregistren till familjenotiser fr\u00e5n ett antal tidningar fr\u00e5n 1700- och 1800-talet. Det handlar fr\u00e4mst om Post &amp; Inrikes tidningar, men \u00e4ven andra tidningar d\u00e4r vi har registren i pappersform.<\/p>\n<p><a href=\"https:\/\/www.genealogi.net\/nova\/gfwp\/wp-content\/uploads\/2021\/06\/PoIT-bild.jpg\"><img loading=\"lazy\" decoding=\"async\" class=\"alignnone  wp-image-13811\" src=\"https:\/\/www.genealogi.net\/nova\/gfwp\/wp-content\/uploads\/2021\/06\/PoIT-bild.jpg\" alt=\"\" width=\"559\" height=\"276\" \/><\/a><\/p>\n<div><strong>Registrens inneh\u00e5ll<\/strong><\/div>\n<p>I registren finns efternamn, f\u00f6rnamn, titel, h\u00e4ndelse, datum, \u00e5rg\u00e5ng p\u00e5 tidningen och sidnummer.<\/p>\n<p>Registren \u00e4r sorterade efter namn som f\u00f6rekommer i legala notiser, som gifterm\u00e5ls- och d\u00f6dsannonser i &#8221;Postgumman&#8221;\u00a01)\u00a0och andra svenska tidningar. Registren kan \u00e4ven omfatta namn fr\u00e5n notiser som kan l\u00e4mna andra genealogiska upplysningar som r\u00f6r offentliga st\u00e4mningar, bouppteckningar, arv, testamenten, efterlysningar med mera. En asterisk (*) p\u00e5 en rad i det handskrivna registret betyder att det i tidningen finns biografiska notiser som vi inte tagit med p\u00e5 grund av utrymmesbrist.<\/p>\n<p><strong>Namnregistren till familjenotiserna omfattar f\u00f6ljande tidskrifter och tidsperioder:<\/strong><\/p>\n<table style=\"color: #003264; font-size: 12px;\" border=\"3\" width=\"433\" cellpadding=\"4\">\n<tbody>\n<tr>\n<td><span style=\"color: #000;\"><b>Tidningsregister<\/b><\/span><\/td>\n<td><span style=\"color: #000;\"><b>\u00c5r<\/b><\/span><\/td>\n<td><span style=\"color: #000;\"><b>Antal <\/b><\/span><br \/>\n<span style=\"color: #000;\"><b>familjenotiser<\/b><\/span><\/td>\n<td nowrap=\"nowrap\"><span style=\"color: #000;\"><b>KB digital<\/b>t<\/span><\/td>\n<td><span style=\"color: #000;\"><b>GFs arkiv-<br \/>\nbeteckning<\/b><\/span><\/td>\n<\/tr>\n<tr>\n<td><span style=\"color: #000;\">Stockholms Posttidningar,<br \/>\nInrikes Tidningar\u00a0<sup>2<\/sup><\/span><\/td>\n<td><span style=\"color: #000;\">1760-1800<\/span><\/td>\n<td align=\"right\"><span style=\"color: #000;\">54 000<\/span><\/td>\n<td><span style=\"color: #000;\">Ja<\/span><\/td>\n<td><span style=\"color: #000;\">F2E<\/span><\/td>\n<\/tr>\n<tr>\n<td><span style=\"color: #000;\">Stockholms Posttidningar,<br \/>\nInrikes Tidningar\u00a0<sup>3<\/sup><\/span><\/td>\n<td><span style=\"color: #000;\">1801-1820<\/span><\/td>\n<td align=\"right\"><span style=\"color: #000;\">79 000<\/span><\/td>\n<td><span style=\"color: #000;\">Ja<\/span><\/td>\n<td><span style=\"color: #000;\">F2E<\/span><\/td>\n<\/tr>\n<tr>\n<td><span style=\"color: #000;\">Post- och Inrikes Tidningar<\/span><\/td>\n<td><span style=\"color: #000;\">1821-1850<\/span><\/td>\n<td align=\"right\"><span style=\"color: #000;\">107 000<\/span><\/td>\n<td><span style=\"color: #000;\">Ja<\/span><\/td>\n<td><span style=\"color: #000;\">F2E<\/span><\/td>\n<\/tr>\n<tr>\n<td><span style=\"color: #000;\">Post- och Inrikes Tidningar<\/span><\/td>\n<td><span style=\"color: #000;\">1851-1860<\/span><\/td>\n<td align=\"right\"><span style=\"color: #000;\">18 000<\/span><\/td>\n<td><span style=\"color: #000;\">Ja<\/span><\/td>\n<td><span style=\"color: #000;\">F2E<\/span><\/td>\n<\/tr>\n<tr>\n<td><span style=\"color: #000;\">G\u00f6teborgs Nyheter<\/span><\/td>\n<td><span style=\"color: #000;\">1765-1845<\/span><\/td>\n<td align=\"right\"><span style=\"color: #000;\">35 000<\/span><\/td>\n<td><span style=\"color: #000;\">Nej<\/span><\/td>\n<td><span style=\"color: #000;\">F2L<\/span><\/td>\n<\/tr>\n<tr>\n<td>Norrk\u00f6pings Tidningar<\/td>\n<td>1758-1800<\/td>\n<td align=\"right\">29 000<\/td>\n<td>Nej<\/td>\n<td>F2M<\/td>\n<\/tr>\n<tr>\n<td><span style=\"color: #000;\">Lunds Weckoblad\u00a0<sup>4<\/sup><\/span><\/td>\n<td><span style=\"color: #000;\">1775-1830<\/span><\/td>\n<td align=\"right\"><span style=\"color: #000;\">13 000<\/span><\/td>\n<td><span style=\"color: #000;\">Nej<\/span><\/td>\n<td><span style=\"color: #000;\">F2K<\/span><\/td>\n<\/tr>\n<tr>\n<td><span style=\"color: #000;\"><b>Totalt<\/b><\/span><\/td>\n<td><\/td>\n<td align=\"right\"><span style=\"color: #000;\"><b>335 000<\/b><\/span><\/td>\n<td><\/td>\n<td><\/td>\n<\/tr>\n<\/tbody>\n<\/table>\n<h1><span style=\"font-size: 28px;\">R\u00e5d och fakta om s\u00f6kningen finns p\u00e5 medlemssidan. <\/span><\/h1>\n<p>L\u00e4s \u00e4ven om projektet som digitaliserar gamla \u00e5rg\u00e5ngar av Post-och Inrikes Tidningar under Wikisource: <a href=\"https:\/\/sv.wikisource.org\/wiki\/Post-_och_Inrikes_Tidningar\" target=\"_blank\" rel=\"noopener\">https:\/\/sv.wikisource.org\/wiki\/Post-_och_Inrikes_Tidningar<\/a><\/p>\n<hr \/>\n<p>1 &#8221;Postgumman&#8221; har under \u00e5ren haft olika ben\u00e4mning: Stockholms Posttidningar, Inrikes Tidningar, Post- och Inrikes tidningar.<br \/>\n2\u00a0 Registret sammanst\u00e4llt av f.d. majoren E. Lagerheim. Alla notiser, som endast r\u00f6r adliga personer och som \u00e5terfinns i \u00e4ttartavlorna, \u00e4r inte upptagna h\u00e4r.<br \/>\n3\u00a0 Registret sammanst\u00e4llt av Elis Hildebrand 1945<br \/>\n4\u00a0 Registret sammanst\u00e4llt av Genealogiska F\u00f6reningen 1961<\/p>\n","protected":false},"excerpt":{"rendered":"<p>(F\u00f6r inloggade medlemmar) V\u00e5ren 2012 var vi klara med digitaliseringen av namnregistren till familjenotiser fr\u00e5n ett antal tidningar fr\u00e5n 1700- och 1800-talet. Det handlar fr\u00e4mst om Post &amp; Inrikes tidningar, men \u00e4ven andra tidningar d\u00e4r vi har registren i pappersform. Registrens inneh\u00e5ll I registren finns efternamn, f\u00f6rnamn, titel, h\u00e4ndelse, datum, \u00e5rg\u00e5ng p\u00e5 tidningen och sidnummer. &#8230; <a title=\"Register till familjenotiser 1700-1800-tal\" class=\"read-more\" href=\"https:\/\/www.genealogi.net\/nova\/om-gf-2__trashed\/projekt\/familjenotiser-1700-och-1800-tal\/\" aria-label=\"L\u00e4s mer om Register till familjenotiser 1700-1800-tal\">L\u00e4s mer<\/a><\/p>\n","protected":false},"author":2,"featured_media":5290,"parent":678,"menu_order":40,"comment_status":"closed","ping_status":"closed","template":"","meta":{"footnotes":""},"class_list":["post-538","page","type-page","status-publish","has-post-thumbnail"],"_links":{"self":[{"href":"https:\/\/www.genealogi.net\/nova\/wp-json\/wp\/v2\/pages\/538","targetHints":{"allow":["GET"]}}],"collection":[{"href":"https:\/\/www.genealogi.net\/nova\/wp-json\/wp\/v2\/pages"}],"about":[{"href":"https:\/\/www.genealogi.net\/nova\/wp-json\/wp\/v2\/types\/page"}],"author":[{"embeddable":true,"href":"https:\/\/www.genealogi.net\/nova\/wp-json\/wp\/v2\/users\/2"}],"replies":[{"embeddable":true,"href":"https:\/\/www.genealogi.net\/nova\/wp-json\/wp\/v2\/comments?post=538"}],"version-history":[{"count":0,"href":"https:\/\/www.genealogi.net\/nova\/wp-json\/wp\/v2\/pages\/538\/revisions"}],"up":[{"embeddable":true,"href":"https:\/\/www.genealogi.net\/nova\/wp-json\/wp\/v2\/pages\/678"}],"wp:featuredmedia":[{"embeddable":true,"href":"https:\/\/www.genealogi.net\/nova\/wp-json\/wp\/v2\/media\/5290"}],"wp:attachment":[{"href":"https:\/\/www.genealogi.net\/nova\/wp-json\/wp\/v2\/media?parent=538"}],"curies":[{"name":"wp","href":"https:\/\/api.w.org\/{rel}","templated":true}]}}