{"id":5947,"date":"2017-04-20T23:51:39","date_gmt":"2017-04-21T01:51:39","guid":{"rendered":"http:\/\/www.genealogi.net\/medlem\/?page_id=5947"},"modified":"2026-04-30T10:41:49","modified_gmt":"2026-04-30T08:41:49","slug":"hangmappsarkivet-2-2","status":"publish","type":"page","link":"https:\/\/www.genealogi.net\/nova\/databaser-2\/databaser-med-digitiserad-kalla\/hangmappsarkivet-2-2\/","title":{"rendered":"H\u00e4ngmappsarkivet 2"},"content":{"rendered":"<div><\/div>\n\n\n<h1 class=\"has-medium-font-size wp-block-heading\"><a href=\"https:\/\/www.genealogi.net\/util\/prod\/arkiv\/bilder\/8\">S\u00f6k sl\u00e4ktnamn<\/a><\/h1>\n\n\n\n<h1 class=\"has-medium-font-size wp-block-heading\"><a rel=\"noreferrer noopener\" href=\"\/util\/prod\/arkiv\/bilder\/7\" target=\"_blank\"><strong>S\u00f6k orter<\/strong><\/a><\/h1>\n\n\n<div class=\"wp-block-image is-style-default\">\n<figure class=\"alignright\"><a href=\"https:\/\/www.genealogi.net\/gfwp\/wp-content\/uploads\/2013\/08\/kameraimport-1-maj-2012-359.jpg\"><img loading=\"lazy\" decoding=\"async\" width=\"300\" height=\"225\" src=\"https:\/\/www.genealogi.net\/gfwp\/wp-content\/uploads\/2013\/08\/kameraimport-1-maj-2012-359-300x225.jpg\" alt=\"Pl\u00e5tl\u00e5da med h\u00e4ngmappas\" class=\"wp-image-3229\" srcset=\"https:\/\/www.genealogi.net\/nova\/wp-content\/uploads\/2013\/08\/kameraimport-1-maj-2012-359-300x225.jpg 300w, https:\/\/www.genealogi.net\/nova\/wp-content\/uploads\/2013\/08\/kameraimport-1-maj-2012-359-1024x768.jpg 1024w, https:\/\/www.genealogi.net\/nova\/wp-content\/uploads\/2013\/08\/kameraimport-1-maj-2012-359-768x576.jpg 768w, https:\/\/www.genealogi.net\/nova\/wp-content\/uploads\/2013\/08\/kameraimport-1-maj-2012-359-1536x1152.jpg 1536w, https:\/\/www.genealogi.net\/nova\/wp-content\/uploads\/2013\/08\/kameraimport-1-maj-2012-359-2048x1536.jpg 2048w\" sizes=\"auto, (max-width: 300px) 100vw, 300px\" \/><\/a><\/figure>\n<\/div>\n\n\n<p>H\u00e4ngmappsarkivet best\u00e5r av cirka 4\u00a0000 mappar (tidigare i h\u00e4ngmappssk\u00e5p, nu i arkivkartonger) med handskrivna l\u00f6sa anteckningar, p\u00e5b\u00f6rjade antavlor och tidningsurklipp, dokument som sedan 1930-talet och fram till 2016 sk\u00e4nktes till f\u00f6reningen av huvudsakligen privatpersoner och familjer. <\/p>\n\n\n\n<p>H\u00e4ngmappsarkivet \u00e4r en del av GFs f\u00f6reningsarkiv och best\u00e5r av tv\u00e5 separata delar:<\/p>\n\n\n\n<ul class=\"wp-block-list\"><li>F1B1 H\u00e4ngmappsarkivet. Sl\u00e4ktvis ordnade anteckningar (= Sl\u00e4ktnamnsarkivet)<\/li><li>F1B2 H\u00e4ngmappsarkivet. Geografiskt ordnade anteckningar (= Geografiska arkivet)<\/li><\/ul>\n\n\n\n<p>Arkivet \u00e4r uppdelat i tv\u00e5 delar \u2013 en <strong>sl\u00e4ktvis ordnad<\/strong> del och en <strong>geografiskt ordnad<\/strong> del.<\/p>\n\n\n\n<p><strong>Den\u00a0sl\u00e4ktvis ordnade delen<\/strong> inneh\u00e5ller <strong>54 305<\/strong> bilder sorterade efter sl\u00e4ktnamn, <strong>den geografiskt ordnade delen<\/strong> inneh\u00e5ller <strong>6 682<\/strong> bilder sorterade efter ortnamn. Dokumenten har ordnats, f\u00f6rtecknats, skannats och indexerats av medlemmar i f\u00f6reningen och finns s\u00f6kbara utifr\u00e5n startbokstav.<\/p>\n\n\n\n<p>Du hittar fram till de skannade sidorna genom att &#8221;bl\u00e4ddra&#8221; eller klicka dig fram. N\u00e4r du klickar p\u00e5 begynnelsebokstaven p\u00e5 det sl\u00e4ktnamn eller den ort du s\u00f6ker \u00f6ppnas en sida med klickbara l\u00e4nkar till samtliga sl\u00e4ktnamn eller orter i arkivet som har samma begynnelsebokstav (se bilden nedan). N\u00e4r fler skannade sidor finns f\u00f6r ett sl\u00e4ktnamn eller en ort ser du ett sidantal inom parentes. Du f\u00e5r d\u00e5 klicka ytterligare en g\u00e5ng f\u00f6r att komma fram till varje enskild bildl\u00e4nk.<\/p>\n\n\n\n<p class=\"wp-image-14259\"><img loading=\"lazy\" decoding=\"async\" width=\"605\" height=\"207\" class=\"wp-image-8512\" style=\"width: 605px;\" src=\"https:\/\/www.genealogi.net\/nova\/wp-content\/uploads\/2021\/08\/Skarmavbild-2021-08-24-kl.-12.12.16.png\" alt=\"\" srcset=\"https:\/\/www.genealogi.net\/nova\/wp-content\/uploads\/2021\/08\/Skarmavbild-2021-08-24-kl.-12.12.16.png 902w, https:\/\/www.genealogi.net\/nova\/wp-content\/uploads\/2021\/08\/Skarmavbild-2021-08-24-kl.-12.12.16-300x103.png 300w, https:\/\/www.genealogi.net\/nova\/wp-content\/uploads\/2021\/08\/Skarmavbild-2021-08-24-kl.-12.12.16-768x263.png 768w\" sizes=\"auto, (max-width: 605px) 100vw, 605px\" \/><\/p>\n\n\n\n<p><\/p>\n","protected":false},"excerpt":{"rendered":"<p>S\u00f6k sl\u00e4ktnamn S\u00f6k orter H\u00e4ngmappsarkivet best\u00e5r av cirka 4\u00a0000 mappar (tidigare i h\u00e4ngmappssk\u00e5p, nu i arkivkartonger) med handskrivna l\u00f6sa anteckningar, p\u00e5b\u00f6rjade antavlor och tidningsurklipp, dokument som sedan 1930-talet och fram till 2016 sk\u00e4nktes till f\u00f6reningen av huvudsakligen privatpersoner och familjer. H\u00e4ngmappsarkivet \u00e4r en del av GFs f\u00f6reningsarkiv och best\u00e5r av tv\u00e5 separata delar: F1B1 H\u00e4ngmappsarkivet. &#8230; <a title=\"H\u00e4ngmappsarkivet 2\" class=\"read-more\" href=\"https:\/\/www.genealogi.net\/nova\/databaser-2\/databaser-med-digitiserad-kalla\/hangmappsarkivet-2-2\/\" aria-label=\"L\u00e4s mer om H\u00e4ngmappsarkivet 2\">L\u00e4s mer<\/a><\/p>\n","protected":false},"author":2,"featured_media":0,"parent":8414,"menu_order":30,"comment_status":"closed","ping_status":"closed","template":"","meta":{"footnotes":""},"class_list":["post-5947","page","type-page","status-publish"],"_links":{"self":[{"href":"https:\/\/www.genealogi.net\/nova\/wp-json\/wp\/v2\/pages\/5947","targetHints":{"allow":["GET"]}}],"collection":[{"href":"https:\/\/www.genealogi.net\/nova\/wp-json\/wp\/v2\/pages"}],"about":[{"href":"https:\/\/www.genealogi.net\/nova\/wp-json\/wp\/v2\/types\/page"}],"author":[{"embeddable":true,"href":"https:\/\/www.genealogi.net\/nova\/wp-json\/wp\/v2\/users\/2"}],"replies":[{"embeddable":true,"href":"https:\/\/www.genealogi.net\/nova\/wp-json\/wp\/v2\/comments?post=5947"}],"version-history":[{"count":1,"href":"https:\/\/www.genealogi.net\/nova\/wp-json\/wp\/v2\/pages\/5947\/revisions"}],"predecessor-version":[{"id":19650,"href":"https:\/\/www.genealogi.net\/nova\/wp-json\/wp\/v2\/pages\/5947\/revisions\/19650"}],"up":[{"embeddable":true,"href":"https:\/\/www.genealogi.net\/nova\/wp-json\/wp\/v2\/pages\/8414"}],"wp:attachment":[{"href":"https:\/\/www.genealogi.net\/nova\/wp-json\/wp\/v2\/media?parent=5947"}],"curies":[{"name":"wp","href":"https:\/\/api.w.org\/{rel}","templated":true}]}}