{"id":6407,"date":"2014-11-04T23:32:52","date_gmt":"2014-11-04T21:32:52","guid":{"rendered":"http:\/\/www.genealogi.net\/?page_id=6407"},"modified":"2014-11-04T23:32:52","modified_gmt":"2014-11-04T21:32:52","slug":"johan-buren-sukukirja-1400-1640","status":"publish","type":"page","link":"https:\/\/www.genealogi.net\/nova\/johan-buren-sukukirja-1400-1640\/","title":{"rendered":"Johan Buren sukukirja 1400-1640"},"content":{"rendered":"<p><a href=\"http:\/\/www.genealogi.net\/gfwp\/wp-content\/uploads\/2014\/06\/Buredvcover.png\"><img loading=\"lazy\" decoding=\"async\" align=\"right\" alt=\"Buredvcover\" class=\"alignright size-medium wp-image-5532\" height=\"300\" src=\"http:\/\/www.genealogi.net\/gfwp\/wp-content\/uploads\/2014\/06\/Buredvcover-208x300.png\" width=\"208\" srcset=\"https:\/\/www.genealogi.net\/nova\/wp-content\/uploads\/2014\/06\/Buredvcover-208x300.png 208w, https:\/\/www.genealogi.net\/nova\/wp-content\/uploads\/2014\/06\/Buredvcover.png 428w\" sizes=\"auto, (max-width: 208px) 100vw, 208px\" \/><\/a>DVD Johan Buren sukukirja perustuu ruostsalaisen keskiajantutkijan Johan Buren sukututkimukseen. Sukukirja sis\u00e4lt\u00e4\u00e4 noin 3000 henkil\u00f6a suurinpiirtein 1400 luvulta 1600-luvun ensimm\u00e4iselle puoliskolle. Pieni m\u00e4\u00e4r\u00e4 muistiinpanoja lis\u00e4tietoineen my\u00f6hemmist\u00e4 esipolvista on lis\u00e4tty 1700-luvulla.<br \/>\n\tBure oli Ruotsissa ensimm\u00e4inen aateliton sukututkimusta harrastava henkil\u00f6 ja ensimm\u00e4inen joka tutki aatelittomia sukuja.<\/p>\n<p>Genealogiska F\u00f6reningen julkaisee t\u00e4m\u00e4n kuuluisan sukukirjan DVD muodossa, aineiston on koonnut ja suunnitellut Urban Sikeborg.<br \/>\n\tDVD toimii vain Windows k\u00e4ytt\u00f6j\u00e4rjestelm\u00e4ll\u00e4.<\/p>\n<p><strong>Hinta: j\u00e4senille 275 SEK + postimaksu<br \/>\n\tmuille: 325 SEK + postimaksu<\/strong><\/p>\n<p><em><a href=\"http:\/\/www.genealogi.net\/gfwp\/wp-content\/uploads\/2014\/03\/Intervju-m-Tiina-Miettinen-i-fi-Seura-mars-2014.pdf\" target=\"_blank\">Tiina Miettinen &#8211; Seura, maaliskuu 2014 (pdf)<br \/>\n\t<\/a><\/em><\/p>\n<h1>Tilaukset ja myyntiehdot<\/h1>\n<p>Kaikki hinnat ruotsin kruunuissa. Postimaksut postin taksojen mukaan. Tilaukset puh: 08-329680 tai s\u00e4hk\u00f6postitse <a href=\"mailto:gf@genealogi.net\">gf(at)genealogi.net<\/a><\/p>\n<p><strong>Maksut ulkomailta<\/strong>: BIC: NDEASESS IBAN: SE59 9500 0099 6034 0838 4950 Tilaaja maksaa pankkikulut<\/p>\n<p>Pay-Pal maksut osoitteeseen <a href=\"mailto:kassor@genealogi.net\">kassor(at)genealogi.net<\/a>. Lasku l\u00e4hetet\u00e4\u00e4n tilauksen mukana.<\/p>\n<p><strong>Myyntiehdot:<\/strong> 12 p\u00e4iv\u00e4n maksuaika.<\/p>\n<h1>Johan Buren Sukukirja DVD &#8211; P\u00e4ivitys<\/h1>\n<p><strong>Tee n\u00e4in<\/strong>: Kun olet asentanut Johan Buren sukukirjan tietokoneellesi, <a href=\"http:\/\/www.genealogi.net\/Bure\/Bure uppgradering 101.exe\" target=\"_blank\">klikkaa t\u00e4t\u00e4<\/a> linkki\u00e4 ladataksesi p\u00e4ivitysohjelma. Saat ehk\u00e4 suojausvaroituksen esim \u201dJulkaisijan vahvistaminen ei onnistunut\u201d tms . Hyv\u00e4ksy lataus ja kun lataus on valmis klikkaa Suorita. P\u00e4ivitysohjelma l\u00f6yt\u00e4\u00e4 itse kansion mihin Johan Buren sukukirja on asennettu ja p\u00e4ivitt\u00e4\u00e4 tarvittavat tiedostot. Jos haluat varmistaa ett\u00e4 p\u00e4ivitys onnistui , voit tarkistaa sen \u201dOm\u201d- valikosta kun olet avannut ohjelman.<br \/>\n\t\u201dVersion information\u201d on silloin 1.01<\/p>\n<p>\u00a0<\/p>\n","protected":false},"excerpt":{"rendered":"<p>DVD Johan Buren sukukirja perustuu ruostsalaisen keskiajantutkijan Johan Buren sukututkimukseen. Sukukirja sis\u00e4lt\u00e4\u00e4 noin 3000 henkil\u00f6a suurinpiirtein 1400 luvulta 1600-luvun ensimm\u00e4iselle puoliskolle. Pieni m\u00e4\u00e4r\u00e4 muistiinpanoja lis\u00e4tietoineen my\u00f6hemmist\u00e4 esipolvista on lis\u00e4tty 1700-luvulla. Bure oli Ruotsissa ensimm\u00e4inen aateliton sukututkimusta harrastava henkil\u00f6 ja ensimm\u00e4inen joka tutki aatelittomia sukuja. Genealogiska F\u00f6reningen julkaisee t\u00e4m\u00e4n kuuluisan sukukirjan DVD muodossa, aineiston on koonnut &#8230; <a title=\"Johan Buren sukukirja 1400-1640\" class=\"read-more\" href=\"https:\/\/www.genealogi.net\/nova\/johan-buren-sukukirja-1400-1640\/\" aria-label=\"L\u00e4s mer om Johan Buren sukukirja 1400-1640\">L\u00e4s mer<\/a><\/p>\n","protected":false},"author":2,"featured_media":5290,"parent":0,"menu_order":0,"comment_status":"closed","ping_status":"closed","template":"","meta":{"footnotes":""},"class_list":["post-6407","page","type-page","status-publish","has-post-thumbnail"],"_links":{"self":[{"href":"https:\/\/www.genealogi.net\/nova\/wp-json\/wp\/v2\/pages\/6407","targetHints":{"allow":["GET"]}}],"collection":[{"href":"https:\/\/www.genealogi.net\/nova\/wp-json\/wp\/v2\/pages"}],"about":[{"href":"https:\/\/www.genealogi.net\/nova\/wp-json\/wp\/v2\/types\/page"}],"author":[{"embeddable":true,"href":"https:\/\/www.genealogi.net\/nova\/wp-json\/wp\/v2\/users\/2"}],"replies":[{"embeddable":true,"href":"https:\/\/www.genealogi.net\/nova\/wp-json\/wp\/v2\/comments?post=6407"}],"version-history":[{"count":0,"href":"https:\/\/www.genealogi.net\/nova\/wp-json\/wp\/v2\/pages\/6407\/revisions"}],"wp:featuredmedia":[{"embeddable":true,"href":"https:\/\/www.genealogi.net\/nova\/wp-json\/wp\/v2\/media\/5290"}],"wp:attachment":[{"href":"https:\/\/www.genealogi.net\/nova\/wp-json\/wp\/v2\/media?parent=6407"}],"curies":[{"name":"wp","href":"https:\/\/api.w.org\/{rel}","templated":true}]}}