{"id":676,"date":"2011-02-13T09:45:51","date_gmt":"2011-02-13T09:45:51","guid":{"rendered":"http:\/\/www.u2086112.fsdata.se\/gfwp\/?page_id=20"},"modified":"2011-02-13T09:45:51","modified_gmt":"2011-02-13T09:45:51","slug":"inrikespass-1700-tal","status":"publish","type":"page","link":"https:\/\/www.genealogi.net\/nova\/om-gf-2__trashed\/projekt\/inrikespass-1700-tal\/","title":{"rendered":"Inrikes pass 1700- till 1900-tal"},"content":{"rendered":"<p><a href=\"https:\/\/www.genealogi.net\/nova\/util\/prod\/regpass\/search\" target=\"_blank\" rel=\"noopener\"><img loading=\"lazy\" decoding=\"async\" class=\"alignnone size-full wp-image-1991\" src=\"https:\/\/www.genealogi.net\/nova\/gfwp\/wp-content\/uploads\/2011\/02\/inrikespass%C3%B6k.png\" alt=\"inrikespass\u00f6k\" width=\"250\" height=\"46\" \/><\/a> (F\u00f6r medlemmar)<\/p>\n<p><a href=\"https:\/\/www.genealogi.net\/nova\/util\/prod\/regpass\/map\" target=\"_blank\" rel=\"noopener\"><img loading=\"lazy\" decoding=\"async\" class=\"alignright size-full wp-image-8977\" src=\"https:\/\/www.genealogi.net\/nova\/gfwp\/wp-content\/uploads\/2011\/02\/klippkarta.jpg\" alt=\"\" width=\"146\" height=\"259\" \/>Klicka p\u00e5 kartan. Markera d\u00e4refter en cirkel s\u00e5 ser du antal registrerade pass vid den orten. <\/a><\/p>\n<p><a href=\"\/nova\/#Om%20Inrikes%20pass\">L\u00e4s om Inrikes pass<\/a><\/p>\n<p>Ett pass ber\u00e4ttar &#8211; <a href=\"https:\/\/www.genealogi.net\/nova\/om-gf\/projekt\/inrikespass-1700-tal\/ett-pass-berattar\/\">Carl Fredrik Svensson<\/a><\/p>\n<p>Passfynd i trossbotten &#8211; <a href=\"https:\/\/www.genealogi.net\/nova\/om-gf\/projekt\/inrikespass-1700-tal\/malmgren\/\">Gustaf Wilhelm Malmgren<\/a><\/p>\n<p>Passfynd i trossbotten &#8211; <a href=\"https:\/\/www.genealogi.net\/nova\/om-gf\/projekt\/inrikespass-1700-tal\/hedin\/\">Maria Theresia Hedin<\/a><\/p>\n<p><a href=\"https:\/\/www.genealogi.net\/nova\/om-gf\/projekt\/inrikespass-1700-tal\/internal-passports-in-sweden\/\">Internal passports in Sweden<\/a><\/p>\n<p>Kontakta <a href=\"mailto:%20inrikespass@genealogi.net\">inrikespass(at)genealogi.net<\/a> om du har n\u00e5gra fr\u00e5gor kring projektet eller vill hj\u00e4lpa till!<\/p>\n<p><a id=\"Om Inrikes pass\" name=\"Om Inrikes pass\"><\/a><\/p>\n<h1><\/h1>\n<h1>Om Inrikes pass<\/h1>\n<p>F\u00f6rr fick man inte resa hur man ville i landet utan var tvungen att f\u00e5 ett pass utf\u00e4rdat f\u00f6r den resa man skulle f\u00f6reta sig. N\u00e4r man ans\u00f6kte om ett resepass\u00a0r\u00e4ckte det inte att tala om var man bodde och vart man skulle. Myndigheterna beslutade \u00e4ven vilken resv\u00e4g man skulle ta och hur l\u00e4nge passet skulle vara giltigt, och dessa uppgifter\u00a0fanns angivna\u00a0i passen. Handlingar fr\u00e5n forna tiders passadministration\u00a0finns p\u00e5 GFs medlemssidor i form av en digital bilddatabas och vi bygger\u00a0upp ett s\u00f6kbart namnregister till handlingarna.<\/p>\n<div>Materialet om inrikes pass har varit relativt outforskat. Anledningen \u00e4r att det \u00e4r sv\u00e5rt att hitta de personer man s\u00f6ker i handlingarna. Man beh\u00f6ver veta <em>att<\/em> en person reste, man beh\u00f6ver veta <em>n\u00e4r<\/em> han eller hon reste och man beh\u00f6ver veta <em>var<\/em> passet kan ha utf\u00e4rdats f\u00f6r att ha m\u00f6jlighet att hitta uppgift om det. Oftast \u00e4r det s\u00e5 att vi inte ens k\u00e4nner till de flesta resor som gjordes, detta f\u00f6r att de s\u00e4llan dokumenterades p\u00e5 annat h\u00e5ll. Men nu underl\u00e4ttar vi denna s\u00f6kning!<\/div>\n<div><\/div>\n<div>Passk\u00e4llorna inneh\u00e5ller m\u00e4ngder med sp\u00e4nnande uppgifter. Yrke, resm\u00e5l, avreseort, v\u00e4g som personen m\u00e5ste f\u00e4rdas samt utseende \u00e4r n\u00e5gra av de grundl\u00e4ggande uppgifter som finns nedtecknade.<\/div>\n<p><a href=\"https:\/\/www.genealogi.net\/nova\/gfwp\/wp-content\/uploads\/2011\/02\/kameraimport-1-maj-2012-373.jpg\"><img loading=\"lazy\" decoding=\"async\" class=\"alignright size-medium wp-image-1202\" title=\"kameraimport 1 maj 2012 373\" src=\"https:\/\/www.genealogi.net\/nova\/gfwp\/wp-content\/uploads\/2011\/02\/kameraimport-1-maj-2012-373-300x225.jpg\" alt=\"H\u00f6r av dig om du vill hjj\u00e4lpa oss fotografera!\" width=\"300\" height=\"225\" align=\"right\" srcset=\"https:\/\/www.genealogi.net\/nova\/wp-content\/uploads\/2011\/02\/kameraimport-1-maj-2012-373-300x225.jpg 300w, https:\/\/www.genealogi.net\/nova\/wp-content\/uploads\/2011\/02\/kameraimport-1-maj-2012-373-1024x768.jpg 1024w, https:\/\/www.genealogi.net\/nova\/wp-content\/uploads\/2011\/02\/kameraimport-1-maj-2012-373-768x576.jpg 768w, https:\/\/www.genealogi.net\/nova\/wp-content\/uploads\/2011\/02\/kameraimport-1-maj-2012-373-1536x1152.jpg 1536w, https:\/\/www.genealogi.net\/nova\/wp-content\/uploads\/2011\/02\/kameraimport-1-maj-2012-373-2048x1536.jpg 2048w\" sizes=\"auto, (max-width: 300px) 100vw, 300px\" \/><\/a>Arkivmaterialet om inrikes resor \u00e4r omfattande och det\u00a0\u00e4r d\u00e4rmed ocks\u00e5\u00a0projektet. Det \u00e4r fr\u00e5gan om listor p\u00e5 utf\u00e4rdade pass &#8211; passjournaler &#8211; det \u00e4r fr\u00e5gan om passans\u00f6kningar, dagb\u00f6cker fr\u00e5n g\u00e4stgiverier m m. Inom f\u00f6reningen p\u00e5g\u00e5r en kontinuerlig fotografering av originalhandlingar. N\u00e4r de digitaliserade handlingarna l\u00e4ggs ut p\u00e5 medlemssidorna g\u00f6rs de ocks\u00e5 tillg\u00e4nliga f\u00f6r indexering. Nu \u00e4r det m\u00e5nga medlemmar som bidrar i registreringsarbetet och det\u00a0s\u00f6kbara personregistret v\u00e4xer i en god takt!<\/p>\n<p>Man kan s\u00e4ga att GFs medlemmar med gemensamma krafter bygger upp en ing\u00e5ng av rang till ett attraktivt arkivmaterial. Hur m\u00e5nga poster finns i dag i personregistret? Titta p\u00e5 r\u00e4kneverket till h\u00f6ger p\u00e5 v\u00e5r startsida! Hur f\u00f6rdelar sig de avfotograferade handlingarna geografiskt? Hur m\u00e5nga namn finns registrerade fr\u00e5n mina trakter? Hur m\u00e5nga namn finns registrerade de \u00e5r jag intresserar mig f\u00f6r? Klicka p\u00e5 kartbilden ovanf\u00f6r s\u00e5 kommer du vidare till svaren p\u00e5 dessa fr\u00e5gor.<\/p>\n<p>I Sverige har vi utf\u00e4rdat pass f\u00f6r inrikes resor sedan Gustav Vasas tid och fram till 1860 och f\u00f6r n\u00e5gra grupper \u00e4ven efter det. Det var statsmakten som ville ha kontroll p\u00e5 sitt folk och dess resande. Orsakerna varierade i olika tider, fr\u00e5n b\u00f6rjan var det f\u00f6r att allmogen skulle kunna urskilja dem de var skyldiga st\u00e4lla upp med skjutsh\u00e4star f\u00f6r. Men senare var det huvudsakligen f\u00f6r att man ville ha kontroll p\u00e5 handeln och att man ville motverka kringstrykande av l\u00f6st folk.<\/p>\n<p>Inrikes pass utf\u00e4rdades huvudsakligen av landskanslierna (nuv. l\u00e4nsstyrelserna) och magistraterna. Efter en kunglig f\u00f6rordning 1812 som inneh\u00f6ll sk\u00e4rpta krav p\u00e5 passadministrationen inrapporterades dessa till Justitiekanslern. Det \u00e4r dessa senare handlingar ur Justitiekanslerns arkiv som\u00a0GF initialt fotograferade\u00a0och lade ut f\u00f6r indexering. I projektets andra fas l\u00e4ggs nu\u00a0de passjournaler\u00a0ut som \u00e5terfinns\u00a0i\u00a0de passutf\u00e4rdande myndigheternas egna arkiv.<\/p>\n<p style=\"text-align: center;\"><a href=\"https:\/\/www.genealogi.net\/nova\/gfwp\/wp-content\/uploads\/2011\/02\/passjournallista-J%C3%B6nk%C3%B6ping-mars-1813.jpg\"><img loading=\"lazy\" decoding=\"async\" class=\"aligncenter size-medium wp-image-2812\" src=\"https:\/\/www.genealogi.net\/nova\/gfwp\/wp-content\/uploads\/2011\/02\/passjournallista-J%C3%B6nk%C3%B6ping-mars-1813-300x186.jpg\" alt=\"passjournallista J\u00f6nk\u00f6ping mars 1813\" width=\"300\" height=\"186\" \/><\/a><\/p>\n<p style=\"text-align: center;\">Sida ur passjournal\u00a0fr\u00e5n J\u00f6nk\u00f6ping mars 1813, JKs arkiv<\/p>\n<div><strong>Lyssna p\u00e5 Sl\u00e4ktband om Inrikes pass<\/strong><\/div>\n<div style=\"padding: 3px; margin-top: 3px; margin-bottom: 5px; border-top: 1px solid #d3d3d3;\">Den 21 november 2011 s\u00e4ndes radions &#8221;Sl\u00e4ktband&#8221; i p1 med rubriken &#8221;Flytt varje \u00e5r&#8221; och handlade om flyttningar f\u00f6rr och om inrikes pass. GF medverkade genom att ber\u00e4tta om passhandlingar allm\u00e4nt och om projektet Inrikes Pass. Lyssna p\u00e5 n\u00e4tet:<a href=\"http:\/\/sverigesradio.se\/sida\/artikel.aspx?programid=2068&amp;artikel=4799781\" target=\"_blank\" rel=\"noopener\">http:\/\/sverigesradio.se\/sida\/artikel.aspx?programid=2068&amp;artikel=4799781<\/a><\/div>\n<div><\/div>\n<div style=\"padding: 3px; margin-top: 3px; margin-bottom: 5px; border-top: 1px solid #d3d3d3;\"><strong>Specialnummer av Sl\u00e4kt och H\u00e4vd om inrikespass<\/strong><\/div>\n<div style=\"padding: 3px; margin-top: 3px; margin-bottom: 5px; border-top: 1px solid #d3d3d3;\">Nr 2012:3 av SoH inneh\u00e5ller en resum\u00e9 \u00f6ver fr\u00e4mst passens historia fram till 1860 med kommentarer om k\u00e4llmaterialet. Numret inneh\u00e5ller ocks\u00e5 beskrivningar av k\u00e4llor som dokumenterar resandet i \u00e4ldre tid. Medlemmar har tillg\u00e5ng till artikeln som pdf. <a href=\"http:\/\/www.gfsupersok.se\/GFKlipp\/InrikesPass\/images\/pdf\/SoH-2012-nr3-hela.pdf\" target=\"_blank\" rel=\"noopener\">Klicka h\u00e4r<\/a> f\u00f6r att komma till artikeln.<br \/>\n\u00c4r du inte medlem men vill k\u00f6pa artikeln, det finns n\u00e5gra exemplar kvar.\u00a0<a href=\"https:\/\/gfsupersok.se\/#!\/products\/sl%C3%A4kt-och-h%C3%A4vd-temanummer-om-passens-historia.html\" target=\"_blank\" rel=\"noopener\">L\u00e4s mer och k\u00f6p<\/a> via v\u00e5r butik\u00a0 &#8211; <a href=\"https:\/\/gfsupersok.se\/#!\/products\/sl%C3%A4kt-och-h%C3%A4vd-temanummer-om-passens-historia-medlemspris.html\" target=\"_blank\" rel=\"noopener\">K\u00f6p f\u00f6r medlemspris<\/a>.<\/div>\n","protected":false},"excerpt":{"rendered":"<p>(F\u00f6r medlemmar) Klicka p\u00e5 kartan. Markera d\u00e4refter en cirkel s\u00e5 ser du antal registrerade pass vid den orten. L\u00e4s om Inrikes pass Ett pass ber\u00e4ttar &#8211; Carl Fredrik Svensson Passfynd i trossbotten &#8211; Gustaf Wilhelm Malmgren Passfynd i trossbotten &#8211; Maria Theresia Hedin Internal passports in Sweden Kontakta inrikespass(at)genealogi.net om du har n\u00e5gra fr\u00e5gor kring &#8230; <a title=\"Inrikes pass 1700- till 1900-tal\" class=\"read-more\" href=\"https:\/\/www.genealogi.net\/nova\/om-gf-2__trashed\/projekt\/inrikespass-1700-tal\/\" aria-label=\"L\u00e4s mer om Inrikes pass 1700- till 1900-tal\">L\u00e4s mer<\/a><\/p>\n","protected":false},"author":2,"featured_media":5290,"parent":678,"menu_order":0,"comment_status":"closed","ping_status":"open","template":"","meta":{"footnotes":""},"class_list":["post-676","page","type-page","status-publish","has-post-thumbnail"],"_links":{"self":[{"href":"https:\/\/www.genealogi.net\/nova\/wp-json\/wp\/v2\/pages\/676","targetHints":{"allow":["GET"]}}],"collection":[{"href":"https:\/\/www.genealogi.net\/nova\/wp-json\/wp\/v2\/pages"}],"about":[{"href":"https:\/\/www.genealogi.net\/nova\/wp-json\/wp\/v2\/types\/page"}],"author":[{"embeddable":true,"href":"https:\/\/www.genealogi.net\/nova\/wp-json\/wp\/v2\/users\/2"}],"replies":[{"embeddable":true,"href":"https:\/\/www.genealogi.net\/nova\/wp-json\/wp\/v2\/comments?post=676"}],"version-history":[{"count":1,"href":"https:\/\/www.genealogi.net\/nova\/wp-json\/wp\/v2\/pages\/676\/revisions"}],"predecessor-version":[{"id":19286,"href":"https:\/\/www.genealogi.net\/nova\/wp-json\/wp\/v2\/pages\/676\/revisions\/19286"}],"up":[{"embeddable":true,"href":"https:\/\/www.genealogi.net\/nova\/wp-json\/wp\/v2\/pages\/678"}],"wp:featuredmedia":[{"embeddable":true,"href":"https:\/\/www.genealogi.net\/nova\/wp-json\/wp\/v2\/media\/5290"}],"wp:attachment":[{"href":"https:\/\/www.genealogi.net\/nova\/wp-json\/wp\/v2\/media?parent=676"}],"curies":[{"name":"wp","href":"https:\/\/api.w.org\/{rel}","templated":true}]}}