{"id":7002,"date":"2019-12-29T08:49:52","date_gmt":"2019-12-29T10:49:52","guid":{"rendered":"https:\/\/www.genealogi.net\/medlem\/?page_id=7002"},"modified":"2019-12-29T08:49:52","modified_gmt":"2019-12-29T10:49:52","slug":"goteborg-dagstidningar","status":"publish","type":"page","link":"https:\/\/www.genealogi.net\/nova\/inrikes-pass\/originalhandlingarna\/goteborgs-och-bohus-lan-o\/goteborg-dagstidningar\/","title":{"rendered":"G\u00f6teborg, dagstidningar"},"content":{"rendered":"<h1>Dagstidningar i G\u00f6teborg<\/h1>\n<p>Ur\u00a0<em><strong>G\u00f6theborgs Weckolista<\/strong><\/em> &#8211; notiser med &#8221;Anm\u00e4lde resande&#8221;. Bilderna h\u00e4mtade fr\u00e5n Kungliga bibliotekets digitalisering av svenska dagstidningar. L\u00e4s mer om\u00a0<em>G\u00f6theborgs Weckolista<\/em> <a href=\"https:\/\/www.genealogi.net\/nova\/inrikes-pass\/originalhandlingarna\/goteborgs-och-bohus-lan-o\/goteborg-dagstidningar\/om-gotheborgs-weckolista\/\" target=\"_blank\" rel=\"noopener\">h\u00e4r<\/a>.<\/p>\n<p>Sidl\u00e4nkarna nedan leder dig direkt till registreringssidan. Om du inte vill registrera namn utan bara titta p\u00e5 originalhandlingen, klicka dig d\u00e5 vidare via knappen &#8221;Bild&#8221; uppe i v\u00e4nstra h\u00f6rnet p\u00e5 registreringssidan.<\/p>\n<h2>1749<\/h2>\n<table style=\"width: 500px;\" border=\"1\" cellspacing=\"1\" cellpadding=\"1\">\n<tbody>\n<tr>\n<td style=\"width: 95px;\"><\/td>\n<td>[inrpass_pages_for id=&#8221;kb_svenskadagstidningar_AEckssb6_anmalderesande_x_1749_gotheborgs_weckolista&#8221;]<\/td>\n<\/tr>\n<\/tbody>\n<\/table>\n<h2>1750<\/h2>\n<table style=\"width: 500px;\" border=\"1\" cellspacing=\"1\" cellpadding=\"1\">\n<tbody>\n<tr>\n<td style=\"width: 95px;\"><\/td>\n<td>[inrpass_pages_for id=&#8221;kb_svenskadagstidningar_AEckssb6_anmalderesande_x_1750_gotheborgs_weckolista&#8221;]<\/td>\n<\/tr>\n<\/tbody>\n<\/table>\n<h2>1751<\/h2>\n<table style=\"width: 500px;\" border=\"1\" cellspacing=\"1\" cellpadding=\"1\">\n<tbody>\n<tr>\n<td style=\"width: 95px;\"><\/td>\n<td>[inrpass_pages_for id=&#8221;kb_svenskadagstidningar_AEckssb6_anmalderesande_x_1751_gotheborgs_weckolista&#8221;]<\/td>\n<\/tr>\n<\/tbody>\n<\/table>\n<h2>1752<\/h2>\n<table style=\"width: 500px;\" border=\"1\" cellspacing=\"1\" cellpadding=\"1\">\n<tbody>\n<tr>\n<td style=\"width: 95px;\"><\/td>\n<td>[inrpass_pages_for id=&#8221;kb_svenskadagstidningar_AEckssb6_anmalderesande_x_1752_gotheborgs_weckolista&#8221;]<\/td>\n<\/tr>\n<\/tbody>\n<\/table>\n<h2>1756<\/h2>\n<table style=\"width: 500px;\" border=\"1\" cellspacing=\"1\" cellpadding=\"1\">\n<tbody>\n<tr>\n<td style=\"width: 95px;\"><\/td>\n<td>[inrpass_pages_for id=&#8221;kb_svenskadagstidningar_AEckssb6_anmalderesande_x_1756_gotheborgs_weckolista&#8221;]<\/td>\n<\/tr>\n<\/tbody>\n<\/table>\n<h2><\/h2>\n<p>&nbsp;<\/p>\n<p>Ur\u00a0<em><strong>G\u00f6theborgs Tidningar<\/strong><\/em>\u00a0&#8211; notiser med &#8221;Anm\u00e4lde resande&#8221;. Bilderna h\u00e4mtade fr\u00e5n Kungliga bibliotekets digitalisering av svenska dagstidningar.<\/p>\n<h2>1793<\/h2>\n<table style=\"width: 500px;\" border=\"1\" cellspacing=\"1\" cellpadding=\"1\">\n<tbody>\n<tr>\n<td style=\"width: 95px;\"><\/td>\n<td>[inrpass_pages_for id=&#8221;kb_svenskadagstidningar_AEckssb6_anmalderesande_x_1793_gotheborgs_tidningar&#8221;]<\/td>\n<\/tr>\n<\/tbody>\n<\/table>\n<h2>1794<\/h2>\n<table style=\"width: 500px;\" border=\"1\" cellspacing=\"1\" cellpadding=\"1\">\n<tbody>\n<tr>\n<td style=\"width: 95px;\"><\/td>\n<td>[inrpass_pages_for id=&#8221;kb_svenskadagstidningar_AEckssb6_anmalderesande_x_1794_gotheborgs_tidningar&#8221;]<\/td>\n<\/tr>\n<\/tbody>\n<\/table>\n<h2><\/h2>\n<p>&nbsp;<\/p>\n","protected":false},"excerpt":{"rendered":"<p>Dagstidningar i G\u00f6teborg Ur\u00a0G\u00f6theborgs Weckolista &#8211; notiser med &#8221;Anm\u00e4lde resande&#8221;. Bilderna h\u00e4mtade fr\u00e5n Kungliga bibliotekets digitalisering av svenska dagstidningar. L\u00e4s mer om\u00a0G\u00f6theborgs Weckolista h\u00e4r. Sidl\u00e4nkarna nedan leder dig direkt till registreringssidan. Om du inte vill registrera namn utan bara titta p\u00e5 originalhandlingen, klicka dig d\u00e5 vidare via knappen &#8221;Bild&#8221; uppe i v\u00e4nstra h\u00f6rnet p\u00e5 registreringssidan. &#8230; <a title=\"G\u00f6teborg, dagstidningar\" class=\"read-more\" href=\"https:\/\/www.genealogi.net\/nova\/inrikes-pass\/originalhandlingarna\/goteborgs-och-bohus-lan-o\/goteborg-dagstidningar\/\" aria-label=\"L\u00e4s mer om G\u00f6teborg, dagstidningar\">L\u00e4s mer<\/a><\/p>\n","protected":false},"author":2,"featured_media":0,"parent":2626,"menu_order":152,"comment_status":"closed","ping_status":"closed","template":"","meta":{"footnotes":""},"class_list":["post-7002","page","type-page","status-publish"],"_links":{"self":[{"href":"https:\/\/www.genealogi.net\/nova\/wp-json\/wp\/v2\/pages\/7002","targetHints":{"allow":["GET"]}}],"collection":[{"href":"https:\/\/www.genealogi.net\/nova\/wp-json\/wp\/v2\/pages"}],"about":[{"href":"https:\/\/www.genealogi.net\/nova\/wp-json\/wp\/v2\/types\/page"}],"author":[{"embeddable":true,"href":"https:\/\/www.genealogi.net\/nova\/wp-json\/wp\/v2\/users\/2"}],"replies":[{"embeddable":true,"href":"https:\/\/www.genealogi.net\/nova\/wp-json\/wp\/v2\/comments?post=7002"}],"version-history":[{"count":0,"href":"https:\/\/www.genealogi.net\/nova\/wp-json\/wp\/v2\/pages\/7002\/revisions"}],"up":[{"embeddable":true,"href":"https:\/\/www.genealogi.net\/nova\/wp-json\/wp\/v2\/pages\/2626"}],"wp:attachment":[{"href":"https:\/\/www.genealogi.net\/nova\/wp-json\/wp\/v2\/media?parent=7002"}],"curies":[{"name":"wp","href":"https:\/\/api.w.org\/{rel}","templated":true}]}}