{"id":7037,"date":"2020-01-01T20:41:04","date_gmt":"2020-01-01T22:41:04","guid":{"rendered":"https:\/\/www.genealogi.net\/medlem\/?page_id=7037"},"modified":"2020-01-01T20:41:04","modified_gmt":"2020-01-01T22:41:04","slug":"haradsskrivaren-i-bergslags-fogderi","status":"publish","type":"page","link":"https:\/\/www.genealogi.net\/nova\/inrikes-pass\/originalhandlingarna\/haradsskrivaren-i-bergslags-fogderi\/","title":{"rendered":"H\u00e4radsskrivaren i Bergslags f\u00f6gderi"},"content":{"rendered":"<p><strong>H\u00e4radsskrivaren i Bergslags f\u00f6gderi, V\u00e4stmanlands l\u00e4n (U)<\/strong><\/p>\n<p>F\u00f6gderiet omfattade f\u00f6re 1870 Skinnskattebergs bergslag (Skinnskatteberg, Gunnilbo och Heds socknar), Gamla Norbergs bergslag (Karbenning, Norberg, V\u00e4sterv\u00e5la och V\u00e4stanfors socknar) och Vagnsbro h\u00e4rad (V\u00e4sterf\u00e4rnebo socken)\u00a0(K\u00e4lla: H\u00e4radsskrivaren i Bergslags f\u00f6gderis arkiv i NAD).<\/p>\n<p>Sidl\u00e4nkarna nedan leder dig direkt till registreringssidan. Om du inte vill registrera namn utan bara titta p\u00e5 originalhandlingen, klicka dig d\u00e5 vidare via knappen &#8221;Bild&#8221; uppe i v\u00e4nstra h\u00f6rnet p\u00e5 registreringssidan.<\/p>\n<p>&nbsp;<\/p>\n<p>Ur\u00a0<em><strong>V\u00e4stmanlands l\u00e4ns landskansli D III<\/strong><\/em> &#8211; skrivelser fr\u00e5n \u00f6vriga myndigheter, ULA. I denna serie \u00e5terfinns passjournalutdrag \u00f6ver personer f\u00f6rpassade till V\u00e4stmanlands l\u00e4n.<\/p>\n<h3>Vol 124<\/h3>\n<table style=\"width: 500px;\" border=\"1\" cellspacing=\"1\" cellpadding=\"1\">\n<tbody>\n<tr>\n<td style=\"width: 95px;\">Januari 1813<\/td>\n<td>[inrpass_pages_for id=&#8221;ula_vastmanlandslanslandskansli_DIII_skrivelserfranovrigamyndigheter_vol124_181301_bergslagsfogderis_haradsskrivare&#8221;]<\/td>\n<\/tr>\n<\/tbody>\n<\/table>\n<p>&nbsp;<\/p>\n<p>&nbsp;<\/p>\n","protected":false},"excerpt":{"rendered":"<p>H\u00e4radsskrivaren i Bergslags f\u00f6gderi, V\u00e4stmanlands l\u00e4n (U) F\u00f6gderiet omfattade f\u00f6re 1870 Skinnskattebergs bergslag (Skinnskatteberg, Gunnilbo och Heds socknar), Gamla Norbergs bergslag (Karbenning, Norberg, V\u00e4sterv\u00e5la och V\u00e4stanfors socknar) och Vagnsbro h\u00e4rad (V\u00e4sterf\u00e4rnebo socken)\u00a0(K\u00e4lla: H\u00e4radsskrivaren i Bergslags f\u00f6gderis arkiv i NAD). Sidl\u00e4nkarna nedan leder dig direkt till registreringssidan. Om du inte vill registrera namn utan bara titta &#8230; <a title=\"H\u00e4radsskrivaren i Bergslags f\u00f6gderi\" class=\"read-more\" href=\"https:\/\/www.genealogi.net\/nova\/inrikes-pass\/originalhandlingarna\/haradsskrivaren-i-bergslags-fogderi\/\" aria-label=\"L\u00e4s mer om H\u00e4radsskrivaren i Bergslags f\u00f6gderi\">L\u00e4s mer<\/a><\/p>\n","protected":false},"author":2,"featured_media":0,"parent":158,"menu_order":209,"comment_status":"closed","ping_status":"closed","template":"","meta":{"footnotes":""},"class_list":["post-7037","page","type-page","status-publish"],"_links":{"self":[{"href":"https:\/\/www.genealogi.net\/nova\/wp-json\/wp\/v2\/pages\/7037","targetHints":{"allow":["GET"]}}],"collection":[{"href":"https:\/\/www.genealogi.net\/nova\/wp-json\/wp\/v2\/pages"}],"about":[{"href":"https:\/\/www.genealogi.net\/nova\/wp-json\/wp\/v2\/types\/page"}],"author":[{"embeddable":true,"href":"https:\/\/www.genealogi.net\/nova\/wp-json\/wp\/v2\/users\/2"}],"replies":[{"embeddable":true,"href":"https:\/\/www.genealogi.net\/nova\/wp-json\/wp\/v2\/comments?post=7037"}],"version-history":[{"count":0,"href":"https:\/\/www.genealogi.net\/nova\/wp-json\/wp\/v2\/pages\/7037\/revisions"}],"up":[{"embeddable":true,"href":"https:\/\/www.genealogi.net\/nova\/wp-json\/wp\/v2\/pages\/158"}],"wp:attachment":[{"href":"https:\/\/www.genealogi.net\/nova\/wp-json\/wp\/v2\/media?parent=7037"}],"curies":[{"name":"wp","href":"https:\/\/api.w.org\/{rel}","templated":true}]}}