{"id":8457,"date":"2021-08-23T05:11:07","date_gmt":"2021-08-23T07:11:07","guid":{"rendered":"https:\/\/www.genealogi.net\/medlem\/?page_id=8457"},"modified":"2026-04-30T11:50:02","modified_gmt":"2026-04-30T09:50:02","slug":"hangmappsarkivet","status":"publish","type":"page","link":"https:\/\/www.genealogi.net\/nova\/digitala-arkiv\/hangmappsarkivet\/","title":{"rendered":"H\u00e4ngmappsarkivet 4"},"content":{"rendered":"\n<p><a href=\"https:\/\/www.genealogi.net\/util\/prod\/arkiv\/bilder\/8\">S\u00f6k p\u00e5 namn i den sl\u00e4ktvis ordnade delen av H\u00e4ngmappsarkivet<\/a><\/p>\n\n\n\n<p><a rel=\"noreferrer noopener\" href=\"\/util\/prod\/arkiv\/bilder\/7\" target=\"_blank\">S\u00f6k p\u00e5 orter i den geografiska delen av H\u00e4ngmappsarkivet.<\/a><\/p>\n\n\n\n<p><a rel=\"noreferrer noopener\" href=\"\/a-o\/slaktkartoteket\/\" target=\"_blank\">P\u00e5 \u00f6ppna sidan finns lista p\u00e5 sl\u00e4ktnamn i H\u00e4ngmappsarkivet<\/a>.<\/p>\n\n\n<div class=\"wp-block-image\">\n<figure class=\"alignright\"><img decoding=\"async\" src=\"https:\/\/www.genealogi.net\/gfwp\/wp-content\/uploads\/2013\/08\/kameraimport-1-maj-2012-359-300x225.jpg\" alt=\"Pl\u00e5tl\u00e5da med h\u00e4ngmappas\"\/><\/figure>\n<\/div>\n\n\n<p>H\u00e4ngmappsarkivet p\u00e5 GF best\u00e5r av cirka 4&nbsp;000 h\u00e4ngmappar med handskrivna l\u00f6sa anteckningar, brev,  p\u00e5b\u00f6rjade antavlor och tidningsursklipp &#8211; oftast sk\u00e4nkta dokument. &nbsp;<br>Alla dokument i h\u00e4ngmappsarkivets <strong>geografiskt<\/strong> ordnade del, sorterade utifr\u00e5n orter, \u00e4r s\u00f6kbara p\u00e5 medlemssidorna. &nbsp; H\u00e4ngmappsarkivets&nbsp;<strong>sl\u00e4ktvis<\/strong> ordnade del \u201dordnas och f\u00f6rtecknas\u201d f\u00f6r n\u00e4rvarande. Arbete p\u00e5g\u00e5r med ordna, skanna och indexera sl\u00e4ktnamnsdelen. Hittills (januari 2024) \u00e4r namn som b\u00f6rjar p\u00e5 A-D s\u00f6kbara. Allt material i h\u00e4ngmapparna har g\u00e5tts igenom och har flyttats \u00f6ver det till arkivkartonger.&nbsp;Materialet i arkivkartongerna skannas f\u00f6r n\u00e4rvarande och det skannade materialet l\u00e4ggs ut successivt p\u00e5 medlemssidan och \u00e4r s\u00f6kbart d\u00e4r. <\/p>\n\n\n\n<p><\/p>\n","protected":false},"excerpt":{"rendered":"<p>S\u00f6k p\u00e5 namn i den sl\u00e4ktvis ordnade delen av H\u00e4ngmappsarkivet S\u00f6k p\u00e5 orter i den geografiska delen av H\u00e4ngmappsarkivet. P\u00e5 \u00f6ppna sidan finns lista p\u00e5 sl\u00e4ktnamn i H\u00e4ngmappsarkivet. H\u00e4ngmappsarkivet p\u00e5 GF best\u00e5r av cirka 4&nbsp;000 h\u00e4ngmappar med handskrivna l\u00f6sa anteckningar, brev, p\u00e5b\u00f6rjade antavlor och tidningsursklipp &#8211; oftast sk\u00e4nkta dokument. &nbsp;Alla dokument i h\u00e4ngmappsarkivets geografiskt ordnade &#8230; <a title=\"H\u00e4ngmappsarkivet 4\" class=\"read-more\" href=\"https:\/\/www.genealogi.net\/nova\/digitala-arkiv\/hangmappsarkivet\/\" aria-label=\"L\u00e4s mer om H\u00e4ngmappsarkivet 4\">L\u00e4s mer<\/a><\/p>\n","protected":false},"author":2,"featured_media":0,"parent":5828,"menu_order":55,"comment_status":"closed","ping_status":"closed","template":"","meta":{"footnotes":""},"class_list":["post-8457","page","type-page","status-publish"],"_links":{"self":[{"href":"https:\/\/www.genealogi.net\/nova\/wp-json\/wp\/v2\/pages\/8457","targetHints":{"allow":["GET"]}}],"collection":[{"href":"https:\/\/www.genealogi.net\/nova\/wp-json\/wp\/v2\/pages"}],"about":[{"href":"https:\/\/www.genealogi.net\/nova\/wp-json\/wp\/v2\/types\/page"}],"author":[{"embeddable":true,"href":"https:\/\/www.genealogi.net\/nova\/wp-json\/wp\/v2\/users\/2"}],"replies":[{"embeddable":true,"href":"https:\/\/www.genealogi.net\/nova\/wp-json\/wp\/v2\/comments?post=8457"}],"version-history":[{"count":1,"href":"https:\/\/www.genealogi.net\/nova\/wp-json\/wp\/v2\/pages\/8457\/revisions"}],"predecessor-version":[{"id":19652,"href":"https:\/\/www.genealogi.net\/nova\/wp-json\/wp\/v2\/pages\/8457\/revisions\/19652"}],"up":[{"embeddable":true,"href":"https:\/\/www.genealogi.net\/nova\/wp-json\/wp\/v2\/pages\/5828"}],"wp:attachment":[{"href":"https:\/\/www.genealogi.net\/nova\/wp-json\/wp\/v2\/media?parent=8457"}],"curies":[{"name":"wp","href":"https:\/\/api.w.org\/{rel}","templated":true}]}}