{"id":8465,"date":"2021-08-23T06:02:23","date_gmt":"2021-08-23T08:02:23","guid":{"rendered":"https:\/\/www.genealogi.net\/medlem\/?page_id=8465"},"modified":"2021-08-23T06:02:23","modified_gmt":"2021-08-23T08:02:23","slug":"inrikes-pass","status":"publish","type":"page","link":"https:\/\/www.genealogi.net\/nova\/databaser-2\/databaser-med-digitiserad-kalla\/inrikes-pass\/","title":{"rendered":"Inrikes pass"},"content":{"rendered":"\n<p>Om du vill s\u00f6ka i databasen Inrikes pass g\u00e5r du enklast till rubriken Inrikes pass i menyraden h\u00e4r p\u00e5 medlemssidan. I dess rullgardin finner du sidorna <a rel=\"noreferrer noopener\" href=\"https:\/\/www.genealogi.net\/nova\/inrikes-pass\/sok-i-personregistret\/\" data-type=\"URL\" data-id=\"https:\/\/www.genealogi.net\/medlem\/inrikes-pass\/sok-i-personregistret\/\" target=\"_blank\">S\u00f6k i databasen<\/a>, <a rel=\"noreferrer noopener\" href=\"https:\/\/www.genealogi.net\/nova\/inrikes-pass\/originalhandlingarna\/\" data-type=\"URL\" data-id=\"https:\/\/www.genealogi.net\/medlem\/inrikes-pass\/originalhandlingarna\/\" target=\"_blank\">Originalhandlingarna<\/a>, <a rel=\"noreferrer noopener\" href=\"https:\/\/www.genealogi.net\/nova\/inrikes-pass\/att-registrera\/\" data-type=\"URL\" data-id=\"https:\/\/www.genealogi.net\/medlem\/inrikes-pass\/att-registrera\/\" target=\"_blank\">Att registrera<\/a> och <a rel=\"noreferrer noopener\" href=\"https:\/\/www.genealogi.net\/nova\/inrikes-pass\/att-registrera\/\" data-type=\"URL\" data-id=\"https:\/\/www.genealogi.net\/medlem\/inrikes-pass\/att-registrera\/\" target=\"_blank\">Historik<\/a> och ett antal undersidor till dessa. <\/p>\n\n\n\n<p>Nedan f\u00f6ljer information om projektet, k\u00e4llmaterialet och de inrikes passens historia.<\/p>\n\n\n\n<h1 class=\"wp-block-heading\">Om projektet Inrikes pass<\/h1>\n\n\n\n<p>Genealogiska F\u00f6reningen driver sedan 2010 projektet Inrikes pass. Ambitionen \u00e4r att digitisera arkivhandlingar r\u00f6rande m\u00e4nniskors resor f\u00f6rr \u2013&nbsp;i f\u00f6rsta hand inrikes resor men \u00e4ven i viss m\u00e5n resor till och fr\u00e5n utlandet \u2013 och att bygga upp en s\u00f6kbar databas d\u00e4r s\u00f6ktr\u00e4ffar \u00e4r l\u00e4nkade till originalhandlingarna. Arkivmaterialet \u00e4r omfattande och sv\u00e5r\u00f6versk\u00e5dligt, handlingar finns ibland till och med p\u00e5 v\u00e4ldigt osannolika st\u00e4llen i arkiven. Projektet kan tyckas vara p\u00e5 gr\u00e4nsen till o\u00f6versk\u00e5dligt. Men entusiasmen och gl\u00e4djen i projektet \u00e4r stor, f\u00f6r varje dag bygger vi upp en st\u00f6rre databas och f\u00e5r en tydligare \u00f6versynd \u00f6ver befintliga k\u00e4llor. Projektets tio f\u00f6rsta \u00e5r har varit gl\u00e4djande och engagemanget har varit ih\u00e5llande hos de som bidrar.<\/p>\n\n\n\n<p>Fotografering sker ute p\u00e5 landsarkiv, stadsarkiv med flera arkiv. N\u00e4r de digitiserade handlingarna l\u00e4ggs ut p\u00e5 medlemssidorna g\u00f6rs de samtidigt tillg\u00e4nliga f\u00f6r indexering. B\u00e5de p\u00e5 den \u00f6ppna hemsidan och p\u00e5 medlemssidorna finner du ett r\u00e4kneverket som visar hur m\u00e5nga personposter som till dags dato har registrerats! Tempot brukar r\u00f6ra sig om ett par tusen nya poster varje m\u00e5nad.<\/p>\n\n\n\n<p>Materialet har sitt tidsm\u00e4ssiga centrum fr\u00e5n sent 1700-tal till runt 1860 samtidigt som handlingar finns fr\u00e5n 1600-tal in p\u00e5 1900-talet. De dominerande handlingarna \u00e4r passjournaler (listor \u00f6ver utf\u00e4rdade och, ibland, uppvisade och p\u00e5skrivna pass) samt g\u00e4stgiveridagb\u00f6cker.<\/p>\n\n\n\n<p><strong>Om historiken och k\u00e4llmaterialet<\/strong><\/p>\n\n\n\n<p>F\u00f6rr fick man inte resa hur man ville i landet utan var tvungen att f\u00e5 ett pass utf\u00e4rdat f\u00f6r den resa man skulle f\u00f6reta sig. N\u00e4r man ans\u00f6kte om ett resepass&nbsp;r\u00e4ckte det inte att tala om var man bodde och vart man skulle. Myndigheterna beslutade \u00e4ven vilken resv\u00e4g man skulle ta och hur l\u00e4nge passet skulle vara giltigt, och dessa uppgifter&nbsp;skulle anges&nbsp;i passen.<\/p>\n\n\n\n<p>Uppgifterna skulle ocks\u00e5 antecknas i de passjournaler som uppr\u00e4ttades n\u00e4r passen utf\u00e4rdades, och dessa journaler inneh\u00e5ller flera sp\u00e4nnande uppgifter. Yrke, resm\u00e5l, avreseort, v\u00e4g som personen m\u00e5ste f\u00e4rdas samt utseende \u00e4r n\u00e5gra av de grundl\u00e4ggande uppgifter som finns nedtecknade.<\/p>\n\n\n\n<p>K\u00e4llmaterialet var tidigare relativt outforskat av den anledningen att det \u00e4r sv\u00e5rt att hitta de personer man s\u00f6ker i handlingarna. Man beh\u00f6ver veta <em>att<\/em> en person reste, man beh\u00f6ver veta <em>n\u00e4r<\/em> han eller hon reste och man beh\u00f6ver veta <em>var<\/em> passet kan ha utf\u00e4rdats f\u00f6r att ha m\u00f6jlighet att hitta uppgift om det. Oftast \u00e4r det s\u00e5 att vi inte ens k\u00e4nner till de flesta resor som gjordes, detta f\u00f6r att de s\u00e4llan dokumenterades p\u00e5 annat h\u00e5ll.&nbsp;<\/p>\n\n\n\n<div class=\"wp-block-image is-style-default\"><figure class=\"alignright size-large\"><img decoding=\"async\" src=\"https:\/\/www.genealogi.net\/gfwp\/wp-content\/uploads\/2021\/08\/gf_webbild_ula_kopparbergslanslandskansli_EXa_gastgiveridagbocker_vol2_1785-1792_brunnbacks_gastgivaregard_2_av_21_-1024x683.jpg\" alt=\"\" class=\"wp-image-14264\" title=\"kameraimport 1 maj 2012 373\"\/><figcaption><em>Sidor ur g\u00e4stgiveridagbok fr\u00e5n Brunnb\u00e4cks g\u00e4stgivareg\u00e5rd i Dalarna september 1792<\/em><\/figcaption><\/figure><\/div>\n\n\n\n<p><\/p>\n\n\n\n<p>I Sverige har vi utf\u00e4rdat pass f\u00f6r inrikes resor sedan Gustav Vasas tid och fram till 1860 och f\u00f6r n\u00e5gra grupper \u00e4ven efter det. Det var statsmakten som ville ha kontroll p\u00e5 sitt folk och dess resande. Orsakerna varierade i olika tider, fr\u00e5n b\u00f6rjan var det f\u00f6r att allmogen skulle kunna urskilja dem de var skyldiga st\u00e4lla upp med skjutsh\u00e4star f\u00f6r. Men senare var det huvudsakligen f\u00f6r att man ville ha kontroll p\u00e5 handeln och motverka kringstrykande av l\u00f6st folk.<\/p>\n\n\n\n<p>Inrikes pass utf\u00e4rdades huvudsakligen av landskanslierna (nuv. l\u00e4nsstyrelserna) och magistraterna. Ett kungligt p\u00e5bud 1812 med sk\u00e4rpta krav p\u00e5 passadministrationen inneh\u00f6ll de str\u00e4ngaste kraven v\u00e5rt land har haft p\u00e5 pass.<\/p>\n\n\n\n<div class=\"wp-block-image is-style-default\"><figure class=\"aligncenter size-large is-resized\"><img loading=\"lazy\" decoding=\"async\" src=\"https:\/\/www.genealogi.net\/gfwp\/wp-content\/uploads\/2021\/08\/gf_webbild_ra_jk_EIIIcf_passjournaler_vol10_181406_vadstena_magistrat_3_av_3_-scaled-e1629816576543-1024x629.jpg\" alt=\"\" class=\"wp-image-14266\" width=\"611\" height=\"373\"\/><figcaption><em>Sida ur passjournal fr\u00e5n Vadstena juni 1814<\/em><\/figcaption><\/figure><\/div>\n\n\n\n<p><strong>Mer kunskap<\/strong>  Vill du veta mer? Det finns en hel del information att inh\u00e4mta.<\/p>\n\n\n\n<p><strong>Lyssna p\u00e5 Sl\u00e4ktband om Inrikes pass<\/strong> Den 21 november 2011 s\u00e4ndes radions &#8221;Sl\u00e4ktband&#8221; i p1 med rubriken &#8221;Flytt varje \u00e5r&#8221; och handlade om flyttningar f\u00f6rr och om inrikes pass. GF medverkade genom att ber\u00e4tta om passhandlingar allm\u00e4nt och om projektet Inrikes Pass. Lyssna p\u00e5 n\u00e4tet:<a rel=\"noreferrer noopener\" href=\"http:\/\/sverigesradio.se\/sida\/artikel.aspx?programid=2068&amp;artikel=4799781\" target=\"_blank\">http:\/\/sverigesradio.se\/sida\/artikel.aspx?programid=2068&amp;artikel=4799781<\/a><\/p>\n\n\n\n<p><strong>Specialnummer av Sl\u00e4kt och H\u00e4vd om inrikespass<\/strong> Nr 2012:3 av SoH inneh\u00e5ller en resum\u00e9 \u00f6ver fr\u00e4mst passens historia fram till 1860 med kommentarer om k\u00e4llmaterialet. Numret inneh\u00e5ller ocks\u00e5 beskrivningar av k\u00e4llor som dokumenterar resandet i \u00e4ldre tid. Medlemmar har tillg\u00e5ng till artikeln som pdf. <a rel=\"noreferrer noopener\" href=\"http:\/\/www.gfsupersok.se\/GFKlipp\/InrikesPass\/images\/pdf\/SoH-2012-nr3-hela.pdf\" target=\"_blank\">Klicka h\u00e4r<\/a> f\u00f6r att komma till artikeln.<\/p>\n\n\n\n<p>Boken <strong>Staten och folk p\u00e5 v\u00e4g<\/strong> handlar om de svenska passens historia, \u00e4r skriven av Anna-Brita L\u00f6vgren och utkom 2018. Du kan k\u00f6pa den i <a rel=\"noreferrer noopener\" href=\"https:\/\/gfsupersok.se\/#!\/b\u00f6cker\/products\/staten-och-folk-p\u00e5-v\u00e4g-pass-i-sverige-fr\u00e5n-gustav-vasas-tid-till-1860\" target=\"_blank\">f\u00f6reningens webbutik.<\/a><\/p>\n","protected":false},"excerpt":{"rendered":"<p>Om du vill s\u00f6ka i databasen Inrikes pass g\u00e5r du enklast till rubriken Inrikes pass i menyraden h\u00e4r p\u00e5 medlemssidan. I dess rullgardin finner du sidorna S\u00f6k i databasen, Originalhandlingarna, Att registrera och Historik och ett antal undersidor till dessa. Nedan f\u00f6ljer information om projektet, k\u00e4llmaterialet och de inrikes passens historia. Om projektet Inrikes pass &#8230; <a title=\"Inrikes pass\" class=\"read-more\" href=\"https:\/\/www.genealogi.net\/nova\/databaser-2\/databaser-med-digitiserad-kalla\/inrikes-pass\/\" aria-label=\"L\u00e4s mer om Inrikes pass\">L\u00e4s mer<\/a><\/p>\n","protected":false},"author":2,"featured_media":0,"parent":8414,"menu_order":40,"comment_status":"closed","ping_status":"closed","template":"","meta":{"footnotes":""},"class_list":["post-8465","page","type-page","status-publish"],"_links":{"self":[{"href":"https:\/\/www.genealogi.net\/nova\/wp-json\/wp\/v2\/pages\/8465","targetHints":{"allow":["GET"]}}],"collection":[{"href":"https:\/\/www.genealogi.net\/nova\/wp-json\/wp\/v2\/pages"}],"about":[{"href":"https:\/\/www.genealogi.net\/nova\/wp-json\/wp\/v2\/types\/page"}],"author":[{"embeddable":true,"href":"https:\/\/www.genealogi.net\/nova\/wp-json\/wp\/v2\/users\/2"}],"replies":[{"embeddable":true,"href":"https:\/\/www.genealogi.net\/nova\/wp-json\/wp\/v2\/comments?post=8465"}],"version-history":[{"count":0,"href":"https:\/\/www.genealogi.net\/nova\/wp-json\/wp\/v2\/pages\/8465\/revisions"}],"up":[{"embeddable":true,"href":"https:\/\/www.genealogi.net\/nova\/wp-json\/wp\/v2\/pages\/8414"}],"wp:attachment":[{"href":"https:\/\/www.genealogi.net\/nova\/wp-json\/wp\/v2\/media?parent=8465"}],"curies":[{"name":"wp","href":"https:\/\/api.w.org\/{rel}","templated":true}]}}