{"id":8501,"date":"2021-08-23T07:21:59","date_gmt":"2021-08-23T09:21:59","guid":{"rendered":"https:\/\/www.genealogi.net\/medlem\/?page_id=8501"},"modified":"2026-04-30T16:34:09","modified_gmt":"2026-04-30T14:34:09","slug":"genealogiska-foreningens-slaktnamnsregistret","status":"publish","type":"page","link":"https:\/\/www.genealogi.net\/nova\/databaser-2\/namnregister-med-hanvisning\/genealogiska-foreningens-slaktnamnsregistret\/","title":{"rendered":"Sl\u00e4ktnamnskartoteket"},"content":{"rendered":"\n<figure class=\"gb-element-bc89c6f2\">\n<img loading=\"lazy\" decoding=\"async\" width=\"832\" height=\"624\" class=\"gb-media-9bcbf3da\" alt=\"\" title=\"KARTOTEK\" src=\"https:\/\/www.genealogi.net\/nova\/wp-content\/uploads\/2026\/04\/KARTOTEK-1.jpg\" srcset=\"https:\/\/www.genealogi.net\/nova\/wp-content\/uploads\/2026\/04\/KARTOTEK-1.jpg 832w, https:\/\/www.genealogi.net\/nova\/wp-content\/uploads\/2026\/04\/KARTOTEK-1-300x225.jpg 300w, https:\/\/www.genealogi.net\/nova\/wp-content\/uploads\/2026\/04\/KARTOTEK-1-768x576.jpg 768w\" sizes=\"auto, (max-width: 832px) 100vw, 832px\" \/>\n\n\n\n<figcaption class=\"gb-text gb-text-30032280\"><em>Delar av GF:s kartoteksregister f\u00f6r m\u00e5nga \u00e5r sedan<\/em>.<\/figcaption>\n\n\n\n<p><\/p>\n<\/figure>\n\n\n\n<p>Detta \u00e4r ett \u00e4ldre register &nbsp;med cirka 25 000 sl\u00e4ktnamn noterade p\u00e5 kort samlade i ett kartotek p\u00e5 Genealogiska F\u00f6reningens expedition. Arbetet med det p\u00e5b\u00f6rjades redan 1933. Namnen h\u00e4nvisar till tryckt litteratur och handskriftssamlingar. Handskriftssamlingar  finns oftast p\u00e5 andra bibliotek och arkiv men h\u00e4nvisningar kan ocks\u00e5 finnas i GF:s samlingar.<\/p>\n\n\n\n<p>Genom att klicka p\u00e5 l\u00e4nkarna nedan kan man se vilka sl\u00e4ktnamn som finns registrerade i registret<\/p>\n\n\n\n<h2 class=\"wp-block-heading\"><strong><a href=\"http:\/\/www.genealogi.net\/a-o\/slaktkartoteket\/slaktkartoteketflik-a\/\">A<\/a> <a href=\"http:\/\/www.genealogi.net\/a-o\/slaktkartoteket\/slaktkartoteketf-b\/\">B<\/a> <a href=\"http:\/\/www.genealogi.net\/a-o\/slaktkartoteket\/slaktkartoteket-c\/\">C<\/a> <a href=\"http:\/\/www.genealogi.net\/a-o\/slaktkartoteket\/slaktkartoteket-d\/\">D<\/a> <a href=\"http:\/\/www.genealogi.net\/a-o\/slaktkartoteket\/slaktkartoteket-e\/\">E<\/a> <a href=\"http:\/\/www.genealogi.net\/a-o\/slaktkartoteket\/slaktkartoteket-f\/\">F<\/a> <a href=\"http:\/\/www.genealogi.net\/a-o\/slaktkartoteket\/slaktkartoteket-g\/\">G<\/a> <a href=\"http:\/\/www.genealogi.net\/a-o\/slaktkartoteket\/slaktkartoteket-h\/\">H<\/a> <a href=\"http:\/\/www.genealogi.net\/a-o\/slaktkartoteket\/slaktkartoteket-i\/\">I<\/a> <a href=\"http:\/\/www.genealogi.net\/a-o\/slaktkartoteket\/slaktkartoteket-j\/\">J<\/a> <a href=\"http:\/\/www.genealogi.net\/a-o\/slaktkartoteket\/slaktkartoteket-k\/\">K<\/a> <a href=\"http:\/\/www.genealogi.net\/a-o\/slaktkartoteket\/slaktkartoteket-l\/\">L<\/a> <a href=\"http:\/\/www.genealogi.net\/a-o\/slaktkartoteket\/slaktkartoteket-m\/\">M<\/a> <a href=\"http:\/\/www.genealogi.net\/a-o\/slaktkartoteket\/slaktkartoteket-n\/\">N<\/a> <a href=\"http:\/\/www.genealogi.net\/a-o\/slaktkartoteket\/slaktkartoteket-o\/\">O<\/a><\/strong> <strong><a href=\"http:\/\/www.genealogi.net\/a-o\/slaktkartoteket\/slaktkartoteket-p\/\">P<\/a> <a href=\"http:\/\/www.genealogi.net\/a-o\/slaktkartoteket\/slaktkartoteket-q\/\">Q<\/a> <a href=\"http:\/\/www.genealogi.net\/a-o\/slaktkartoteket\/slaktkartoteket-r\/\">R<\/a> <a href=\"http:\/\/www.genealogi.net\/a-o\/slaktkartoteket\/slaktkartoteket-s\/\">S<\/a> <a href=\"http:\/\/www.genealogi.net\/a-o\/slaktkartoteket\/slaktkartoteket-t\/\">T<\/a> <a href=\"http:\/\/www.genealogi.net\/a-o\/slaktkartoteket\/slaktkartoteket-u\/\">U<\/a> <a href=\"http:\/\/www.genealogi.net\/a-o\/slaktkartoteket\/slaktkartoteket-vw\/\">V\/W<\/a> <a href=\"http:\/\/www.genealogi.net\/a-o\/slaktkartoteket\/slaktkartoteket-x\/\">X<\/a> <a href=\"http:\/\/www.genealogi.net\/a-o\/slaktkartoteket\/slaktkartoteket-y\/\">Y<\/a> <a href=\"http:\/\/www.genealogi.net\/a-o\/slaktkartoteket\/slaktkartoteket-z\/\">Z<\/a> <a href=\"http:\/\/www.genealogi.net\/a-o\/slaktkartoteket\/slaktkartoteket-a2-a3\/\">\u00c5\/\u00c4<\/a> <a href=\"http:\/\/www.genealogi.net\/a-o\/slaktkartoteket\/slaktkartoteket-o2\/\">\u00d6<\/a><\/strong><\/h2>\n\n\n\n<p>Den information man f\u00e5r \u00e4r om det finns ett BL\u00c5TT och\/eller VITT kort. Inneb\u00f6rden \u00e4r f\u00f6ljande: <\/p>\n\n\n\n<ul class=\"wp-block-list\">\n<li><strong>Bl\u00e5tt kort<\/strong> = H\u00e4nvisning till tryckt eller p\u00e5 annat s\u00e4tt m\u00e5ngfaldigad litteratur som finns i GF:s bibliotek eller andra bibliotek.<\/li>\n\n\n\n<li><strong>Vitt kort<\/strong> = H\u00e4nvisning till handskriftssamlingar hos bibliotek, arkiv eller i GF:s samlingar.<\/li>\n<\/ul>\n\n\n\n<p>F\u00f6r n\u00e4rmare uppgifter om mer exakta h\u00e4nvisningar p\u00e5 korten <a href=\"https:\/\/www.genealogi.net\/om-gf\/kontakta-oss\/\">kontakta GF<\/a>.<\/p>\n\n\n\n<p>Idag ajourf\u00f6rs inte Sl\u00e4ktnamnskartoteket. Ett digitaliseringsarbete p\u00e5g\u00e5r. Den litteratur som finns i GF:s eget bibliotek hittas i v\u00e5r biblioteksdatabas:<\/p>\n\n\n<div id=\"pl-gb8501-69f8758acd901\"  class=\"panel-layout\" ><div id=\"pg-gb8501-69f8758acd901-0\"  class=\"panel-grid panel-no-style\" ><div id=\"pgc-gb8501-69f8758acd901-0-0\"  class=\"panel-grid-cell\" ><div id=\"panel-gb8501-69f8758acd901-0-0-0\" class=\"so-panel widget widget_sow-button panel-first-child panel-last-child\" data-index=\"0\" ><div\n\t\t\t\n\t\t\tclass=\"so-widget-sow-button so-widget-sow-button-flat-42dd4c3c126a-8501\"\n\t\t\t\n\t\t><div class=\"ow-button-base ow-button-align-center\"\n>\n\t\t\t<a\n\t\t\t\t\thref=\"https:\/\/www.genealogi.net\/util\/prod\/gflibris\/hitta\/bibliotek\"\n\t\t\t\t\tclass=\"butiken-knapp sowb-button ow-icon-placement-left ow-button-hover\" target=\"_blank\" rel=\"noopener noreferrer\" id=\"butiken-knapp\" title=\"butiken-knapp\" \t>\n\t\t<span>\n\t\t\t\n\t\t\tS\u00f6k i GF:s biblioteksdatabas\t\t<\/span>\n\t\t\t<\/a>\n\t<\/div>\n<\/div><\/div><\/div><\/div><\/div>\n\n\n<p><\/p>\n","protected":false},"excerpt":{"rendered":"<p>Delar av GF:s kartoteksregister f\u00f6r m\u00e5nga \u00e5r sedan. Detta \u00e4r ett \u00e4ldre register &nbsp;med cirka 25 000 sl\u00e4ktnamn noterade p\u00e5 kort samlade i ett kartotek p\u00e5 Genealogiska F\u00f6reningens expedition. Arbetet med det p\u00e5b\u00f6rjades redan 1933. Namnen h\u00e4nvisar till tryckt litteratur och handskriftssamlingar. Handskriftssamlingar finns oftast p\u00e5 andra bibliotek och arkiv men h\u00e4nvisningar kan ocks\u00e5 finnas &#8230; <a title=\"Sl\u00e4ktnamnskartoteket\" class=\"read-more\" href=\"https:\/\/www.genealogi.net\/nova\/databaser-2\/namnregister-med-hanvisning\/genealogiska-foreningens-slaktnamnsregistret\/\" aria-label=\"L\u00e4s mer om Sl\u00e4ktnamnskartoteket\">L\u00e4s mer<\/a><\/p>\n","protected":false},"author":2,"featured_media":0,"parent":8418,"menu_order":40,"comment_status":"closed","ping_status":"closed","template":"","meta":{"footnotes":""},"class_list":["post-8501","page","type-page","status-publish"],"_links":{"self":[{"href":"https:\/\/www.genealogi.net\/nova\/wp-json\/wp\/v2\/pages\/8501","targetHints":{"allow":["GET"]}}],"collection":[{"href":"https:\/\/www.genealogi.net\/nova\/wp-json\/wp\/v2\/pages"}],"about":[{"href":"https:\/\/www.genealogi.net\/nova\/wp-json\/wp\/v2\/types\/page"}],"author":[{"embeddable":true,"href":"https:\/\/www.genealogi.net\/nova\/wp-json\/wp\/v2\/users\/2"}],"replies":[{"embeddable":true,"href":"https:\/\/www.genealogi.net\/nova\/wp-json\/wp\/v2\/comments?post=8501"}],"version-history":[{"count":4,"href":"https:\/\/www.genealogi.net\/nova\/wp-json\/wp\/v2\/pages\/8501\/revisions"}],"predecessor-version":[{"id":19688,"href":"https:\/\/www.genealogi.net\/nova\/wp-json\/wp\/v2\/pages\/8501\/revisions\/19688"}],"up":[{"embeddable":true,"href":"https:\/\/www.genealogi.net\/nova\/wp-json\/wp\/v2\/pages\/8418"}],"wp:attachment":[{"href":"https:\/\/www.genealogi.net\/nova\/wp-json\/wp\/v2\/media?parent=8501"}],"curies":[{"name":"wp","href":"https:\/\/api.w.org\/{rel}","templated":true}]}}