{"id":8693,"date":"2016-05-05T09:55:20","date_gmt":"2016-05-05T07:55:20","guid":{"rendered":"http:\/\/www.genealogi.net\/?page_id=8693"},"modified":"2026-03-30T12:16:42","modified_gmt":"2026-03-30T10:16:42","slug":"genealogiska-foreningens-arkiv","status":"publish","type":"page","link":"https:\/\/www.genealogi.net\/nova\/samlingarna\/arkivet\/genealogiska-foreningens-arkiv\/","title":{"rendered":"F\u00f6reningsarkivet"},"content":{"rendered":"\n<p>GFs verksamhet finns dokumenterad i f\u00f6reningsarkivet. Det best\u00e5r dels av de vanliga handlingar som \u00e5terfinns i ett f\u00f6reningsarkiv, men h\u00e4r finns \u00e4ven mycket material som kan anv\u00e4ndas f\u00f6r att f\u00e5 kunskap om den svenska sl\u00e4ktforskarr\u00f6relsens historia. F\u00f6reningsarkivet fysiska del finns i ett rullhyllesystem i f\u00f6reningslokalen. Se nedan. Merparten av de handlingar som verksamheten idag genererar lagras \u00e4ven digitalt Fr\u00e5n och med 2026 arkivera protokoll endast digitalt.<\/p>\n\n\n\n<div class=\"gb-element-be65fcc4\"><div class=\"wp-block-image\">\n<figure class=\"aligncenter size-large is-resized\"><img loading=\"lazy\" decoding=\"async\" width=\"2184\" height=\"1890\" src=\"https:\/\/www.genealogi.net\/nova\/wp-content\/uploads\/2026\/03\/20191217_183158-edited.jpg\" alt=\"\" class=\"wp-image-19107\" style=\"aspect-ratio:1.1555565972873305;width:609px;height:auto\" srcset=\"https:\/\/www.genealogi.net\/nova\/wp-content\/uploads\/2026\/03\/20191217_183158-edited.jpg 2184w, https:\/\/www.genealogi.net\/nova\/wp-content\/uploads\/2026\/03\/20191217_183158-edited-300x260.jpg 300w, https:\/\/www.genealogi.net\/nova\/wp-content\/uploads\/2026\/03\/20191217_183158-edited-1024x886.jpg 1024w, https:\/\/www.genealogi.net\/nova\/wp-content\/uploads\/2026\/03\/20191217_183158-edited-768x665.jpg 768w, https:\/\/www.genealogi.net\/nova\/wp-content\/uploads\/2026\/03\/20191217_183158-edited-1536x1329.jpg 1536w, https:\/\/www.genealogi.net\/nova\/wp-content\/uploads\/2026\/03\/20191217_183158-edited-2048x1772.jpg 2048w\" sizes=\"auto, (max-width: 2184px) 100vw, 2184px\" \/><\/figure>\n<\/div><\/div>\n\n\n\n<div style=\"height:38px\" aria-hidden=\"true\" class=\"wp-block-spacer\"><\/div>\n\n\n\n<p>Sedan starten 1933 har dock GF \u00e4ven skapat <em>samlingar<\/em> och <em>register<\/em> f\u00f6r att underl\u00e4tta f\u00f6r sl\u00e4ktforskare. Det \u00e4r den absolut st\u00f6rsta delen av f\u00f6reningsarkivet och omfattar idag ca &nbsp;52 hyllmeter samt ett stort antal kortregister. GF arbetar sedan l\u00e4nge med att att s\u00e5v\u00e4l digitalisera (fotografera\/skanna samt skapa digitala register) dessa samlingar som att detta tillg\u00e4ngligt (fr\u00e4mst p\u00e5 v\u00e5ra medlemssidor).<\/p>\n\n\n\n<p>GFs egna samlingar och register finns i f\u00f6reningsarkivet under signum F1 och F2 (se nedan). L\u00e4nkar leder till ytterligare information p\u00e5 hemsidan:<\/p>\n\n\n\n<h2 class=\"wp-block-heading\">Arkivf\u00f6rteckning<\/h2>\n\n\n\n<h3 class=\"wp-block-heading\">A Protokoll<\/h3>\n\n\n\n<p>A1 \u00c5rsm\u00f6tesprotokoll<br>A2 Styrelseprotokoll<br>A3 Protokoll styrelsens arbetsutskott<br>A4 \u00d6vriga protokoll<\/p>\n\n\n\n<h3 class=\"wp-block-heading\">B Utg\u00e5ende handlingar<strong>&nbsp;<\/strong><\/h3>\n\n\n\n<p>B1 Verksamhetsber\u00e4ttelser<br>B2 Publikationer<br>B2A Arkivexemplar GF:s medlemsblad<br>B2B Arkivexemplar Sl\u00e4kt och h\u00e4vd (SoH)<br>B2C Arkivexemplar \u201dGF-aktuellt\u201d (GFA)<br>B2D Arkivexemplar \u201dSkrifter utgivna av Genealogiska F\u00f6reningen\u201d<br>B2E Arkivexemplar \u201dGenealogiska F\u00f6reningens sl\u00e4ktb\u00f6cker\u201d<br>B2F Arkivexemplar \u201dSvenska sl\u00e4kter\u201d<br>B2G Arkivexemplar \u201dSvensk Genealogisk Tidskrift\u201d<\/p>\n\n\n\n<h3 class=\"wp-block-heading\">D Liggare och register&nbsp;<\/h3>\n\n\n\n<p>D1 Medlemsregister<br>D2 Bes\u00f6ksliggare<br>D3 \u00c4mbetsarkiv f\u00f6r \u201dSl\u00e4ktforskarnas arkiv och bibliotek\u201d<br>D3A \u00c4mbetsarkiv f\u00f6r \u201dSl\u00e4ktforskarnas arkiv och bibliotek\u201d: Arkivet<br>D3B \u00c4mbetsarkiv f\u00f6r \u201dSl\u00e4ktforskarnas arkiv och bibliotek\u201d: Biblioteket<br>D4 Kalendarier<br>D5 F\u00f6rs\u00e4ljning av dubbletter<\/p>\n\n\n\n<h3 class=\"wp-block-heading\">E Inkomna handlingar<\/h3>\n\n\n\n<p>E1 In- och utg\u00e5ende korrespondens<\/p>\n\n\n\n<h3 class=\"wp-block-heading\">F Handlingar ordnade efter \u00e4mne<strong>&nbsp;<\/strong><\/h3>\n\n\n\n<h4 class=\"wp-block-heading\">F1 Samlingar skapade av GF&nbsp;<\/h4>\n\n\n\n<p>F1A <a href=\"http:\/\/www.genealogi.net\/a-o\/klipparkivets-namnregister\/\">Familjenotiser<\/a> (har tidigare kallats f\u00f6r \u201dTidningsklipp ordnade efter sl\u00e4ktnamn\u201d och &#8221;Klipparkivet&#8221;)<\/p>\n\n\n\n<ul class=\"wp-block-list\">\n<li>Volym 1A\u2013131 Svenska Dagbladet 1936\u20131966<\/li>\n\n\n\n<li>Volym 132\u2013719 Svenska Dagbladet 1967\u20131990 &amp; Dagens Nyheter 1967\u20131990<\/li>\n\n\n\n<li>Volym 720\u2013734 Dalsl\u00e4nningen 1967\u20131999<\/li>\n\n\n\n<li>Volym 735\u2013742 Stockholmstidningen 1939\u20131945<\/li>\n\n\n\n<li>Volym 743\u2013751 \u00d6stg\u00f6tabladet 1903\u20131927<\/li>\n<\/ul>\n\n\n\n<p>F1B1 <a href=\"https:\/\/www.genealogi.net\/nova\/gfwp\/wp-admin\/post.php?post=14076&amp;action=edit\">H\u00e4ngmappsarkivet. Sl\u00e4ktvis ordnade anteckningar  (= Sl\u00e4ktnamnsarkivet)<\/a><br>F1B2 <a href=\"https:\/\/www.genealogi.net\/nova\/gfwp\/wp-admin\/post.php?post=14076&amp;action=edit\">H\u00e4ngmappsarkivet. Geografiskt ordnade anteckningar  (= Geografiska arkivet)<\/a><br>F1C&nbsp;<a href=\"http:\/\/www.genealogi.net\/a-o\/sok-i-gfs-ovriga-samlingar\/\">Invandrade sl\u00e4kter<\/a><br>F1D Samling av sl\u00e4ktforskningsblanketter<br>F1E&nbsp;\u00d6versiktsf\u00f6rteckningar \u00f6ver Sveriges kyrkoarkiv 1600-talet &#8211; 1860<br>F1F Samling av antavlor, stamtavlor och \u00e4garl\u00e4ngder i stort format<\/p>\n\n\n\n<h4 class=\"wp-block-heading\">F2 Register skapade av GF<\/h4>\n\n\n\n<p>F2A Antavleregister (r\u00f6da kort)<br>F2B Stamtavleregister (r\u00f6da kort)<br>F2C Geografiskt register (vita kort)<br>F2D &nbsp;<a href=\"http:\/\/www.genealogi.net\/a-o\/slaktkartoteket\/\">Sl\u00e4ktnamnsregister<\/a> (bl\u00e5\/vita kort)<br>F2E <a href=\"https:\/\/www.genealogi.net\/nova\/projekt\/familjenotiser-1700-och-1800-tal\/\">Register till personella notiser m.m. i Post- och inrikestidningar<\/a><br>F2F Personregister \u00f6ver likpredikningar och verser \u00f6ver enskilda<\/p>\n\n\n\n<ul class=\"wp-block-list\">\n<li>Observera att <em>F2F&nbsp;Personregister \u00f6ver likpredikningar och verser \u00f6ver enskilda<\/em>&nbsp;\u00e4r ett personregister \u00f6ver likpredikningar som finns hos KB. Inga av dessa likpredikningar finns allts\u00e5 hos GF. Den <a href=\"http:\/\/www.genealogi.net\/a-o\/likpredikningar\/\" target=\"_self\" rel=\"noopener\">personf\u00f6rteckning \u00f6ver likpredikningar som finns p\u00e5 \u00f6ppna sidan<\/a> omfattar de likpredikningar som finns i GF:s Hintzesamling (se enskilda arkiv). De finns allts\u00e5 fysiskt hos GF.<\/li>\n<\/ul>\n\n\n\n<p>F2G <a href=\"http:\/\/www.genealogi.net\/a-o\/sok-i-gfs-ovriga-samlingar\/\">Register till personnotiser i \u201dStockholms Weckoblad\u201d 1745-1774<\/a><br>F2H Register till genealogiska handskriftssamlingar m.m.<br>F2I Register \u00f6ver sl\u00e4ktf\u00f6reningar<br>F2J F\u00f6rfattarregister och f\u00f6rkortningar<br>F2K <a href=\"https:\/\/www.genealogi.net\/nova\/projekt\/familjenotiser-1700-och-1800-tal\/\">Register till personella notiser m.m. i Lunds Weckoblad<\/a><br>F2L <a href=\"https:\/\/www.genealogi.net\/nova\/projekt\/familjenotiser-1700-och-1800-tal\/\">Register till personella notiser m.m. i G\u00f6teborgs Nyheter<\/a><br>F2M <a href=\"https:\/\/www.genealogi.net\/nova\/projekt\/familjenotiser-1700-och-1800-tal\/\">Register till personella notiser m.m. i Norrk\u00f6pings Tidningar<\/a><br>F2N Register till personella notiser m.m. i Karlskrona Veckoblad<\/p>\n\n\n\n<h4 class=\"wp-block-heading\">F3 Handlingar r\u00f6rande olika projekt och verksamhetsgrenar intill 2005&nbsp;<\/h4>\n\n\n\n<p>F3A Handlingar r\u00f6rande jubileer<br>F3B Handlingar r\u00f6rande bildandet av Sveriges sl\u00e4ktforskarf\u00f6rbund<br>F3C Handlingar i olika \u00e4mnen 1933\u20132005<\/p>\n\n\n\n<h4 class=\"wp-block-heading\">F4 Handlingar r\u00f6rande olika projekt och verksamhetsgrenar efter 2005&nbsp;<\/h4>\n\n\n\n<p>F4A Produkter<br>F4B Register<br>F4C Arbetsgrupper<br>F4D Projekt<\/p>\n\n\n\n<h3 class=\"wp-block-heading\">G R\u00e4kenskape<strong>r<\/strong><\/h3>\n\n\n\n<p>G1 Bokslut<br>G2 Diverse ekonomiska handlingar<br>G3 Verifikationer<\/p>\n\n\n\n<h3 class=\"wp-block-heading\">K Fotografier<\/h3>\n\n\n\n<p>K1 GF:s samling av fotografier fr\u00e5n verksamheten<\/p>\n\n\n\n<h3 class=\"wp-block-heading\">L Trycksaker<\/h3>\n\n\n\n<p>L1 Tidningsklipp om GF och sl\u00e4ktforskning<\/p>\n\n\n\n<h3 class=\"wp-block-heading\">\u00d6 F\u00f6rem\u00e5lssamling<strong>&nbsp;<\/strong><\/h3>\n","protected":false},"excerpt":{"rendered":"<p>GFs verksamhet finns dokumenterad i f\u00f6reningsarkivet. Det best\u00e5r dels av de vanliga handlingar som \u00e5terfinns i ett f\u00f6reningsarkiv, men h\u00e4r finns \u00e4ven mycket material som kan anv\u00e4ndas f\u00f6r att f\u00e5 kunskap om den svenska sl\u00e4ktforskarr\u00f6relsens historia. F\u00f6reningsarkivet fysiska del finns i ett rullhyllesystem i f\u00f6reningslokalen. Se nedan. Merparten av de handlingar som verksamheten idag genererar &#8230; <a title=\"F\u00f6reningsarkivet\" class=\"read-more\" href=\"https:\/\/www.genealogi.net\/nova\/samlingarna\/arkivet\/genealogiska-foreningens-arkiv\/\" aria-label=\"L\u00e4s mer om F\u00f6reningsarkivet\">L\u00e4s mer<\/a><\/p>\n","protected":false},"author":2,"featured_media":9196,"parent":8689,"menu_order":0,"comment_status":"closed","ping_status":"closed","template":"","meta":{"footnotes":""},"class_list":["post-8693","page","type-page","status-publish","has-post-thumbnail"],"_links":{"self":[{"href":"https:\/\/www.genealogi.net\/nova\/wp-json\/wp\/v2\/pages\/8693","targetHints":{"allow":["GET"]}}],"collection":[{"href":"https:\/\/www.genealogi.net\/nova\/wp-json\/wp\/v2\/pages"}],"about":[{"href":"https:\/\/www.genealogi.net\/nova\/wp-json\/wp\/v2\/types\/page"}],"author":[{"embeddable":true,"href":"https:\/\/www.genealogi.net\/nova\/wp-json\/wp\/v2\/users\/2"}],"replies":[{"embeddable":true,"href":"https:\/\/www.genealogi.net\/nova\/wp-json\/wp\/v2\/comments?post=8693"}],"version-history":[{"count":11,"href":"https:\/\/www.genealogi.net\/nova\/wp-json\/wp\/v2\/pages\/8693\/revisions"}],"predecessor-version":[{"id":19325,"href":"https:\/\/www.genealogi.net\/nova\/wp-json\/wp\/v2\/pages\/8693\/revisions\/19325"}],"up":[{"embeddable":true,"href":"https:\/\/www.genealogi.net\/nova\/wp-json\/wp\/v2\/pages\/8689"}],"wp:featuredmedia":[{"embeddable":true,"href":"https:\/\/www.genealogi.net\/nova\/wp-json\/wp\/v2\/media\/9196"}],"wp:attachment":[{"href":"https:\/\/www.genealogi.net\/nova\/wp-json\/wp\/v2\/media?parent=8693"}],"curies":[{"name":"wp","href":"https:\/\/api.w.org\/{rel}","templated":true}]}}