{"id":875,"date":"2014-01-03T23:25:28","date_gmt":"2014-01-04T01:25:28","guid":{"rendered":"http:\/\/www.genealogi.net\/medlem\/?page_id=875"},"modified":"2014-01-03T23:25:28","modified_gmt":"2014-01-04T01:25:28","slug":"sok-i-personregistret","status":"publish","type":"page","link":"https:\/\/www.genealogi.net\/nova\/inrikes-pass\/sok-i-personregistret\/","title":{"rendered":"S\u00f6k i databasen"},"content":{"rendered":"<p><a title=\"Nya s\u00f6kfunktionen (\u00f6ppnas i ny sida)\" href=\"\/util\/prod\/regpass\/search\" target=\"_blank\" rel=\"noopener\"><img decoding=\"async\" style=\"width: 211px; height: 48px; float: left; margin-left: 5px; margin-right: 5px;\" src=\"https:\/\/www.genealogi.net\/nova\/wp-content\/uploads\/2014\/01\/Inrikespassregister.png\" alt=\"Inrikespassregister\" \/><\/a><\/p>\n<div>\n<h1><\/h1>\n<h1>\u00a0(s\u00f6kfunktionen \u00f6ppnas i ny sida)<\/h1>\n<h1><strong>S\u00e5 h\u00e4r g\u00f6r du en god s\u00f6kning i databasen!<\/strong><\/h1>\n<p>Om du \u00e4r h\u00e4r f\u00f6rsta g\u00e5ngen eller inte varit h\u00e4r p\u00e5 ett tag: b\u00f6rja med att titta p\u00e5 vad databasen omfattar. Klicka p\u00e5 &#8221;Karta&#8221; i menyraden p\u00e5 s\u00f6ksidan (n\u00e4r du tryckt p\u00e5 den ljusbl\u00e5 knappen ovan). Du f\u00e5r se tv\u00e5 kartor \u00f6ver Sverige d\u00e4r vi redovisar antalet avfotograferade handlingar fr\u00e5n olika delar av landet och antalet registrerade poster f\u00f6r varje stad och l\u00e4n. L\u00e4ngst ner p\u00e5 sidan hittar du ett stapeldiagram d\u00e4r du f\u00f6r varje \u00e5r kan se hur m\u00e5nga poster som har registrerats (s\u00e4tt mark\u00f6ren \u00f6ver respektive stapel s\u00e5 kommer det upp en liten ruta med uppgiften). Nu har du f\u00e5tt en uppfattning av var i landet och under vilken tidsperiod du har goda chanser att f\u00e5 en tr\u00e4ff.<\/p>\n<h2>Tre grundregler<\/h2>\n<ol>\n<li>Precis som i andra s\u00f6kregister g\u00e4ller h\u00e4r regeln att b\u00f6rja med en bred s\u00f6kning. Fyll i s\u00e5 f\u00e5 f\u00e4lt som m\u00f6jligt vid din f\u00f6rsta s\u00f6kning. Om du f\u00e5r m\u00e5nga tr\u00e4ffar kan du f\u00f6rfina s\u00f6kningen och komma ner i ett hanterbart antal tr\u00e4ffar.<\/li>\n<li>Fyll i s\u00f6kf\u00e4lt d\u00e4r information ofta har registrerats. I f\u00e4lten &#8221;Titel&#8221;, &#8221;Efternamn&#8221;, &#8221;Datum&#8221;, &#8221;Fr\u00e5n&#8221;, &#8221;Till&#8221; och &#8221;Utf\u00e4rdad&#8221; (Ort f\u00f6r k\u00e4llan) finns information i 90% eller mer av de registrerade posterna. F\u00e4ltet &#8221;F\u00f6rnamn&#8221; \u00e4r klurigt att s\u00f6ka i eftersom f\u00f6rnamn ofta f\u00f6rkortades eller ersattes av initialer.<\/li>\n<li>Var gener\u00f6s med %-tecken. Om du g\u00f6r en s\u00f6kning och d\u00e5 b\u00f6rjar med att fylla i &#8221;Lindstr\u00f6m&#8221; i efternamnsf\u00e4ltet f\u00e5r du l\u00e5ngt \u00f6ver 1 000 tr\u00e4ffar. Om du s\u00f6ker en skomakare Bernhard Lindstr\u00f6m som verkade i V\u00e4xj\u00f6 p\u00e5 1810-talet s\u00e5 kan du prova med att nu i f\u00f6rnamnsf\u00e4ltet l\u00e4gga till &#8221;B%&#8221;. %-tecknet ers\u00e4tter valfritt antal tecken. Din s\u00f6kning ger dig nu tr\u00e4ffar p\u00e5 &#8221;B&#8221;, &#8221;B.&#8221;, &#8221;B:&#8221; och &#8221;Bernh.&#8221;<\/li>\n<\/ol>\n<p>Med dessa tre grundregler kommer du l\u00e5ngt. V\u00e4rt att kommentera \u00e4r \u00e4ven de b\u00e5da funktionerna &#8221;Gruppera&#8221; och &#8221;Sortera&#8221; l\u00e4ngst ner i s\u00f6krutan. Med &#8221;Gruppera&#8221; kan du utifr\u00e5n ett s\u00f6kf\u00e4lt som du sj\u00e4lv v\u00e4ljer f\u00e5 reda p\u00e5 hur m\u00e5nga poster som har just den stavningen p\u00e5 en titel, ett namn, ett datum och s\u00e5 vidare. Med &#8221;Sortera&#8221; kan du f\u00e5 s\u00f6kresultaten sorterade i bokstavs- eller datumordning. Om du d\u00e4r v\u00e4ljer t. ex. &#8221;F\u00f6rnamn&#8221; s\u00e5 f\u00e5r du s\u00f6kresultaten sorterade med f\u00f6rnamnen i bokstavsordning. Ett exempel: om du vill leta registreringar p\u00e5 Bernhard Lindstr\u00f6m men d\u00e4r f\u00f6rnamnet inte har noterats kan du v\u00e4lja att sortera s\u00f6kresultatet efter f\u00f6rnamn. D\u00e5 f\u00e5r du allra f\u00f6rst alla poster som saknar f\u00f6rnamn och du kan r\u00e4tt s\u00e5 l\u00e4tt s\u00f6ka igenom dessa f\u00f6r att se om d\u00e4r finns en skomakare!<\/p>\n<p>Vid registreringen har vi valt att skriva av uppgifterna bokstavstroget. S\u00f6kfunktionen inneh\u00e5ller ocks\u00e5 en \u00f6vers\u00e4ttningstabell s\u00e5 att man f\u00e5r tr\u00e4ff p\u00e5 ett efternamn, en titel eller ett ortnamn oavsett hur det har registrerats och oavsett hur vi stavar det n\u00e4r vi g\u00f6r s\u00f6kningen. Men denna tabell med synonymer bygger vi upp manuellt s\u00e5 sj\u00e4lvfallet kan den ha sk\u00f6nhetsfl\u00e4ckar. Prova att s\u00f6ka p\u00e5 ett t. ex. ett efternamn med valfri stavning (utan %-tecken) och se vilka stavningsvarianter du f\u00e5r upp. Prova sedan om du kan hitta namnet med %-tecken p\u00e5 l\u00e4mpligt st\u00e4lle f\u00f6r att hitta alternativa stavningsvarianter alternativt felstavningar.<\/p>\n<\/div>\n<div>Fakta <a href=\"https:\/\/www.genealogi.net\/nova\/databaser\/databaser-med-digitiserad-kalla\/inrikes-pass\/\" target=\"_blank\" rel=\"noopener\">om inrikes pass och v\u00e5rt projekt<\/a> (l\u00e4nken g\u00e5r till GFs \u00f6ppna webbsidor)<\/div>\n<div><\/div>\n","protected":false},"excerpt":{"rendered":"<p>\u00a0(s\u00f6kfunktionen \u00f6ppnas i ny sida) S\u00e5 h\u00e4r g\u00f6r du en god s\u00f6kning i databasen! Om du \u00e4r h\u00e4r f\u00f6rsta g\u00e5ngen eller inte varit h\u00e4r p\u00e5 ett tag: b\u00f6rja med att titta p\u00e5 vad databasen omfattar. Klicka p\u00e5 &#8221;Karta&#8221; i menyraden p\u00e5 s\u00f6ksidan (n\u00e4r du tryckt p\u00e5 den ljusbl\u00e5 knappen ovan). Du f\u00e5r se tv\u00e5 kartor &#8230; <a title=\"S\u00f6k i databasen\" class=\"read-more\" href=\"https:\/\/www.genealogi.net\/nova\/inrikes-pass\/sok-i-personregistret\/\" aria-label=\"L\u00e4s mer om S\u00f6k i databasen\">L\u00e4s mer<\/a><\/p>\n","protected":false},"author":2,"featured_media":279,"parent":18376,"menu_order":10,"comment_status":"closed","ping_status":"closed","template":"","meta":{"footnotes":""},"class_list":["post-875","page","type-page","status-publish","has-post-thumbnail"],"_links":{"self":[{"href":"https:\/\/www.genealogi.net\/nova\/wp-json\/wp\/v2\/pages\/875","targetHints":{"allow":["GET"]}}],"collection":[{"href":"https:\/\/www.genealogi.net\/nova\/wp-json\/wp\/v2\/pages"}],"about":[{"href":"https:\/\/www.genealogi.net\/nova\/wp-json\/wp\/v2\/types\/page"}],"author":[{"embeddable":true,"href":"https:\/\/www.genealogi.net\/nova\/wp-json\/wp\/v2\/users\/2"}],"replies":[{"embeddable":true,"href":"https:\/\/www.genealogi.net\/nova\/wp-json\/wp\/v2\/comments?post=875"}],"version-history":[{"count":0,"href":"https:\/\/www.genealogi.net\/nova\/wp-json\/wp\/v2\/pages\/875\/revisions"}],"up":[{"embeddable":true,"href":"https:\/\/www.genealogi.net\/nova\/wp-json\/wp\/v2\/pages\/18376"}],"wp:featuredmedia":[{"embeddable":true,"href":"https:\/\/www.genealogi.net\/nova\/wp-json\/wp\/v2\/media\/279"}],"wp:attachment":[{"href":"https:\/\/www.genealogi.net\/nova\/wp-json\/wp\/v2\/media?parent=875"}],"curies":[{"name":"wp","href":"https:\/\/api.w.org\/{rel}","templated":true}]}}