{"id":8771,"date":"2016-05-15T12:48:41","date_gmt":"2016-05-15T10:48:41","guid":{"rendered":"http:\/\/www.genealogi.net\/?page_id=8771"},"modified":"2026-03-15T13:23:24","modified_gmt":"2026-03-15T12:23:24","slug":"natpublikationer-sgs","status":"publish","type":"page","link":"https:\/\/www.genealogi.net\/nova\/natpublikationer-sgs\/","title":{"rendered":"SGS N\u00e4tpublikationer"},"content":{"rendered":"\n<p class=\"has-text-align-left\">Svenska Genealogiska Samfundet (SGS) bildades 2004 och startade 2007 utgivningen av Svensk Genealogisk Tidskrift (SGT). I v\u00e4ntan p\u00e5 att SGT skulle starta producerades ett mindre antal digitala sm\u00e5skrifter. Vid \u00e5rsskiftet 2015\/2016 lades SGS ned och GF tog \u00f6ver utgivningen av SGT fr\u00e5n och med 2016. I samband med detta \u00e5tog sig GF att tillg\u00e4ngligg\u00f6ra n\u00e4tpublikationerna p\u00e5 sin hemsida.<\/p>\n\n\n\n<p>N\u00e4tpublikationerna bestod av tre serier: <em>Sm\u00e5skrifter<\/em>, <em>Genealogiska n\u00e4tbiblioteket<\/em> samt <em>Metodik och hj\u00e4lpmedel<\/em>. <\/p>\n\n\n\n<h2 class=\"wp-block-heading\">Sm\u00e5skrifter<\/h2>\n\n\n\n<p>Detta var en publikationsform f\u00f6r mindre genealogiska arbeten om varierande \u00e4mnen. Det kan exempelvis r\u00f6ra sig om person-, g\u00e5rds- eller bygdegenealogier, helt frist\u00e5ende artiklar eller artiklar t\u00e4nkta att ing\u00e5 som delar i st\u00f6rre arbeten.<\/p>\n\n\n\n<ul class=\"wp-block-list\">\n<li>Ludmila Werkstr\u00f6m,\u00a0<a href=\"http:\/\/www.genealogi.net\/pdf\/2009_SGS1B9-A_Ryska_utredningskommissionen_1919-2.pdf\" target=\"_blank\" rel=\"noopener\">Privatpersoner i Ryska utredningskommissionen 1919<\/a>, 2009:1. Se \u00e4ven f\u00f6rfattarens artikel i Svensk Genealogisk Tidskrift 2009:1.<\/li>\n\n\n\n<li>Stig \u00d6stensson, <a href=\"http:\/\/www.genealogi.net\/pdf\/20050716_SGS1B6-A_Spanor_fran_min_verkstad.pdf\" target=\"_blank\" rel=\"noopener\">Sp\u00e5nor fr\u00e5n min verkstad<\/a>, 2005:1.<\/li>\n\n\n\n<li>Michael Lundholm, <a href=\"http:\/\/www.genealogi.net\/pdf\/20050523_SGS1A9-A_Ryttaren_Fortmejer.pdf\" target=\"_blank\" rel=\"noopener\">Ryttaren Nils Fortmejer,<\/a> 2005:2.<\/li>\n\n\n\n<li>Michael Lundholm, <a href=\"http:\/\/www.genealogi.net\/pdf\/20050814_SGS1B1-A_Karna_Nilsdotter.pdf\" target=\"_blank\" rel=\"noopener\">Karna Nilsdotter i Stoby<\/a> (L), 2005:3.<\/li>\n\n\n\n<li>Anders Ryberg, <a href=\"http:\/\/www.genealogi.net\/pdf\/20050815_SGS1B7-A_Peder_Staffansson.pdf\" target=\"_blank\" rel=\"noopener\">Peder Staffansson<\/a> (tjurhuvud?), 2005:4.<\/li>\n\n\n\n<li>Michael Lundholm, <a href=\"http:\/\/www.genealogi.net\/pdf\/SGS1B8-A_CG_Jonsson-1.pdf\" target=\"_blank\" rel=\"noopener\">Carl Gustaf Jonsson och hans \u00e4ttlingar<\/a>, 2005:5.<\/li>\n<\/ul>\n\n\n\n<h2 class=\"wp-block-heading\">Genealogiska n\u00e4tbiblioteket<\/h2>\n\n\n\n<p>Originaltexten gjordes tillg\u00e4nglig i tekniskt moderniserad form f\u00f6r att man ska kunna anv\u00e4nda datorhj\u00e4lpmedel som s\u00f6kning osv, och ocks\u00e5 i skannad form s\u00e5 att man kan f\u00e5 en uppfattning om hur ursprungstexten s\u00e5g ut. F\u00f6r publikationer i den h\u00e4r serien kunde eventuella r\u00e4ttelser och kompletteringar l\u00e4mnas i en bilaga redan vid f\u00f6rsta publiceringen.<\/p>\n\n\n\n<ul class=\"wp-block-list\">\n<li>Anders Winroth, <a href=\"http:\/\/www.genealogi.net\/pdf\/20050515_SGS1A4-A_Persbo.pdf\" target=\"_blank\" rel=\"noopener\">Persbo<\/a>, 2005:1.<\/li>\n\n\n\n<li>Karl-Henrik Karlsson, <a href=\"http:\/\/www.genealogi.net\/pdf\/20050515_SGS1A8-A_Tre_rosor.pdf\" target=\"_blank\" rel=\"noopener\">Tre rosor<\/a>, 2005:2.<\/li>\n\n\n\n<li>Karl-Henrik Karlsson, <a href=\"http:\/\/www.genealogi.net\/pdf\/20050530_SGS1B0-A_Axelson_Bonde.pdf\" target=\"_blank\" rel=\"noopener\">Axelss\u00f6nernas sl\u00e4ktskap med Bonde\u00e4tten<\/a>, 2005:3.<\/li>\n\n\n\n<li>Karl-Henrik Karlsson, <a href=\"http:\/\/www.genealogi.net\/pdf\/20050530_SGS1B2-A_Hertig_Bengt_Algotsson.pdf\" target=\"_blank\" rel=\"noopener\">Hertig Bengt Algotssons f\u00e4derne-sl\u00e4gt<\/a>, 2005:4.<\/li>\n\n\n\n<li>Elisabeth Thorsell, <a href=\"http:\/\/www.genealogi.net\/pdf\/20050621_SGS1B5-A_Drama.pdf\" target=\"_blank\" rel=\"noopener\">Drama i \u00d6verum 1884<\/a>, 2005:5.<\/li>\n<\/ul>\n\n\n\n<h2 class=\"wp-block-heading\">Metoder och hj\u00e4lpmedel<\/h2>\n\n\n\n<p>Serien var fr\u00e4mst inriktad p\u00e5 hj\u00e4lpmedel att producera n\u00e4tpublikationerna.<\/p>\n\n\n\n<ul class=\"wp-block-list\">\n<li>Per-\u00c5ke Svensson, Michael Lundholm, Anders Ryberg, Anders Winroth, <a href=\"https:\/\/www.genealogi.net\/nova\/wp-content\/uploads\/2026\/03\/SGS1A1-A-Publiceringsmall-f_r-SGS.pdf\">Mall f\u00f6r SGS N\u00e4tpublikationer. Dokumentutformning vid publicering<\/a>, 2005:1.<\/li>\n\n\n\n<li>Per-\u00c5ke Svensson, Michael Lundholm, Anders Ryberg, Anders Winroth, <a href=\"https:\/\/www.genealogi.net\/nova\/wp-content\/uploads\/2026\/03\/003-Att-skriva-en-SGS-Smaskrift-.pdf\">Att skriva en SGS Sm\u00e5skrift<\/a>, 2005:2.<\/li>\n\n\n\n<li>Per-\u00c5ke Svensson, Michael Lundholm, Anders Ryberg, Anders Winroth, <a href=\"https:\/\/www.genealogi.net\/nova\/wp-content\/uploads\/2026\/03\/SGS2004101B-Stilmall-f_rSGS-skrif.pdf\">Mall f\u00f6r SGS N\u00e4tpublikationer. Bara det n\u00f6dv\u00e4ndigaste f\u00f6r en f\u00f6rfattare<\/a>, 2005:3.<\/li>\n\n\n\n<li>Per-\u00c5ke Svensson, Michael Lundholm, Anders Ryberg, Anders Winroth, <a href=\"https:\/\/www.genealogi.net\/nova\/wp-content\/uploads\/2026\/03\/004-SGS-Natpublikationsserier-Publikationsserier-identifiering-och-bibliografiska-uppgifter.pdf\">SGS N\u00e4tpublikationsserier. Publikationsserier, identifiering och bibliografiska uppgifter<\/a>, 2005:4.<\/li>\n<\/ul>\n\n\n\n<p><\/p>\n","protected":false},"excerpt":{"rendered":"<p>Svenska Genealogiska Samfundet (SGS) bildades 2004 och startade 2007 utgivningen av Svensk Genealogisk Tidskrift (SGT). I v\u00e4ntan p\u00e5 att SGT skulle starta producerades ett mindre antal digitala sm\u00e5skrifter. Vid \u00e5rsskiftet 2015\/2016 lades SGS ned och GF tog \u00f6ver utgivningen av SGT fr\u00e5n och med 2016. I samband med detta \u00e5tog sig GF att tillg\u00e4ngligg\u00f6ra n\u00e4tpublikationerna &#8230; <a title=\"SGS N\u00e4tpublikationer\" class=\"read-more\" href=\"https:\/\/www.genealogi.net\/nova\/natpublikationer-sgs\/\" aria-label=\"L\u00e4s mer om SGS N\u00e4tpublikationer\">L\u00e4s mer<\/a><\/p>\n","protected":false},"author":2,"featured_media":0,"parent":0,"menu_order":50,"comment_status":"closed","ping_status":"closed","template":"","meta":{"footnotes":""},"class_list":["post-8771","page","type-page","status-publish"],"_links":{"self":[{"href":"https:\/\/www.genealogi.net\/nova\/wp-json\/wp\/v2\/pages\/8771","targetHints":{"allow":["GET"]}}],"collection":[{"href":"https:\/\/www.genealogi.net\/nova\/wp-json\/wp\/v2\/pages"}],"about":[{"href":"https:\/\/www.genealogi.net\/nova\/wp-json\/wp\/v2\/types\/page"}],"author":[{"embeddable":true,"href":"https:\/\/www.genealogi.net\/nova\/wp-json\/wp\/v2\/users\/2"}],"replies":[{"embeddable":true,"href":"https:\/\/www.genealogi.net\/nova\/wp-json\/wp\/v2\/comments?post=8771"}],"version-history":[{"count":3,"href":"https:\/\/www.genealogi.net\/nova\/wp-json\/wp\/v2\/pages\/8771\/revisions"}],"predecessor-version":[{"id":18870,"href":"https:\/\/www.genealogi.net\/nova\/wp-json\/wp\/v2\/pages\/8771\/revisions\/18870"}],"wp:attachment":[{"href":"https:\/\/www.genealogi.net\/nova\/wp-json\/wp\/v2\/media?parent=8771"}],"curies":[{"name":"wp","href":"https:\/\/api.w.org\/{rel}","templated":true}]}}