{"id":9835,"date":"2016-12-14T00:08:45","date_gmt":"2016-12-13T22:08:45","guid":{"rendered":"http:\/\/www.genealogi.net\/?page_id=9835"},"modified":"2016-12-14T00:08:45","modified_gmt":"2016-12-13T22:08:45","slug":"prenumerera-pa-slakt-och-havd","status":"publish","type":"page","link":"https:\/\/www.genealogi.net\/nova\/prenumerera-pa-slakt-och-havd\/","title":{"rendered":"Prenumerera p\u00e5 Sl\u00e4kt och H\u00e4vd"},"content":{"rendered":"<p>\n\tF&ouml;reningar, f&ouml;retag och andra organisationer kan som juridisk person prenumerera p&aring; medlemstidskriften <strong>Sl&auml;kt och H&auml;vd<\/strong>.\n<\/p>\n<p>\n\t<img loading=\"lazy\" decoding=\"async\" alt=\"\" class=\"alignleft size-full wp-image-9201\" height=\"145\" src=\"http:\/\/www.genealogi.net\/gfwp\/wp-content\/uploads\/2016\/08\/SoH-mini.jpg\" width=\"253\" \/>Tidskriften ges ut fyra g&aring;nger per &aring;r &ndash; ibland trycks tv&aring; nummer som dubbelnummer.\n<\/p>\n<p>\n\t<strong>Prenumerationsavgiften &auml;r 250 kr, inkl porto. (F&ouml;r organisationer utomlands &auml;r kostnaden 360 kr inkl porto).<\/strong>\n<\/p>\n<p>\n\t<span style=\"color:#B22222;\"><strong>Prenumerera<\/strong> genom att s&auml;tta in summan p&aring; bankgiro 749-4016.<br \/>\n\tSkriv in organisationsnamn, adress, e-postadress samt &quot;SoH&quot;.<br \/>\n\tAlternativt kontakta GFs expedition: <\/span><a href=\"mailto:gf@genealogi.net?subject=Prenumeration%20av%20SGT\"><span style=\"color:#B22222;\">gf(a)genealogi.net<\/span><\/a>\n<\/p>\n<p>\n\tSoH erbjuder m&ouml;jlighet att dokumentera sl&auml;ktforskningsr&ouml;n eller -erfarenheter som kan vara intressanta och l&auml;rorika f&ouml;r sl&auml;ktforskare. Det kan r&ouml;ra sig om genealogiska fr&aring;gest&auml;llningar som ber&ouml;r s&aring;v&auml;l slott som koja och f&ouml;rh&aring;llanden alltifr&aring;n medeltiden till v&aring;r egen tid.<br \/>\n\t(Medlemmar i Genealogiska F&ouml;reningen f&aring;r Sl&auml;kt och H&auml;vd utan prenumeration).<\/p>\n","protected":false},"excerpt":{"rendered":"<p>F&ouml;reningar, f&ouml;retag och andra organisationer kan som juridisk person prenumerera p&aring; medlemstidskriften Sl&auml;kt och H&auml;vd. Tidskriften ges ut fyra g&aring;nger per &aring;r &ndash; ibland trycks tv&aring; nummer som dubbelnummer. Prenumerationsavgiften &auml;r 250 kr, inkl porto. (F&ouml;r organisationer utomlands &auml;r kostnaden 360 kr inkl porto). Prenumerera genom att s&auml;tta in summan p&aring; bankgiro 749-4016. Skriv in &#8230; <a title=\"Prenumerera p\u00e5 Sl\u00e4kt och H\u00e4vd\" class=\"read-more\" href=\"https:\/\/www.genealogi.net\/nova\/prenumerera-pa-slakt-och-havd\/\" aria-label=\"L\u00e4s mer om Prenumerera p\u00e5 Sl\u00e4kt och H\u00e4vd\">L\u00e4s mer<\/a><\/p>\n","protected":false},"author":2,"featured_media":9324,"parent":0,"menu_order":0,"comment_status":"closed","ping_status":"closed","template":"","meta":{"footnotes":""},"class_list":["post-9835","page","type-page","status-publish","has-post-thumbnail"],"_links":{"self":[{"href":"https:\/\/www.genealogi.net\/nova\/wp-json\/wp\/v2\/pages\/9835","targetHints":{"allow":["GET"]}}],"collection":[{"href":"https:\/\/www.genealogi.net\/nova\/wp-json\/wp\/v2\/pages"}],"about":[{"href":"https:\/\/www.genealogi.net\/nova\/wp-json\/wp\/v2\/types\/page"}],"author":[{"embeddable":true,"href":"https:\/\/www.genealogi.net\/nova\/wp-json\/wp\/v2\/users\/2"}],"replies":[{"embeddable":true,"href":"https:\/\/www.genealogi.net\/nova\/wp-json\/wp\/v2\/comments?post=9835"}],"version-history":[{"count":0,"href":"https:\/\/www.genealogi.net\/nova\/wp-json\/wp\/v2\/pages\/9835\/revisions"}],"wp:featuredmedia":[{"embeddable":true,"href":"https:\/\/www.genealogi.net\/nova\/wp-json\/wp\/v2\/media\/9324"}],"wp:attachment":[{"href":"https:\/\/www.genealogi.net\/nova\/wp-json\/wp\/v2\/media?parent=9835"}],"curies":[{"name":"wp","href":"https:\/\/api.w.org\/{rel}","templated":true}]}}